{"id":6190,"date":"2025-11-05T13:51:06","date_gmt":"2025-11-05T12:51:06","guid":{"rendered":"https:\/\/www.moszczanica.pl\/?page_id=6190"},"modified":"2025-11-17T16:39:06","modified_gmt":"2025-11-17T15:39:06","slug":"szkolny-klub-krotkofalowcow-sp9sw","status":"publish","type":"page","link":"https:\/\/www.moszczanica.pl\/index.php\/szkolny-klub-krotkofalowcow-sp9sw\/","title":{"rendered":"Szkolny Klub Kr\u00f3tkofalowc\u00f3w SP9SW"},"content":{"rendered":"\t\t<div data-elementor-type=\"wp-page\" data-elementor-id=\"6190\" class=\"elementor elementor-6190\" data-elementor-post-type=\"page\">\n\t\t\t\t<div class=\"elementor-element elementor-element-62294ed e-flex e-con-boxed e-con e-parent\" data-id=\"62294ed\" data-element_type=\"container\">\n\t\t\t\t\t<div class=\"e-con-inner\">\n\t\t\t\t<div class=\"elementor-element elementor-element-c9936fd elementor-widget elementor-widget-text-editor\" data-id=\"c9936fd\" data-element_type=\"widget\" data-widget_type=\"text-editor.default\">\n\t\t\t\t<div class=\"elementor-widget-container\">\n\t\t\t\t\t\t\t\t\t<h4><span style=\"color: #000000;\"><br \/>Szkolny Klub Kr\u00f3tkofalowc\u00f3w SP9SW<\/span><\/h4>\t\t\t\t\t\t\t\t<\/div>\n\t\t\t\t<\/div>\n\t\t\t\t\t<\/div>\n\t\t\t\t<\/div>\n\t\t<div class=\"elementor-element elementor-element-dbcf350 e-flex e-con-boxed e-con e-parent\" data-id=\"dbcf350\" data-element_type=\"container\">\n\t\t\t\t\t<div class=\"e-con-inner\">\n\t\t\t\t<div class=\"elementor-element elementor-element-bc954cd elementor-widget elementor-widget-text-editor\" data-id=\"bc954cd\" data-element_type=\"widget\" data-widget_type=\"text-editor.default\">\n\t\t\t\t<div class=\"elementor-widget-container\">\n\t\t\t\t\t\t\t\t\t<h6>\u00a0<\/h6><h6><span style=\"color: #000000;\"><strong>Kr\u00f3tkofalarstwo&#8212;CO TO JEST<\/strong> ???<\/span><\/h6><h6><span style=\"color: #000000;\">Kr\u00f3tkofalarstwo (radioamatorstwo) to hobby polegaj\u0105ce na nawi\u0105zywaniu \u0142\u0105czno\u015bci na r\u00f3\u017cnych zakresach fal radiowych. Mimo popularno\u015bci Internetu i telefon\u00f3w kom\u00f3rkowych atrakcyjno\u015b\u0107 kr\u00f3tkofalarstwa jest bardzo du\u017ca.<\/span><\/h6><h6><span style=\"color: #000000;\">\u0141\u0105czno\u015b\u0107 radiowa umo\u017cliwia poznanie wielu ciekawych ludzi. Na falach eteru mo\u017cna porozmawia\u0107 z lud\u017ami nadaj\u0105cymi z egzotycznych miejsc, jak wyspy na Pacyfiku, stacje badawcze na Antarktydzie a nawet z kosmonautami z Mi\u0119dzynarodowej Stacji Kosmicznej! Przeprowadzon\u0105 \u0142\u0105czno\u015b\u0107 potwierdza si\u0119 pami\u0105tkowymi kartami QSL<\/span><\/h6><h6><span style=\"color: #000000;\">Kr\u00f3tkofalowcy s\u0105 w stanie zapewni\u0107 \u0142\u0105czno\u015b\u0107 nawet gdy nie dzia\u0142a sie\u0107 telefoniczna, kom\u00f3rkowa Internet a w gniazdku nie ma pr\u0105du. Wystarczy alternatywne \u017ar\u00f3d\u0142o zasilania (akumulator lub ma\u0142y generator) i antena. Dzi\u0119ki temu stacje amatorskie mog\u0105 tworzy\u0107 alternatywn\u0105 sie\u0107 \u0142\u0105czno\u015bci w razie kataklizm\u00f3w.<\/span><\/h6><h6><span style=\"color: #000000;\">Do u\u017cywania radiostacji amatorskiej potrzebne jest \u015bwiadectwo operatora urz\u0105dze\u0144 radiowych oraz pozwolenie, do uzyskania kt\u00f3rych uprawnia zdanie egzaminu. Egzamin nie jest trudny a jego zdanie u\u0142atwia ucz\u0119szczanie na jeden z wielu kurs\u00f3w organizowanych przez kluby kr\u00f3tkofalarskie. Najlepiej pierwsze kroki w kr\u00f3tkofalarstwie rozpocz\u0105\u0107 od uzyskania licencji nas\u0142uchowej, kt\u00f3ra nie wymaga zdawania egzaminu. Wystarczy uda\u0107 si\u0119 do jednego z Oddzia\u0142\u00f3w Terenowych PZK i uzyska\u0107 licencj\u0119 oraz cz\u0142onkostwo w organizacji.<\/span><\/h6><h6>\u00a0<\/h6><h6><span style=\"color: #000000;\"><strong>Szkolny Klub Kr\u00f3tkofalowc\u00f3w SP9SW<\/strong><\/span><\/h6><h6><span style=\"color: #000000;\">Skoro m\u0142odzie\u017c ch\u0119ci wyra\u017ca i podejmuje inicjatyw\u0119 jest to dla nas wielka rado\u015b\u0107.<\/span><\/h6><h6><span style=\"color: #000000;\">\u00a0W ZSAiO\u00a0 w \u017bywcu\u00a0 przy wsp\u00f3\u0142udziale \u017cywieckich kr\u00f3tkofalowc\u00f3w z klubu\u00a0 \u201cSP9PSB\u201d w listopadzie 2021r powo\u0142ano do istnienia Szkolny Klub Kr\u00f3tkofalowc\u00f3w SP9SW. Zarz\u0105d klubu sk\u0142ada si\u0119 z uczni\u00f3w klas mundurowych, grupa liczy\u0142a ok 30-stu uczni\u00f3w z r\u00f3\u017cnych klas.<\/span><\/h6><h6><span style=\"color: #000000;\">My\u015bl\u0105 przewodni\u0105 s\u0105 s\u0142owa patrona szko\u0142y J\u00f3zefa Pi\u0142sudskiego:<\/span><\/h6><h6><span style=\"color: #000000;\"><strong>\u00a0,,<\/strong><strong>\u0141\u0105czno\u015b\u0107 w wojsku podczas wojennych wypadk\u00f3w jest tak\u0105 sam\u0105 broni\u0105 jak armata, karabin maszynowy, jak kuchnia polowa, jak w\u00f3z amunicyjny kompanii. (\u2026) Bez \u0142\u0105czno\u015bci bowiem nie ma i by\u0107 nie mo\u017ce skoordynowanej pracy wojska, nie ma z\u0142\u0105czenia wysi\u0142k\u00f3w krwawych \u017co\u0142nierza dla odniesienia zwyci\u0119stwa i krew ludzka leje si\u0119 darmo, leje si\u0119 niepotrzebnie&#8217;<\/strong><\/span><\/h6><h6><span style=\"color: #000000;\">Zezwolenie na prac\u0119 w eterze uzyska\u0142 23.11.2021 roku, jednocze\u015bnie otrzymuj\u0105c znak <strong>SP9SW<\/strong>.<\/span><\/h6><h6><span style=\"color: #000000;\">Pierwsze \u0142\u0105czno\u015bci przeprowadzali\u015bmy ju\u017c w listopadzie ale by\u0142y to pr\u00f3by sprz\u0119tu i nauka poprawnego prowadzenia \u0142\u0105czno\u015bci na pasmach amatorskich \u2013 a ju\u017c od grudnia 2021 roku dzia\u0142ali\u015bmy normaln\u0105 prac\u0105 w eterze.Pierwsze zawody &#8222;Barb\u00f3rka 2021&#8221;\u00a0 21 miejsce\u00a0 uczymy si\u0119 jest dobrze. Rok szkolny 2024\/2025 zdobyte 100 dyplom\u00f3w i dalej si\u0119 uczymy \u017ceby by\u0142o wi\u0119cej.<\/span><\/h6><h6><span style=\"color: #000000;\">Radioklub mie\u015bci si\u0119 w pomieszczeniach Bursy na ul. Moszczanickiej 9\u00a0 wej\u015bcie od strony parkingu.<\/span><\/h6><h6><span style=\"color: #000000;\">Okres amatorskiej dzia\u0142alno\u015bci radioklubu na pasmach kr\u00f3tkofalarskich (KF i UKF) to tysi\u0105ce QSO, czyli \u0142\u0105czno\u015bci ze wszystkimi kontynentami \u015awiata, udzia\u0142 w zawodach krajowych i zagranicznych, ogromna ilo\u015b\u0107 dyplom\u00f3w. Praca we wszystkich trybach: CW, SSB i DIGI (RTTY, FT8, FT4 ect.)<\/span><\/h6><h6><span style=\"color: #000000;\">W naszym klubie rozpoczynaj\u0105 prac\u0119 w eterze przyszli pasjonaci kr\u00f3tkofalarstwa, kt\u00f3rzy w\u00a0 egzaminach uzyskiwali pozwolenia radioamatorskie.<\/span><\/h6><h6><span style=\"color: #000000;\">Szkolny Klub Kr\u00f3tkofalowc\u00f3w SP9SW jest jednym z trzech radioklub\u00f3w \u017cywieckich nale\u017c\u0105cych do Polskiego Zwi\u0105zku Kr\u00f3tkofalowc\u00f3w .<\/span><\/h6><h6><span style=\"color: #000000;\">Klub nie posiada w\u0142asnego sprz\u0119tu korzysta ze sprz\u0119tu \u017bywieckiego Klubu Kr\u00f3tkofalowc\u00f3w SP9PSB<\/span><\/h6><h6><span style=\"color: #000000;\">TRX: TS440 , Motorola GM360, IC718 Anteny: Long Wire 41 oraz GP-7<\/span><\/h6><h6>\u00a0<\/h6><h6><span style=\"color: #000000;\">Celami dzia\u0142ania Klubu s\u0105:<\/span><\/h6><ol><li><h6><span style=\"color: #000000;\">Integracja \u015brodowisk kr\u00f3tkofalarskich regionu i ca\u0142ej Polski.<\/span><\/h6><\/li><li><h6><span style=\"color: #000000;\">Organizowanie Zast\u0119pczych Sieci \u0141\u0105czno\u015bci na pro\u015bb\u0119 instytucji i organizacji w sytuacjach zagro\u017ce\u0144 i kl\u0119sk \u017cywio\u0142owych,<\/span><\/h6><\/li><li><h6><span style=\"color: #000000;\">Doskonalenie umiej\u0119tno\u015bci z zakresu techniki radiowej i operatorskiej<\/span><\/h6><\/li><li><h6><span style=\"color: #000000;\">Poszerzanie wiedzy z zakresu \u0142\u0105czno\u015bci kryzysowych meteorologii i ratownictwa<\/span><\/h6><\/li><li><h6><span style=\"color: #000000;\">Wspieranie og\u00f3lnopolskich dzia\u0142a\u0144 grupy SP EmCom PZK oraz innych Stowarzysze\u0144 zwi\u0105zanych z \u0142\u0105czno\u015bciami kryzysowymi.<\/span><\/h6><\/li><li><h6><span style=\"color: #000000;\">Organizowanie terenowych i mobilnych punkt\u00f3w \u0142\u0105czno\u015bci i stacji meteorologicznych<\/span><\/h6><\/li><li><h6><span style=\"color: #000000;\">Dzia\u0142alno\u015b\u0107 na rzecz edukacji, o\u015bwiaty i wychowania oraz wypoczynku dzieci i m\u0142odzie\u017cy;<\/span><\/h6><\/li><li><h6><span style=\"color: #000000;\">Wymiana do\u015bwiadcze\u0144 i informacji, aktywna praca operatorska na pasmach amatorskich oraz praca w zawodach krajowych i mi\u0119dzynarodowych pod przyznanym znakiem wywo\u0142awczym.<\/span><\/h6><\/li><li><h6><span style=\"color: #000000;\">Propagowanie w kontaktach radiowych i osobistych, regionu, Powiatu \u017bywieckiego , miasta \u017bywca i Zespo\u0142u Szk\u00f3\u0142 Agrotechnicznych i Og\u00f3lnokszta\u0142c\u0105cych w \u017bywcu.<\/span><\/h6><\/li><li><h6><span style=\"color: #000000;\">Wymiana kart QSL za przeprowadzenie \u0142\u0105czno\u015bci.<\/span><\/h6><\/li><li><h6><span style=\"color: #000000;\">Propagowanie idei ratownictwa i niesienia pomocy<\/span><\/h6><\/li><\/ol><h6>\u00a0<\/h6><h6><span style=\"color: #000000;\">Zarz\u0105d klubu wybierany jest na okres jednego roku szkolnego.<\/span><\/h6><h6><span style=\"color: #000000;\">W roku szkolnym 2025\/2026 funkcj\u0119 kierownika szkolnego klubu pe\u0142ni Wiktoria Pach.<\/span><\/h6><h6><span style=\"color: #000000;\">Na radiostacji pod znakiem klubowym SP9SW mog\u0105 pracowa\u0107 wszyscy uczniowie ZSAiO pod nadzorem uprawnionego operatora z klubu SP9PSB.Zapraszamy<\/span><\/h6><h6><span style=\"color: #000000;\">Wi\u0119cej informacji na temat dzia\u0142alno\u015bci mo\u017cna zobaczy\u0107 na FB strona Szkolny Klub Kr\u00f3tkofalowc\u00f3w SP9SW.<\/span><\/h6>\t\t\t\t\t\t\t\t<\/div>\n\t\t\t\t<\/div>\n\t\t\t\t\t<\/div>\n\t\t\t\t<\/div>\n\t\t<div class=\"elementor-element elementor-element-9618be1 e-flex e-con-boxed e-con e-parent\" data-id=\"9618be1\" data-element_type=\"container\">\n\t\t\t\t\t<div class=\"e-con-inner\">\n\t\t\t\t<div class=\"elementor-element elementor-element-911c34d elementor-widget elementor-widget-button\" data-id=\"911c34d\" data-element_type=\"widget\" data-widget_type=\"button.default\">\n\t\t\t\t<div class=\"elementor-widget-container\">\n\t\t\t\t\t\t\t\t\t<div class=\"elementor-button-wrapper\">\n\t\t\t\t\t<a class=\"elementor-button elementor-button-link elementor-size-sm\" href=\"\/wp-content\/uploads\/2025\/11\/Regulamin_klubu_PZK_ZSAiO.pdf\" target=\"_blank\">\n\t\t\t\t\t\t<span class=\"elementor-button-content-wrapper\">\n\t\t\t\t\t\t<span class=\"elementor-button-icon\">\n\t\t\t\t<svg aria-hidden=\"true\" class=\"e-font-icon-svg e-far-file-pdf\" viewBox=\"0 0 384 512\" xmlns=\"http:\/\/www.w3.org\/2000\/svg\"><path d=\"M369.9 97.9L286 14C277 5 264.8-.1 252.1-.1H48C21.5 0 0 21.5 0 48v416c0 26.5 21.5 48 48 48h288c26.5 0 48-21.5 48-48V131.9c0-12.7-5.1-25-14.1-34zM332.1 128H256V51.9l76.1 76.1zM48 464V48h160v104c0 13.3 10.7 24 24 24h104v288H48zm250.2-143.7c-12.2-12-47-8.7-64.4-6.5-17.2-10.5-28.7-25-36.8-46.3 3.9-16.1 10.1-40.6 5.4-56-4.2-26.2-37.8-23.6-42.6-5.9-4.4 16.1-.4 38.5 7 67.1-10 23.9-24.9 56-35.4 74.4-20 10.3-47 26.2-51 46.2-3.3 15.8 26 55.2 76.1-31.2 22.4-7.4 46.8-16.5 68.4-20.1 18.9 10.2 41 17 55.8 17 25.5 0 28-28.2 17.5-38.7zm-198.1 77.8c5.1-13.7 24.5-29.5 30.4-35-19 30.3-30.4 35.7-30.4 35zm81.6-190.6c7.4 0 6.7 32.1 1.8 40.8-4.4-13.9-4.3-40.8-1.8-40.8zm-24.4 136.6c9.7-16.9 18-37 24.7-54.7 8.3 15.1 18.9 27.2 30.1 35.5-20.8 4.3-38.9 13.1-54.8 19.2zm131.6-5s-5 6-37.3-7.8c35.1-2.6 40.9 5.4 37.3 7.8z\"><\/path><\/svg>\t\t\t<\/span>\n\t\t\t\t\t\t\t\t\t<span class=\"elementor-button-text\">Regulamin klubu PZK przy ZSAiO<\/span>\n\t\t\t\t\t<\/span>\n\t\t\t\t\t<\/a>\n\t\t\t\t<\/div>\n\t\t\t\t\t\t\t\t<\/div>\n\t\t\t\t<\/div>\n\t\t\t\t\t<\/div>\n\t\t\t\t<\/div>\n\t\t<div class=\"elementor-element elementor-element-773328e e-flex e-con-boxed e-con e-parent\" data-id=\"773328e\" data-element_type=\"container\">\n\t\t\t\t\t<div class=\"e-con-inner\">\n\t\t\t\t<div class=\"elementor-element elementor-element-408946b elementor-widget elementor-widget-button\" data-id=\"408946b\" data-element_type=\"widget\" data-widget_type=\"button.default\">\n\t\t\t\t<div class=\"elementor-widget-container\">\n\t\t\t\t\t\t\t\t\t<div class=\"elementor-button-wrapper\">\n\t\t\t\t\t<a class=\"elementor-button elementor-button-link elementor-size-sm\" href=\"\/wp-content\/uploads\/2025\/11\/SP9SW_pozwolenie_radiowe.pdf\" target=\"_blank\">\n\t\t\t\t\t\t<span class=\"elementor-button-content-wrapper\">\n\t\t\t\t\t\t<span class=\"elementor-button-icon\">\n\t\t\t\t<svg aria-hidden=\"true\" class=\"e-font-icon-svg e-far-file-pdf\" viewBox=\"0 0 384 512\" xmlns=\"http:\/\/www.w3.org\/2000\/svg\"><path d=\"M369.9 97.9L286 14C277 5 264.8-.1 252.1-.1H48C21.5 0 0 21.5 0 48v416c0 26.5 21.5 48 48 48h288c26.5 0 48-21.5 48-48V131.9c0-12.7-5.1-25-14.1-34zM332.1 128H256V51.9l76.1 76.1zM48 464V48h160v104c0 13.3 10.7 24 24 24h104v288H48zm250.2-143.7c-12.2-12-47-8.7-64.4-6.5-17.2-10.5-28.7-25-36.8-46.3 3.9-16.1 10.1-40.6 5.4-56-4.2-26.2-37.8-23.6-42.6-5.9-4.4 16.1-.4 38.5 7 67.1-10 23.9-24.9 56-35.4 74.4-20 10.3-47 26.2-51 46.2-3.3 15.8 26 55.2 76.1-31.2 22.4-7.4 46.8-16.5 68.4-20.1 18.9 10.2 41 17 55.8 17 25.5 0 28-28.2 17.5-38.7zm-198.1 77.8c5.1-13.7 24.5-29.5 30.4-35-19 30.3-30.4 35.7-30.4 35zm81.6-190.6c7.4 0 6.7 32.1 1.8 40.8-4.4-13.9-4.3-40.8-1.8-40.8zm-24.4 136.6c9.7-16.9 18-37 24.7-54.7 8.3 15.1 18.9 27.2 30.1 35.5-20.8 4.3-38.9 13.1-54.8 19.2zm131.6-5s-5 6-37.3-7.8c35.1-2.6 40.9 5.4 37.3 7.8z\"><\/path><\/svg>\t\t\t<\/span>\n\t\t\t\t\t\t\t\t\t<span class=\"elementor-button-text\">SP9SW pozwolenie radiowe<\/span>\n\t\t\t\t\t<\/span>\n\t\t\t\t\t<\/a>\n\t\t\t\t<\/div>\n\t\t\t\t\t\t\t\t<\/div>\n\t\t\t\t<\/div>\n\t\t\t\t\t<\/div>\n\t\t\t\t<\/div>\n\t\t<div class=\"elementor-element elementor-element-f8c2b72 e-flex e-con-boxed e-con e-parent\" data-id=\"f8c2b72\" data-element_type=\"container\">\n\t\t\t\t\t<div class=\"e-con-inner\">\n\t\t\t\t<div class=\"elementor-element elementor-element-4e19817 elementor-widget elementor-widget-gallery\" data-id=\"4e19817\" data-element_type=\"widget\" data-settings=\"{&quot;lazyload&quot;:&quot;yes&quot;,&quot;gallery_layout&quot;:&quot;grid&quot;,&quot;columns&quot;:4,&quot;columns_tablet&quot;:2,&quot;columns_mobile&quot;:1,&quot;gap&quot;:{&quot;unit&quot;:&quot;px&quot;,&quot;size&quot;:10,&quot;sizes&quot;:[]},&quot;gap_widescreen&quot;:{&quot;unit&quot;:&quot;px&quot;,&quot;size&quot;:&quot;&quot;,&quot;sizes&quot;:[]},&quot;gap_laptop&quot;:{&quot;unit&quot;:&quot;px&quot;,&quot;size&quot;:10,&quot;sizes&quot;:[]},&quot;gap_tablet_extra&quot;:{&quot;unit&quot;:&quot;px&quot;,&quot;size&quot;:10,&quot;sizes&quot;:[]},&quot;gap_tablet&quot;:{&quot;unit&quot;:&quot;px&quot;,&quot;size&quot;:10,&quot;sizes&quot;:[]},&quot;gap_mobile_extra&quot;:{&quot;unit&quot;:&quot;px&quot;,&quot;size&quot;:10,&quot;sizes&quot;:[]},&quot;gap_mobile&quot;:{&quot;unit&quot;:&quot;px&quot;,&quot;size&quot;:10,&quot;sizes&quot;:[]},&quot;link_to&quot;:&quot;file&quot;,&quot;aspect_ratio&quot;:&quot;3:2&quot;,&quot;overlay_background&quot;:&quot;yes&quot;,&quot;content_hover_animation&quot;:&quot;fade-in&quot;}\" data-widget_type=\"gallery.default\">\n\t\t\t\t<div class=\"elementor-widget-container\">\n\t\t\t\t\t\t\t<div class=\"elementor-gallery__container\">\n\t\t\t\t\t\t\t<a class=\"e-gallery-item elementor-gallery-item elementor-animated-content\" href=\"https:\/\/www.moszczanica.pl\/wp-content\/uploads\/2025\/11\/491355635_666345066144496_608698265615297570_n.jpg\" data-elementor-open-lightbox=\"yes\" data-elementor-lightbox-slideshow=\"4e19817\" data-elementor-lightbox-title=\"491355635_666345066144496_608698265615297570_n\" data-e-action-hash=\"#elementor-action%3Aaction%3Dlightbox%26settings%3DeyJpZCI6NjIwOSwidXJsIjoiaHR0cHM6XC9cL3d3dy5tb3N6Y3phbmljYS5wbFwvd3AtY29udGVudFwvdXBsb2Fkc1wvMjAyNVwvMTFcLzQ5MTM1NTYzNV82NjYzNDUwNjYxNDQ0OTZfNjA4Njk4MjY1NjE1Mjk3NTcwX24uanBnIiwic2xpZGVzaG93IjoiNGUxOTgxNyJ9\">\n\t\t\t\t\t<div class=\"e-gallery-image elementor-gallery-item__image\" data-thumbnail=\"https:\/\/www.moszczanica.pl\/wp-content\/uploads\/2025\/11\/491355635_666345066144496_608698265615297570_n-300x225.jpg\" data-width=\"300\" data-height=\"225\" aria-label=\"\" role=\"img\" ><\/div>\n\t\t\t\t\t\t\t\t\t\t\t<div class=\"elementor-gallery-item__overlay\"><\/div>\n\t\t\t\t\t\t\t\t\t\t\t\t\t\t<\/a>\n\t\t\t\t\t\t\t<a class=\"e-gallery-item elementor-gallery-item elementor-animated-content\" href=\"https:\/\/www.moszczanica.pl\/wp-content\/uploads\/2025\/11\/497578616_1282921820502053_7100670860580298175_n.jpg\" data-elementor-open-lightbox=\"yes\" data-elementor-lightbox-slideshow=\"4e19817\" data-elementor-lightbox-title=\"497578616_1282921820502053_7100670860580298175_n\" data-e-action-hash=\"#elementor-action%3Aaction%3Dlightbox%26settings%3DeyJpZCI6NjIxMSwidXJsIjoiaHR0cHM6XC9cL3d3dy5tb3N6Y3phbmljYS5wbFwvd3AtY29udGVudFwvdXBsb2Fkc1wvMjAyNVwvMTFcLzQ5NzU3ODYxNl8xMjgyOTIxODIwNTAyMDUzXzcxMDA2NzA4NjA1ODAyOTgxNzVfbi5qcGciLCJzbGlkZXNob3ciOiI0ZTE5ODE3In0%3D\">\n\t\t\t\t\t<div class=\"e-gallery-image elementor-gallery-item__image\" data-thumbnail=\"https:\/\/www.moszczanica.pl\/wp-content\/uploads\/2025\/11\/497578616_1282921820502053_7100670860580298175_n-221x300.jpg\" data-width=\"221\" data-height=\"300\" aria-label=\"\" role=\"img\" ><\/div>\n\t\t\t\t\t\t\t\t\t\t\t<div class=\"elementor-gallery-item__overlay\"><\/div>\n\t\t\t\t\t\t\t\t\t\t\t\t\t\t<\/a>\n\t\t\t\t\t\t\t<a class=\"e-gallery-item elementor-gallery-item elementor-animated-content\" href=\"https:\/\/www.moszczanica.pl\/wp-content\/uploads\/2025\/11\/Dyplom-wedany-2022r.png\" data-elementor-open-lightbox=\"yes\" data-elementor-lightbox-slideshow=\"4e19817\" data-elementor-lightbox-title=\"Dyplom wedany 2022r\" data-e-action-hash=\"#elementor-action%3Aaction%3Dlightbox%26settings%3DeyJpZCI6NjIxMywidXJsIjoiaHR0cHM6XC9cL3d3dy5tb3N6Y3phbmljYS5wbFwvd3AtY29udGVudFwvdXBsb2Fkc1wvMjAyNVwvMTFcL0R5cGxvbS13ZWRhbnktMjAyMnIucG5nIiwic2xpZGVzaG93IjoiNGUxOTgxNyJ9\">\n\t\t\t\t\t<div class=\"e-gallery-image elementor-gallery-item__image\" data-thumbnail=\"https:\/\/www.moszczanica.pl\/wp-content\/uploads\/2025\/11\/Dyplom-wedany-2022r-300x208.png\" data-width=\"300\" data-height=\"208\" aria-label=\"\" role=\"img\" ><\/div>\n\t\t\t\t\t\t\t\t\t\t\t<div class=\"elementor-gallery-item__overlay\"><\/div>\n\t\t\t\t\t\t\t\t\t\t\t\t\t\t<\/a>\n\t\t\t\t\t\t\t<a class=\"e-gallery-item elementor-gallery-item elementor-animated-content\" href=\"https:\/\/www.moszczanica.pl\/wp-content\/uploads\/2025\/11\/capture-20211230-201133.png\" data-elementor-open-lightbox=\"yes\" data-elementor-lightbox-slideshow=\"4e19817\" data-elementor-lightbox-title=\"capture-20211230-201133\" data-e-action-hash=\"#elementor-action%3Aaction%3Dlightbox%26settings%3DeyJpZCI6NjIxMiwidXJsIjoiaHR0cHM6XC9cL3d3dy5tb3N6Y3phbmljYS5wbFwvd3AtY29udGVudFwvdXBsb2Fkc1wvMjAyNVwvMTFcL2NhcHR1cmUtMjAyMTEyMzAtMjAxMTMzLnBuZyIsInNsaWRlc2hvdyI6IjRlMTk4MTcifQ%3D%3D\">\n\t\t\t\t\t<div class=\"e-gallery-image elementor-gallery-item__image\" data-thumbnail=\"https:\/\/www.moszczanica.pl\/wp-content\/uploads\/2025\/11\/capture-20211230-201133-300x214.png\" data-width=\"300\" data-height=\"214\" aria-label=\"\" role=\"img\" ><\/div>\n\t\t\t\t\t\t\t\t\t\t\t<div class=\"elementor-gallery-item__overlay\"><\/div>\n\t\t\t\t\t\t\t\t\t\t\t\t\t\t<\/a>\n\t\t\t\t\t\t\t<a class=\"e-gallery-item elementor-gallery-item elementor-animated-content\" href=\"https:\/\/www.moszczanica.pl\/wp-content\/uploads\/2025\/11\/491957554_666346859477650_7730904918514704357_n.jpg\" data-elementor-open-lightbox=\"yes\" data-elementor-lightbox-slideshow=\"4e19817\" data-elementor-lightbox-title=\"491957554_666346859477650_7730904918514704357_n\" data-e-action-hash=\"#elementor-action%3Aaction%3Dlightbox%26settings%3DeyJpZCI6NjIxMCwidXJsIjoiaHR0cHM6XC9cL3d3dy5tb3N6Y3phbmljYS5wbFwvd3AtY29udGVudFwvdXBsb2Fkc1wvMjAyNVwvMTFcLzQ5MTk1NzU1NF82NjYzNDY4NTk0Nzc2NTBfNzczMDkwNDkxODUxNDcwNDM1N19uLmpwZyIsInNsaWRlc2hvdyI6IjRlMTk4MTcifQ%3D%3D\">\n\t\t\t\t\t<div class=\"e-gallery-image elementor-gallery-item__image\" data-thumbnail=\"https:\/\/www.moszczanica.pl\/wp-content\/uploads\/2025\/11\/491957554_666346859477650_7730904918514704357_n-300x169.jpg\" data-width=\"300\" data-height=\"169\" aria-label=\"\" role=\"img\" ><\/div>\n\t\t\t\t\t\t\t\t\t\t\t<div class=\"elementor-gallery-item__overlay\"><\/div>\n\t\t\t\t\t\t\t\t\t\t\t\t\t\t<\/a>\n\t\t\t\t\t\t\t<a class=\"e-gallery-item elementor-gallery-item elementor-animated-content\" href=\"https:\/\/www.moszczanica.pl\/wp-content\/uploads\/2025\/11\/IMG_20211201_151914832_HDR.jpg\" data-elementor-open-lightbox=\"yes\" data-elementor-lightbox-slideshow=\"4e19817\" data-elementor-lightbox-title=\"IMG_20211201_151914832_HDR\" data-e-action-hash=\"#elementor-action%3Aaction%3Dlightbox%26settings%3DeyJpZCI6NjIwNCwidXJsIjoiaHR0cHM6XC9cL3d3dy5tb3N6Y3phbmljYS5wbFwvd3AtY29udGVudFwvdXBsb2Fkc1wvMjAyNVwvMTFcL0lNR18yMDIxMTIwMV8xNTE5MTQ4MzJfSERSLmpwZyIsInNsaWRlc2hvdyI6IjRlMTk4MTcifQ%3D%3D\">\n\t\t\t\t\t<div class=\"e-gallery-image elementor-gallery-item__image\" data-thumbnail=\"https:\/\/www.moszczanica.pl\/wp-content\/uploads\/2025\/11\/IMG_20211201_151914832_HDR-300x225.jpg\" data-width=\"300\" data-height=\"225\" aria-label=\"\" role=\"img\" ><\/div>\n\t\t\t\t\t\t\t\t\t\t\t<div class=\"elementor-gallery-item__overlay\"><\/div>\n\t\t\t\t\t\t\t\t\t\t\t\t\t\t<\/a>\n\t\t\t\t\t\t\t<a class=\"e-gallery-item elementor-gallery-item elementor-animated-content\" href=\"https:\/\/www.moszczanica.pl\/wp-content\/uploads\/2025\/11\/262514746_2960358797561910_2632442299312100799_n.jpg\" data-elementor-open-lightbox=\"yes\" data-elementor-lightbox-slideshow=\"4e19817\" data-elementor-lightbox-title=\"262514746_2960358797561910_2632442299312100799_n\" data-e-action-hash=\"#elementor-action%3Aaction%3Dlightbox%26settings%3DeyJpZCI6NjIwOCwidXJsIjoiaHR0cHM6XC9cL3d3dy5tb3N6Y3phbmljYS5wbFwvd3AtY29udGVudFwvdXBsb2Fkc1wvMjAyNVwvMTFcLzI2MjUxNDc0Nl8yOTYwMzU4Nzk3NTYxOTEwXzI2MzI0NDIyOTkzMTIxMDA3OTlfbi5qcGciLCJzbGlkZXNob3ciOiI0ZTE5ODE3In0%3D\">\n\t\t\t\t\t<div class=\"e-gallery-image elementor-gallery-item__image\" data-thumbnail=\"https:\/\/www.moszczanica.pl\/wp-content\/uploads\/2025\/11\/262514746_2960358797561910_2632442299312100799_n-225x300.jpg\" data-width=\"225\" data-height=\"300\" aria-label=\"\" role=\"img\" ><\/div>\n\t\t\t\t\t\t\t\t\t\t\t<div class=\"elementor-gallery-item__overlay\"><\/div>\n\t\t\t\t\t\t\t\t\t\t\t\t\t\t<\/a>\n\t\t\t\t\t\t\t<a class=\"e-gallery-item elementor-gallery-item elementor-animated-content\" href=\"https:\/\/www.moszczanica.pl\/wp-content\/uploads\/2025\/11\/262499169_605896114051799_7315308453753060879_n.jpg\" data-elementor-open-lightbox=\"yes\" data-elementor-lightbox-slideshow=\"4e19817\" data-elementor-lightbox-title=\"262499169_605896114051799_7315308453753060879_n\" data-e-action-hash=\"#elementor-action%3Aaction%3Dlightbox%26settings%3DeyJpZCI6NjIwNywidXJsIjoiaHR0cHM6XC9cL3d3dy5tb3N6Y3phbmljYS5wbFwvd3AtY29udGVudFwvdXBsb2Fkc1wvMjAyNVwvMTFcLzI2MjQ5OTE2OV82MDU4OTYxMTQwNTE3OTlfNzMxNTMwODQ1Mzc1MzA2MDg3OV9uLmpwZyIsInNsaWRlc2hvdyI6IjRlMTk4MTcifQ%3D%3D\">\n\t\t\t\t\t<div class=\"e-gallery-image elementor-gallery-item__image\" data-thumbnail=\"https:\/\/www.moszczanica.pl\/wp-content\/uploads\/2025\/11\/262499169_605896114051799_7315308453753060879_n-225x300.jpg\" data-width=\"225\" data-height=\"300\" aria-label=\"\" role=\"img\" ><\/div>\n\t\t\t\t\t\t\t\t\t\t\t<div class=\"elementor-gallery-item__overlay\"><\/div>\n\t\t\t\t\t\t\t\t\t\t\t\t\t\t<\/a>\n\t\t\t\t\t\t\t<a class=\"e-gallery-item elementor-gallery-item elementor-animated-content\" href=\"https:\/\/www.moszczanica.pl\/wp-content\/uploads\/2025\/11\/IMG_20211204_175901664_HDR.jpg\" data-elementor-open-lightbox=\"yes\" data-elementor-lightbox-slideshow=\"4e19817\" data-elementor-lightbox-title=\"IMG_20211204_175901664_HDR\" data-e-action-hash=\"#elementor-action%3Aaction%3Dlightbox%26settings%3DeyJpZCI6NjIwNiwidXJsIjoiaHR0cHM6XC9cL3d3dy5tb3N6Y3phbmljYS5wbFwvd3AtY29udGVudFwvdXBsb2Fkc1wvMjAyNVwvMTFcL0lNR18yMDIxMTIwNF8xNzU5MDE2NjRfSERSLmpwZyIsInNsaWRlc2hvdyI6IjRlMTk4MTcifQ%3D%3D\">\n\t\t\t\t\t<div class=\"e-gallery-image elementor-gallery-item__image\" data-thumbnail=\"https:\/\/www.moszczanica.pl\/wp-content\/uploads\/2025\/11\/IMG_20211204_175901664_HDR-300x225.jpg\" data-width=\"300\" data-height=\"225\" aria-label=\"\" role=\"img\" ><\/div>\n\t\t\t\t\t\t\t\t\t\t\t<div class=\"elementor-gallery-item__overlay\"><\/div>\n\t\t\t\t\t\t\t\t\t\t\t\t\t\t<\/a>\n\t\t\t\t\t\t\t<a class=\"e-gallery-item elementor-gallery-item elementor-animated-content\" href=\"https:\/\/www.moszczanica.pl\/wp-content\/uploads\/2025\/11\/IMG_20211005_091503105_HDR.jpg\" data-elementor-open-lightbox=\"yes\" data-elementor-lightbox-slideshow=\"4e19817\" data-elementor-lightbox-title=\"IMG_20211005_091503105_HDR\" data-e-action-hash=\"#elementor-action%3Aaction%3Dlightbox%26settings%3DeyJpZCI6NjIwNSwidXJsIjoiaHR0cHM6XC9cL3d3dy5tb3N6Y3phbmljYS5wbFwvd3AtY29udGVudFwvdXBsb2Fkc1wvMjAyNVwvMTFcL0lNR18yMDIxMTAwNV8wOTE1MDMxMDVfSERSLmpwZyIsInNsaWRlc2hvdyI6IjRlMTk4MTcifQ%3D%3D\">\n\t\t\t\t\t<div class=\"e-gallery-image elementor-gallery-item__image\" data-thumbnail=\"https:\/\/www.moszczanica.pl\/wp-content\/uploads\/2025\/11\/IMG_20211005_091503105_HDR-300x225.jpg\" data-width=\"300\" data-height=\"225\" aria-label=\"\" role=\"img\" ><\/div>\n\t\t\t\t\t\t\t\t\t\t\t<div class=\"elementor-gallery-item__overlay\"><\/div>\n\t\t\t\t\t\t\t\t\t\t\t\t\t\t<\/a>\n\t\t\t\t\t<\/div>\n\t\t\t\t\t<\/div>\n\t\t\t\t<\/div>\n\t\t\t\t\t<\/div>\n\t\t\t\t<\/div>\n\t\t\t\t<\/div>\n\t\t","protected":false},"excerpt":{"rendered":"<p>Szkolny Klub Kr\u00f3tkofalowc\u00f3w SP9SW \u00a0 Kr\u00f3tkofalarstwo&#8212;CO TO JEST ??? Kr\u00f3tkofalarstwo (radioamatorstwo) to hobby polegaj\u0105ce na nawi\u0105zywaniu \u0142\u0105czno\u015bci na r\u00f3\u017cnych zakresach fal radiowych. Mimo popularno\u015bci Internetu i telefon\u00f3w kom\u00f3rkowych atrakcyjno\u015b\u0107 kr\u00f3tkofalarstwa jest bardzo du\u017ca. \u0141\u0105czno\u015b\u0107 radiowa umo\u017cliwia poznanie wielu ciekawych ludzi. Na falach eteru mo\u017cna porozmawia\u0107 z lud\u017ami nadaj\u0105cymi z egzotycznych miejsc, jak wyspy na Pacyfiku, [&hellip;]<\/p>\n","protected":false},"author":2,"featured_media":0,"parent":0,"menu_order":0,"comment_status":"closed","ping_status":"closed","template":"","meta":{"footnotes":""},"class_list":["post-6190","page","type-page","status-publish","hentry"],"_links":{"self":[{"href":"https:\/\/www.moszczanica.pl\/index.php\/wp-json\/wp\/v2\/pages\/6190","targetHints":{"allow":["GET"]}}],"collection":[{"href":"https:\/\/www.moszczanica.pl\/index.php\/wp-json\/wp\/v2\/pages"}],"about":[{"href":"https:\/\/www.moszczanica.pl\/index.php\/wp-json\/wp\/v2\/types\/page"}],"author":[{"embeddable":true,"href":"https:\/\/www.moszczanica.pl\/index.php\/wp-json\/wp\/v2\/users\/2"}],"replies":[{"embeddable":true,"href":"https:\/\/www.moszczanica.pl\/index.php\/wp-json\/wp\/v2\/comments?post=6190"}],"version-history":[{"count":22,"href":"https:\/\/www.moszczanica.pl\/index.php\/wp-json\/wp\/v2\/pages\/6190\/revisions"}],"predecessor-version":[{"id":6355,"href":"https:\/\/www.moszczanica.pl\/index.php\/wp-json\/wp\/v2\/pages\/6190\/revisions\/6355"}],"wp:attachment":[{"href":"https:\/\/www.moszczanica.pl\/index.php\/wp-json\/wp\/v2\/media?parent=6190"}],"curies":[{"name":"wp","href":"https:\/\/api.w.org\/{rel}","templated":true}]}}