{"id":5683,"date":"2025-09-02T11:26:17","date_gmt":"2025-09-02T09:26:17","guid":{"rendered":"https:\/\/www.moszczanica.pl\/?page_id=5683"},"modified":"2025-09-02T13:33:43","modified_gmt":"2025-09-02T11:33:43","slug":"wyprawka-szkolna","status":"publish","type":"page","link":"https:\/\/www.moszczanica.pl\/index.php\/wyprawka-szkolna\/","title":{"rendered":"Wyprawka szkolna"},"content":{"rendered":"\t\t<div data-elementor-type=\"wp-page\" data-elementor-id=\"5683\" class=\"elementor elementor-5683\" data-elementor-post-type=\"page\">\n\t\t\t\t<div class=\"elementor-element elementor-element-54061c4f e-flex e-con-boxed e-con e-parent\" data-id=\"54061c4f\" data-element_type=\"container\">\n\t\t\t\t\t<div class=\"e-con-inner\">\n\t\t\t\t<div class=\"elementor-element elementor-element-67a9e22a elementor-widget elementor-widget-text-editor\" data-id=\"67a9e22a\" data-element_type=\"widget\" data-widget_type=\"text-editor.default\">\n\t\t\t\t<div class=\"elementor-widget-container\">\n\t\t\t\t\t\t\t\t\t<p>\u00a0<\/p><h4><span style=\"color: #000000;\">Wyprawka szkolna 2025\/2026<\/span><\/h4>\t\t\t\t\t\t\t\t<\/div>\n\t\t\t\t<\/div>\n\t\t\t\t\t<\/div>\n\t\t\t\t<\/div>\n\t\t<div class=\"elementor-element elementor-element-2fc0ba8 e-flex e-con-boxed e-con e-parent\" data-id=\"2fc0ba8\" data-element_type=\"container\">\n\t\t\t\t\t<div class=\"e-con-inner\">\n\t\t<div class=\"elementor-element elementor-element-74c17cc5 e-con-full e-flex e-con e-child\" data-id=\"74c17cc5\" data-element_type=\"container\">\n\t\t<div class=\"elementor-element elementor-element-4e41bb62 e-con-full e-flex e-con e-child\" data-id=\"4e41bb62\" data-element_type=\"container\">\n\t\t\t\t<div class=\"elementor-element elementor-element-1b6e7c87 elementor-widget elementor-widget-text-editor\" data-id=\"1b6e7c87\" data-element_type=\"widget\" data-widget_type=\"text-editor.default\">\n\t\t\t\t<div class=\"elementor-widget-container\">\n\t\t\t\t\t\t\t\t\t<p style=\"text-align: left;\">Informacja dotycz\u0105ca Rz\u0105dowego programu pomocy uczniom niepe\u0142nosprawnym w formie dofinansowania zakupu podr\u0119cznik\u00f3w, materia\u0142\u00f3w edukacyjnych i materia\u0142\u00f3w \u0107wiczeniowych.<\/p>\t\t\t\t\t\t\t\t<\/div>\n\t\t\t\t<\/div>\n\t\t\t\t<\/div>\n\t\t\t\t<\/div>\n\t\t<div class=\"elementor-element elementor-element-5673243c e-con-full e-flex e-con e-child\" data-id=\"5673243c\" data-element_type=\"container\">\n\t\t<div class=\"elementor-element elementor-element-283cdd17 e-con-full e-flex e-con e-child\" data-id=\"283cdd17\" data-element_type=\"container\">\n\t\t\t\t<div class=\"elementor-element elementor-element-2b88a1c8 elementor-widget elementor-widget-button\" data-id=\"2b88a1c8\" data-element_type=\"widget\" data-widget_type=\"button.default\">\n\t\t\t\t<div class=\"elementor-widget-container\">\n\t\t\t\t\t\t\t\t\t<div class=\"elementor-button-wrapper\">\n\t\t\t\t\t<a class=\"elementor-button elementor-button-link elementor-size-sm\" href=\"\/wp-content\/uploads\/2025\/09\/wyprawka\/informacja_dla_rodzicow_wyprawka.pdf\" target=\"_blank\">\n\t\t\t\t\t\t<span class=\"elementor-button-content-wrapper\">\n\t\t\t\t\t\t\t\t\t<span class=\"elementor-button-text\">Pobierz PDF<\/span>\n\t\t\t\t\t<\/span>\n\t\t\t\t\t<\/a>\n\t\t\t\t<\/div>\n\t\t\t\t\t\t\t\t<\/div>\n\t\t\t\t<\/div>\n\t\t\t\t<\/div>\n\t\t\t\t<\/div>\n\t\t\t\t\t<\/div>\n\t\t\t\t<\/div>\n\t\t<div class=\"elementor-element elementor-element-1eb7735f e-flex e-con-boxed e-con e-parent\" data-id=\"1eb7735f\" data-element_type=\"container\">\n\t\t\t\t\t<div class=\"e-con-inner\">\n\t\t<div class=\"elementor-element elementor-element-58107ad5 e-con-full e-flex e-con e-child\" data-id=\"58107ad5\" data-element_type=\"container\">\n\t\t<div class=\"elementor-element elementor-element-18c22c6b e-con-full e-flex e-con e-child\" data-id=\"18c22c6b\" data-element_type=\"container\">\n\t\t\t\t<div class=\"elementor-element elementor-element-5467eb39 elementor-widget elementor-widget-text-editor\" data-id=\"5467eb39\" data-element_type=\"widget\" data-widget_type=\"text-editor.default\">\n\t\t\t\t<div class=\"elementor-widget-container\">\n\t\t\t\t\t\t\t\t\t<p style=\"text-align: left;\">O\u015bwiadczenie dotycz\u0105ce wyp\u0142aty przyznanej pomocy za zakup podr\u0119cznik\u00f3w, materia\u0142\u00f3w edukacyjnych i materia\u0142\u00f3w \u0107wiczeniowych<\/p>\t\t\t\t\t\t\t\t<\/div>\n\t\t\t\t<\/div>\n\t\t\t\t<\/div>\n\t\t\t\t<\/div>\n\t\t<div class=\"elementor-element elementor-element-2343c353 e-con-full e-flex e-con e-child\" data-id=\"2343c353\" data-element_type=\"container\">\n\t\t<div class=\"elementor-element elementor-element-70bbfed0 e-con-full e-flex e-con e-child\" data-id=\"70bbfed0\" data-element_type=\"container\">\n\t\t\t\t<div class=\"elementor-element elementor-element-6ed45891 elementor-widget elementor-widget-button\" data-id=\"6ed45891\" data-element_type=\"widget\" data-widget_type=\"button.default\">\n\t\t\t\t<div class=\"elementor-widget-container\">\n\t\t\t\t\t\t\t\t\t<div class=\"elementor-button-wrapper\">\n\t\t\t\t\t<a class=\"elementor-button elementor-button-link elementor-size-sm\" href=\"\/wp-content\/uploads\/2025\/09\/wyprawka\/Oswiadczenie-konto.docx\" target=\"_blank\">\n\t\t\t\t\t\t<span class=\"elementor-button-content-wrapper\">\n\t\t\t\t\t\t\t\t\t<span class=\"elementor-button-text\">Pobierz Doc<\/span>\n\t\t\t\t\t<\/span>\n\t\t\t\t\t<\/a>\n\t\t\t\t<\/div>\n\t\t\t\t\t\t\t\t<\/div>\n\t\t\t\t<\/div>\n\t\t\t\t<div class=\"elementor-element elementor-element-13ba5e71 elementor-widget elementor-widget-button\" data-id=\"13ba5e71\" data-element_type=\"widget\" data-widget_type=\"button.default\">\n\t\t\t\t<div class=\"elementor-widget-container\">\n\t\t\t\t\t\t\t\t\t<div class=\"elementor-button-wrapper\">\n\t\t\t\t\t<a class=\"elementor-button elementor-button-link elementor-size-sm\" href=\"\/wp-content\/uploads\/2025\/09\/wyprawka\/Oswiadczenie-konto.pdf\" target=\"_blank\">\n\t\t\t\t\t\t<span class=\"elementor-button-content-wrapper\">\n\t\t\t\t\t\t\t\t\t<span class=\"elementor-button-text\">Pobierz PDF<\/span>\n\t\t\t\t\t<\/span>\n\t\t\t\t\t<\/a>\n\t\t\t\t<\/div>\n\t\t\t\t\t\t\t\t<\/div>\n\t\t\t\t<\/div>\n\t\t\t\t<\/div>\n\t\t\t\t<\/div>\n\t\t\t\t\t<\/div>\n\t\t\t\t<\/div>\n\t\t<div class=\"elementor-element elementor-element-51b6b993 e-flex e-con-boxed e-con e-parent\" data-id=\"51b6b993\" data-element_type=\"container\">\n\t\t\t\t\t<div class=\"e-con-inner\">\n\t\t<div class=\"elementor-element elementor-element-795841e0 e-con-full e-flex e-con e-child\" data-id=\"795841e0\" data-element_type=\"container\">\n\t\t<div class=\"elementor-element elementor-element-3d5d96b1 e-con-full e-flex e-con e-child\" data-id=\"3d5d96b1\" data-element_type=\"container\">\n\t\t\t\t<div class=\"elementor-element elementor-element-524f20cc elementor-widget elementor-widget-text-editor\" data-id=\"524f20cc\" data-element_type=\"widget\" data-widget_type=\"text-editor.default\">\n\t\t\t\t<div class=\"elementor-widget-container\">\n\t\t\t\t\t\t\t\t\t<p style=\"text-align: left;\">O\u015bwiadczenie dotycz\u0105ce zakupu podr\u0119cznik\u00f3w, materia\u0142\u00f3w edukacyjnych i materia\u0142\u00f3w \u0107wiczeniowych.<\/p>\t\t\t\t\t\t\t\t<\/div>\n\t\t\t\t<\/div>\n\t\t\t\t<\/div>\n\t\t\t\t<\/div>\n\t\t<div class=\"elementor-element elementor-element-246f1258 e-con-full e-flex e-con e-child\" data-id=\"246f1258\" data-element_type=\"container\">\n\t\t<div class=\"elementor-element elementor-element-1dcab41f e-con-full e-flex e-con e-child\" data-id=\"1dcab41f\" data-element_type=\"container\">\n\t\t\t\t<div class=\"elementor-element elementor-element-80caef5 elementor-widget elementor-widget-button\" data-id=\"80caef5\" data-element_type=\"widget\" data-widget_type=\"button.default\">\n\t\t\t\t<div class=\"elementor-widget-container\">\n\t\t\t\t\t\t\t\t\t<div class=\"elementor-button-wrapper\">\n\t\t\t\t\t<a class=\"elementor-button elementor-button-link elementor-size-sm\" href=\"\/wp-content\/uploads\/2025\/09\/wyprawka\/OSWIADCZENIE.docx\" target=\"_blank\">\n\t\t\t\t\t\t<span class=\"elementor-button-content-wrapper\">\n\t\t\t\t\t\t\t\t\t<span class=\"elementor-button-text\">Pobierz Doc<\/span>\n\t\t\t\t\t<\/span>\n\t\t\t\t\t<\/a>\n\t\t\t\t<\/div>\n\t\t\t\t\t\t\t\t<\/div>\n\t\t\t\t<\/div>\n\t\t\t\t<div class=\"elementor-element elementor-element-35264ce5 elementor-widget elementor-widget-button\" data-id=\"35264ce5\" data-element_type=\"widget\" data-widget_type=\"button.default\">\n\t\t\t\t<div class=\"elementor-widget-container\">\n\t\t\t\t\t\t\t\t\t<div class=\"elementor-button-wrapper\">\n\t\t\t\t\t<a class=\"elementor-button elementor-button-link elementor-size-sm\" href=\"\/wp-content\/uploads\/2025\/09\/wyprawka\/OSWIADCZENIE.pdf\" target=\"_blank\">\n\t\t\t\t\t\t<span class=\"elementor-button-content-wrapper\">\n\t\t\t\t\t\t\t\t\t<span class=\"elementor-button-text\">Pobierz PDF<\/span>\n\t\t\t\t\t<\/span>\n\t\t\t\t\t<\/a>\n\t\t\t\t<\/div>\n\t\t\t\t\t\t\t\t<\/div>\n\t\t\t\t<\/div>\n\t\t\t\t<\/div>\n\t\t\t\t<\/div>\n\t\t\t\t\t<\/div>\n\t\t\t\t<\/div>\n\t\t<div class=\"elementor-element elementor-element-718030e5 e-flex e-con-boxed e-con e-parent\" data-id=\"718030e5\" data-element_type=\"container\">\n\t\t\t\t\t<div class=\"e-con-inner\">\n\t\t<div class=\"elementor-element elementor-element-896041 e-con-full e-flex e-con e-child\" data-id=\"896041\" data-element_type=\"container\">\n\t\t<div class=\"elementor-element elementor-element-7e548e97 e-con-full e-flex e-con e-child\" data-id=\"7e548e97\" data-element_type=\"container\">\n\t\t\t\t<div class=\"elementor-element elementor-element-432a4e24 elementor-widget elementor-widget-text-editor\" data-id=\"432a4e24\" data-element_type=\"widget\" data-widget_type=\"text-editor.default\">\n\t\t\t\t<div class=\"elementor-widget-container\">\n\t\t\t\t\t\t\t\t\t<p style=\"text-align: left;\">Wniosek o przyznanie pomocy w ramach Rz\u0105dowego programu pomocy uczniom niepe\u0142nosprawnym w formie dofinansowania zakupu podr\u0119cznik\u00f3w, materia\u0142\u00f3w edukacyjnych i materia\u0142\u00f3w \u0107wiczeniowych na rok szkolny 2025\/2026<\/p>\t\t\t\t\t\t\t\t<\/div>\n\t\t\t\t<\/div>\n\t\t\t\t<\/div>\n\t\t\t\t<\/div>\n\t\t<div class=\"elementor-element elementor-element-45ba1662 e-con-full e-flex e-con e-child\" data-id=\"45ba1662\" data-element_type=\"container\">\n\t\t<div class=\"elementor-element elementor-element-b3e0921 e-con-full e-flex e-con e-child\" data-id=\"b3e0921\" data-element_type=\"container\">\n\t\t\t\t<div class=\"elementor-element elementor-element-29c9c04a elementor-widget elementor-widget-button\" data-id=\"29c9c04a\" data-element_type=\"widget\" data-widget_type=\"button.default\">\n\t\t\t\t<div class=\"elementor-widget-container\">\n\t\t\t\t\t\t\t\t\t<div class=\"elementor-button-wrapper\">\n\t\t\t\t\t<a class=\"elementor-button elementor-button-link elementor-size-sm\" href=\"\/wp-content\/uploads\/2025\/09\/wyprawka\/Wniosek_Klauzula.docx\" target=\"_blank\">\n\t\t\t\t\t\t<span class=\"elementor-button-content-wrapper\">\n\t\t\t\t\t\t\t\t\t<span class=\"elementor-button-text\">Pobierz Doc<\/span>\n\t\t\t\t\t<\/span>\n\t\t\t\t\t<\/a>\n\t\t\t\t<\/div>\n\t\t\t\t\t\t\t\t<\/div>\n\t\t\t\t<\/div>\n\t\t\t\t<div class=\"elementor-element elementor-element-759bf586 elementor-widget elementor-widget-button\" data-id=\"759bf586\" data-element_type=\"widget\" data-widget_type=\"button.default\">\n\t\t\t\t<div class=\"elementor-widget-container\">\n\t\t\t\t\t\t\t\t\t<div class=\"elementor-button-wrapper\">\n\t\t\t\t\t<a class=\"elementor-button elementor-button-link elementor-size-sm\" href=\"\/wp-content\/uploads\/2025\/09\/wyprawka\/Wniosek_Klauzula.pdf\" target=\"_blank\">\n\t\t\t\t\t\t<span class=\"elementor-button-content-wrapper\">\n\t\t\t\t\t\t\t\t\t<span class=\"elementor-button-text\">Pobierz PDF<\/span>\n\t\t\t\t\t<\/span>\n\t\t\t\t\t<\/a>\n\t\t\t\t<\/div>\n\t\t\t\t\t\t\t\t<\/div>\n\t\t\t\t<\/div>\n\t\t\t\t<\/div>\n\t\t\t\t<\/div>\n\t\t\t\t\t<\/div>\n\t\t\t\t<\/div>\n\t\t\t\t<\/div>\n\t\t","protected":false},"excerpt":{"rendered":"<p>\u00a0 Wyprawka szkolna 2025\/2026 Informacja dotycz\u0105ca Rz\u0105dowego programu pomocy uczniom niepe\u0142nosprawnym w formie dofinansowania zakupu podr\u0119cznik\u00f3w, materia\u0142\u00f3w edukacyjnych i materia\u0142\u00f3w \u0107wiczeniowych. Pobierz PDF O\u015bwiadczenie dotycz\u0105ce wyp\u0142aty przyznanej pomocy za zakup podr\u0119cznik\u00f3w, materia\u0142\u00f3w edukacyjnych i materia\u0142\u00f3w \u0107wiczeniowych Pobierz Doc Pobierz PDF O\u015bwiadczenie dotycz\u0105ce zakupu podr\u0119cznik\u00f3w, materia\u0142\u00f3w edukacyjnych i materia\u0142\u00f3w \u0107wiczeniowych. Pobierz Doc Pobierz PDF Wniosek o [&hellip;]<\/p>\n","protected":false},"author":2,"featured_media":0,"parent":0,"menu_order":0,"comment_status":"closed","ping_status":"closed","template":"","meta":{"footnotes":""},"class_list":["post-5683","page","type-page","status-publish","hentry"],"_links":{"self":[{"href":"https:\/\/www.moszczanica.pl\/index.php\/wp-json\/wp\/v2\/pages\/5683","targetHints":{"allow":["GET"]}}],"collection":[{"href":"https:\/\/www.moszczanica.pl\/index.php\/wp-json\/wp\/v2\/pages"}],"about":[{"href":"https:\/\/www.moszczanica.pl\/index.php\/wp-json\/wp\/v2\/types\/page"}],"author":[{"embeddable":true,"href":"https:\/\/www.moszczanica.pl\/index.php\/wp-json\/wp\/v2\/users\/2"}],"replies":[{"embeddable":true,"href":"https:\/\/www.moszczanica.pl\/index.php\/wp-json\/wp\/v2\/comments?post=5683"}],"version-history":[{"count":35,"href":"https:\/\/www.moszczanica.pl\/index.php\/wp-json\/wp\/v2\/pages\/5683\/revisions"}],"predecessor-version":[{"id":5738,"href":"https:\/\/www.moszczanica.pl\/index.php\/wp-json\/wp\/v2\/pages\/5683\/revisions\/5738"}],"wp:attachment":[{"href":"https:\/\/www.moszczanica.pl\/index.php\/wp-json\/wp\/v2\/media?parent=5683"}],"curies":[{"name":"wp","href":"https:\/\/api.w.org\/{rel}","templated":true}]}}