{"id":4545,"date":"2025-07-08T09:54:18","date_gmt":"2025-07-08T07:54:18","guid":{"rendered":"https:\/\/www.moszczanica.pl\/?page_id=4545"},"modified":"2025-08-27T15:33:56","modified_gmt":"2025-08-27T13:33:56","slug":"mapa-strony","status":"publish","type":"page","link":"https:\/\/www.moszczanica.pl\/index.php\/mapa-strony\/","title":{"rendered":"Mapa strony"},"content":{"rendered":"\t\t<div data-elementor-type=\"wp-page\" data-elementor-id=\"4545\" class=\"elementor elementor-4545\" data-elementor-post-type=\"page\">\n\t\t\t\t<div class=\"elementor-element elementor-element-31f931e e-flex e-con-boxed e-con e-parent\" data-id=\"31f931e\" data-element_type=\"container\">\n\t\t\t\t\t<div class=\"e-con-inner\">\n\t\t\t\t<div class=\"elementor-element elementor-element-12210aa elementor-widget elementor-widget-heading\" data-id=\"12210aa\" data-element_type=\"widget\" data-widget_type=\"heading.default\">\n\t\t\t\t<div class=\"elementor-widget-container\">\n\t\t\t\t\t<h2 class=\"elementor-heading-title elementor-size-default\">Mapa serwisu<\/h2>\t\t\t\t<\/div>\n\t\t\t\t<\/div>\n\t\t\t\t\t<\/div>\n\t\t\t\t<\/div>\n\t\t<div class=\"elementor-element elementor-element-821ca93 e-flex e-con-boxed e-con e-parent\" data-id=\"821ca93\" data-element_type=\"container\">\n\t\t\t\t\t<div class=\"e-con-inner\">\n\t\t<div class=\"elementor-element elementor-element-55640b7 e-con-full e-flex e-con e-child\" data-id=\"55640b7\" data-element_type=\"container\">\n\t\t\t\t<div class=\"elementor-element elementor-element-8004cc4 elementor-widget elementor-widget-heading\" data-id=\"8004cc4\" data-element_type=\"widget\" data-widget_type=\"heading.default\">\n\t\t\t\t<div class=\"elementor-widget-container\">\n\t\t\t\t\t<h2 class=\"elementor-heading-title elementor-size-default\">Szko\u0142a<\/h2>\t\t\t\t<\/div>\n\t\t\t\t<\/div>\n\t\t\t\t<div class=\"elementor-element elementor-element-7c7ce0b elementor-widget elementor-widget-text-editor\" data-id=\"7c7ce0b\" data-element_type=\"widget\" data-widget_type=\"text-editor.default\">\n\t\t\t\t<div class=\"elementor-widget-container\">\n\t\t\t\t\t\t\t\t\t<ul><li><a href=\"https:\/\/www.moszczanica.pl\/index.php\/aktualnosci\/\">Aktualno\u015bci<\/a><\/li><li><a href=\"https:\/\/www.moszczanica.pl\/index.php\/historia-szkoly-2\/\">Historia szko\u0142y<\/a><\/li><li><a href=\"https:\/\/www.moszczanica.pl\/index.php\/kadra-2\/\">Kadra<\/a><\/li><li><a href=\"https:\/\/www.moszczanica.pl\/index.php\/organizacja-roku-szkolnego\/\">Organizacja roku szkolnego<\/a><\/li><li><a href=\"https:\/\/www.moszczanica.pl\/index.php\/pomoc-psychologiczno-pedagogiczna\/\">Pomoc psychologiczno-pedagogiczna<\/a><\/li><li><a href=\"https:\/\/www.moszczanica.pl\/index.php\/dokumentacja-szkolna\/\">Dokumentacja szkolna<\/a><\/li><li><a href=\"https:\/\/www.moszczanica.pl\/index.php\/projekty\/\">Projekty<\/a><\/li><li><a href=\"https:\/\/zsaiozywiec.biposwiata.pl\/\">BIP<\/a><\/li><li><a href=\"https:\/\/www.moszczanica.pl\/index.php\/ochrona-danych-osobowych\/\">Ochrona danych osobowych<\/a><\/li><li><a href=\"https:\/\/www.moszczanica.pl\/index.php\/deklaracja-dostepnosci\/\">Deklaracja dost\u0119pno\u015bci<\/a><\/li><li><a href=\"https:\/\/www.moszczanica.pl\/index.php\/galeria\/\">Galeria<\/a><\/li><\/ul>\t\t\t\t\t\t\t\t<\/div>\n\t\t\t\t<\/div>\n\t\t\t\t<\/div>\n\t\t<div class=\"elementor-element elementor-element-6fe1597 e-con-full e-flex e-con e-child\" data-id=\"6fe1597\" data-element_type=\"container\">\n\t\t\t\t<div class=\"elementor-element elementor-element-7b3f8b8 elementor-widget elementor-widget-heading\" data-id=\"7b3f8b8\" data-element_type=\"widget\" data-widget_type=\"heading.default\">\n\t\t\t\t<div class=\"elementor-widget-container\">\n\t\t\t\t\t<h2 class=\"elementor-heading-title elementor-size-default\">Ucze\u0144<\/h2>\t\t\t\t<\/div>\n\t\t\t\t<\/div>\n\t\t\t\t<div class=\"elementor-element elementor-element-097f481 elementor-widget elementor-widget-text-editor\" data-id=\"097f481\" data-element_type=\"widget\" data-widget_type=\"text-editor.default\">\n\t\t\t\t<div class=\"elementor-widget-container\">\n\t\t\t\t\t\t\t\t\t<ul><li><a href=\"https:\/\/moszczanica.pl\/plan\/\">Plan lekcji<\/a><\/li><li><a href=\"https:\/\/uonetplus.vulcan.net.pl\/powiatzywiecki\">Dziennik<\/a><\/li><li><a href=\"https:\/\/www.moszczanica.pl\/index.php\/praktyki-i-egzamin-zawodowy\/\">Praktyki i egzamin zawodowy<\/a><\/li><li><a href=\"https:\/\/www.moszczanica.pl\/index.php\/matury\/\">Matury<\/a><\/li><li><a href=\"https:\/\/www.moszczanica.pl\/index.php\/samorzad-uczniowski\/\">Samorz\u0105d uczniowski<\/a><\/li><li><a href=\"https:\/\/www.moszczanica.pl\/index.php\/wykaz-podrecznikow\/\">Wykaz podr\u0119cznik\u00f3w<\/a><\/li><li><a href=\"https:\/\/www.moszczanica.pl\/index.php\/wytyczne-do-stroju-dla-uczniow\/\">Wytyczne do stroj\u00f3w dla uczni\u00f3w<\/a><\/li><\/ul>\t\t\t\t\t\t\t\t<\/div>\n\t\t\t\t<\/div>\n\t\t\t\t<\/div>\n\t\t<div class=\"elementor-element elementor-element-c9735be e-con-full e-flex e-con e-child\" data-id=\"c9735be\" data-element_type=\"container\">\n\t\t\t\t<div class=\"elementor-element elementor-element-f28a431 elementor-widget elementor-widget-heading\" data-id=\"f28a431\" data-element_type=\"widget\" data-widget_type=\"heading.default\">\n\t\t\t\t<div class=\"elementor-widget-container\">\n\t\t\t\t\t<h2 class=\"elementor-heading-title elementor-size-default\">Kandydat<\/h2>\t\t\t\t<\/div>\n\t\t\t\t<\/div>\n\t\t\t\t<div class=\"elementor-element elementor-element-b18dfde elementor-widget elementor-widget-text-editor\" data-id=\"b18dfde\" data-element_type=\"widget\" data-widget_type=\"text-editor.default\">\n\t\t\t\t<div class=\"elementor-widget-container\">\n\t\t\t\t\t\t\t\t\t<ul><li><a href=\"https:\/\/www.moszczanica.pl\/index.php\/rekrutacja\/\">Rekrutacja<\/a><\/li><li><a href=\"https:\/\/www.moszczanica.pl\/index.php\/kierunki-ksztalcenia\/\">Kierunki kszta\u0142cenia<\/a><\/li><li><a href=\"https:\/\/www.moszczanica.pl\/index.php\/kwalifikacyjny-kurs-zawodowy-pszczelarz\/\">Kwalifikacyjny kurs zawodowy &#8211; pszczelarz<\/a><\/li><li><a href=\"https:\/\/www.moszczanica.pl\/index.php\/czesto-zadawane-pytania\/\">Cz\u0119sto zadawane pytania<\/a><\/li><\/ul>\t\t\t\t\t\t\t\t<\/div>\n\t\t\t\t<\/div>\n\t\t\t\t<\/div>\n\t\t<div class=\"elementor-element elementor-element-4cccc5d e-con-full e-flex e-con e-child\" data-id=\"4cccc5d\" data-element_type=\"container\">\n\t\t\t\t<div class=\"elementor-element elementor-element-8be4154 elementor-widget elementor-widget-heading\" data-id=\"8be4154\" data-element_type=\"widget\" data-widget_type=\"heading.default\">\n\t\t\t\t<div class=\"elementor-widget-container\">\n\t\t\t\t\t<h2 class=\"elementor-heading-title elementor-size-default\">Rodzic<\/h2>\t\t\t\t<\/div>\n\t\t\t\t<\/div>\n\t\t\t\t<div class=\"elementor-element elementor-element-1e7bd07 elementor-widget elementor-widget-text-editor\" data-id=\"1e7bd07\" data-element_type=\"widget\" data-widget_type=\"text-editor.default\">\n\t\t\t\t<div class=\"elementor-widget-container\">\n\t\t\t\t\t\t\t\t\t<ul><li><a href=\"https:\/\/uonetplus.vulcan.net.pl\/powiatzywiecki\">Dziennik<\/a><\/li><li><a href=\"https:\/\/www.moszczanica.pl\/index.php\/wychowawcy-klas\/\">Wychowawcy klas<\/a><\/li><li><a href=\"https:\/\/www.moszczanica.pl\/index.php\/zebrania\/\">Zebrania<\/a><\/li><li><a href=\"https:\/\/www.moszczanica.pl\/index.php\/rada-rodzicow\/\">Rada rodzic\u00f3w<\/a><\/li><\/ul>\t\t\t\t\t\t\t\t<\/div>\n\t\t\t\t<\/div>\n\t\t\t\t<\/div>\n\t\t<div class=\"elementor-element elementor-element-00bb0d6 e-con-full e-flex e-con e-child\" data-id=\"00bb0d6\" data-element_type=\"container\">\n\t\t\t\t<div class=\"elementor-element elementor-element-014780f elementor-widget elementor-widget-heading\" data-id=\"014780f\" data-element_type=\"widget\" data-widget_type=\"heading.default\">\n\t\t\t\t<div class=\"elementor-widget-container\">\n\t\t\t\t\t<h2 class=\"elementor-heading-title elementor-size-default\">Bursa i SSM<\/h2>\t\t\t\t<\/div>\n\t\t\t\t<\/div>\n\t\t\t\t<div class=\"elementor-element elementor-element-29b4bc5 elementor-widget elementor-widget-text-editor\" data-id=\"29b4bc5\" data-element_type=\"widget\" data-widget_type=\"text-editor.default\">\n\t\t\t\t<div class=\"elementor-widget-container\">\n\t\t\t\t\t\t\t\t\t<ul><li><a href=\"https:\/\/www.moszczanica.pl\/index.php\/zamieszkaj-w-bursie-2\/\">Zamieszkaj w bursie<\/a><\/li><li><a href=\"https:\/\/www.moszczanica.pl\/index.php\/szkolne-schronisko-mlodziezowe\/\">Szkolne schronisko m\u0142odzie\u017cowe<\/a><\/li><li><a href=\"https:\/\/www.moszczanica.pl\/index.php\/jadlopis\/\">Jad\u0142ospis<\/a><\/li><\/ul>\t\t\t\t\t\t\t\t<\/div>\n\t\t\t\t<\/div>\n\t\t\t\t<\/div>\n\t\t<div class=\"elementor-element elementor-element-04bcbdb e-con-full e-flex e-con e-child\" data-id=\"04bcbdb\" data-element_type=\"container\">\n\t\t\t\t<div class=\"elementor-element elementor-element-ee4599e elementor-widget elementor-widget-heading\" data-id=\"ee4599e\" data-element_type=\"widget\" data-widget_type=\"heading.default\">\n\t\t\t\t<div class=\"elementor-widget-container\">\n\t\t\t\t\t<h2 class=\"elementor-heading-title elementor-size-default\">Kontakt<\/h2>\t\t\t\t<\/div>\n\t\t\t\t<\/div>\n\t\t\t\t<div class=\"elementor-element elementor-element-b8ab16a elementor-widget elementor-widget-text-editor\" data-id=\"b8ab16a\" data-element_type=\"widget\" data-widget_type=\"text-editor.default\">\n\t\t\t\t<div class=\"elementor-widget-container\">\n\t\t\t\t\t\t\t\t\t<ul><li><a href=\"https:\/\/www.moszczanica.pl\/index.php\/kontakt\/\">Kontakt<\/a><\/li><\/ul>\t\t\t\t\t\t\t\t<\/div>\n\t\t\t\t<\/div>\n\t\t\t\t<\/div>\n\t\t\t\t\t<\/div>\n\t\t\t\t<\/div>\n\t\t\t\t<\/div>\n\t\t","protected":false},"excerpt":{"rendered":"<p>Mapa serwisu Szko\u0142a Aktualno\u015bci Historia szko\u0142y Kadra Organizacja roku szkolnego Pomoc psychologiczno-pedagogiczna Dokumentacja szkolna Projekty BIP Ochrona danych osobowych Deklaracja dost\u0119pno\u015bci Galeria Ucze\u0144 Plan lekcji Dziennik Praktyki i egzamin zawodowy Matury Samorz\u0105d uczniowski Wykaz podr\u0119cznik\u00f3w Wytyczne do stroj\u00f3w dla uczni\u00f3w Kandydat Rekrutacja Kierunki kszta\u0142cenia Kwalifikacyjny kurs zawodowy &#8211; pszczelarz Cz\u0119sto zadawane pytania Rodzic Dziennik Wychowawcy [&hellip;]<\/p>\n","protected":false},"author":1,"featured_media":0,"parent":0,"menu_order":0,"comment_status":"closed","ping_status":"closed","template":"","meta":{"footnotes":""},"class_list":["post-4545","page","type-page","status-publish","hentry"],"_links":{"self":[{"href":"https:\/\/www.moszczanica.pl\/index.php\/wp-json\/wp\/v2\/pages\/4545","targetHints":{"allow":["GET"]}}],"collection":[{"href":"https:\/\/www.moszczanica.pl\/index.php\/wp-json\/wp\/v2\/pages"}],"about":[{"href":"https:\/\/www.moszczanica.pl\/index.php\/wp-json\/wp\/v2\/types\/page"}],"author":[{"embeddable":true,"href":"https:\/\/www.moszczanica.pl\/index.php\/wp-json\/wp\/v2\/users\/1"}],"replies":[{"embeddable":true,"href":"https:\/\/www.moszczanica.pl\/index.php\/wp-json\/wp\/v2\/comments?post=4545"}],"version-history":[{"count":43,"href":"https:\/\/www.moszczanica.pl\/index.php\/wp-json\/wp\/v2\/pages\/4545\/revisions"}],"predecessor-version":[{"id":5613,"href":"https:\/\/www.moszczanica.pl\/index.php\/wp-json\/wp\/v2\/pages\/4545\/revisions\/5613"}],"wp:attachment":[{"href":"https:\/\/www.moszczanica.pl\/index.php\/wp-json\/wp\/v2\/media?parent=4545"}],"curies":[{"name":"wp","href":"https:\/\/api.w.org\/{rel}","templated":true}]}}