{"id":3122,"date":"2025-06-20T17:07:57","date_gmt":"2025-06-20T15:07:57","guid":{"rendered":"https:\/\/www.moszczanica.pl\/?page_id=3122"},"modified":"2025-12-11T20:33:51","modified_gmt":"2025-12-11T19:33:51","slug":"kadra-2","status":"publish","type":"page","link":"https:\/\/www.moszczanica.pl\/index.php\/kadra-2\/","title":{"rendered":"Kadra"},"content":{"rendered":"\t\t<div data-elementor-type=\"wp-page\" data-elementor-id=\"3122\" class=\"elementor elementor-3122\" data-elementor-post-type=\"page\">\n\t\t\t\t<div class=\"elementor-element elementor-element-3e742b9 e-flex e-con-boxed e-con e-parent\" data-id=\"3e742b9\" data-element_type=\"container\">\n\t\t\t\t\t<div class=\"e-con-inner\">\n\t\t\t\t<div class=\"elementor-element elementor-element-5ca653e elementor-widget elementor-widget-heading\" data-id=\"5ca653e\" data-element_type=\"widget\" data-widget_type=\"heading.default\">\n\t\t\t\t<div class=\"elementor-widget-container\">\n\t\t\t\t\t<h1 class=\"elementor-heading-title elementor-size-default\">Kadra<\/h1>\t\t\t\t<\/div>\n\t\t\t\t<\/div>\n\t\t\t\t\t<\/div>\n\t\t\t\t<\/div>\n\t\t<div class=\"elementor-element elementor-element-3241d5f e-flex e-con-boxed e-con e-parent\" data-id=\"3241d5f\" data-element_type=\"container\">\n\t\t\t\t\t<div class=\"e-con-inner\">\n\t\t\t\t<div class=\"elementor-element elementor-element-3317cdf elementor-widget elementor-widget-heading\" data-id=\"3317cdf\" data-element_type=\"widget\" data-widget_type=\"heading.default\">\n\t\t\t\t<div class=\"elementor-widget-container\">\n\t\t\t\t\t<h2 class=\"elementor-heading-title elementor-size-default\">Dyrekcja<\/h2>\t\t\t\t<\/div>\n\t\t\t\t<\/div>\n\t\t\t\t\t<\/div>\n\t\t\t\t<\/div>\n\t\t<div class=\"elementor-element elementor-element-202675d e-flex e-con-boxed e-con e-parent\" data-id=\"202675d\" data-element_type=\"container\">\n\t\t\t\t\t<div class=\"e-con-inner\">\n\t\t\t\t<div class=\"elementor-element elementor-element-ebeec70 elementor-widget__width-initial elementor-widget elementor-widget-text-editor\" data-id=\"ebeec70\" data-element_type=\"widget\" data-widget_type=\"text-editor.default\">\n\t\t\t\t<div class=\"elementor-widget-container\">\n\t\t\t\t\t\t\t\t\t<p>Dyrektor \u2013 mgr Miros\u0142aw Staszkiewicz<br \/>Z- ca dyrektora \u2013 mgr Monika Baron<br \/>Z- ca dyrektora \u2013 mgr Dorota Kluz<br \/>Kierownik warsztat\u00f3w &#8211; mgr in\u017c. Adam Walatek<br \/>Kierownik szkolenia praktycznego- mgr in\u017c. Paulina Mr\u00f3z<\/p>\t\t\t\t\t\t\t\t<\/div>\n\t\t\t\t<\/div>\n\t\t\t\t<div class=\"elementor-element elementor-element-089669f elementor-widget__width-initial elementor-widget elementor-widget-text-editor\" data-id=\"089669f\" data-element_type=\"widget\" data-widget_type=\"text-editor.default\">\n\t\t\t\t<div class=\"elementor-widget-container\">\n\t\t\t\t\t\t\t\t\t<h3><strong>Pedagodzy i psycholog szkolny<\/strong><\/h3>\t\t\t\t\t\t\t\t<\/div>\n\t\t\t\t<\/div>\n\t\t\t\t<div class=\"elementor-element elementor-element-47ffe3b elementor-widget__width-initial elementor-widget elementor-widget-text-editor\" data-id=\"47ffe3b\" data-element_type=\"widget\" data-widget_type=\"text-editor.default\">\n\t\t\t\t<div class=\"elementor-widget-container\">\n\t\t\t\t\t\t\t\t\t<p>mgr Monika Bia\u0142ek- pedagog specjalny, zaj\u0119cia rewalidacyjne<br \/>mgr Urszula Kami\u0144szczyk- pedagog, zaj\u0119cia rewalidacyjne z oligofrenopedagogiem, zaj\u0119cia<br \/>socjoterapeutyczne<br \/>mgr Natalia Karpova \u2013 psycholog<\/p>\t\t\t\t\t\t\t\t<\/div>\n\t\t\t\t<\/div>\n\t\t\t\t\t<\/div>\n\t\t\t\t<\/div>\n\t\t<div class=\"elementor-element elementor-element-9311045 e-flex e-con-boxed e-con e-parent\" data-id=\"9311045\" data-element_type=\"container\">\n\t\t\t\t\t<div class=\"e-con-inner\">\n\t\t\t\t<div class=\"elementor-element elementor-element-02e733f elementor-widget__width-initial elementor-widget elementor-widget-text-editor\" data-id=\"02e733f\" data-element_type=\"widget\" data-widget_type=\"text-editor.default\">\n\t\t\t\t<div class=\"elementor-widget-container\">\n\t\t\t\t\t\t\t\t\t<h3><strong>Nauczyciele<\/strong><\/h3>\t\t\t\t\t\t\t\t<\/div>\n\t\t\t\t<\/div>\n\t\t\t\t<div class=\"elementor-element elementor-element-7487ad2 elementor-widget__width-initial elementor-widget elementor-widget-text-editor\" data-id=\"7487ad2\" data-element_type=\"widget\" data-widget_type=\"text-editor.default\">\n\t\t\t\t<div class=\"elementor-widget-container\">\n\t\t\t\t\t\t\t\t\t<p>mgr Renata Adamska \u2013 j\u0119zyk polski, historia, edukacja obywatelska<br \/>mgr Monika Baron \u2013 j\u0119zyk niemiecki, nauczyciel wsp\u00f3\u0142organizuj\u0105cy proces kszta\u0142cenia<br \/>mgr Monika Bia\u0142ek \u2013 zaj\u0119cia rewalidacyjne<br \/>mgr Zofia Biernat \u2013 j\u0119zyk polski<br \/>mgr Klaudia Bluj \u2013 j\u0119zyk hiszpa\u0144ski<br \/>mgr Ewelina Chorostecki \u2013 j\u0119zyk angielski<br \/>Karolina Duraj \u2013 R\u00f3\u017cycka \u2013 przedmioty zawodowe w zawodzie kucharz<br \/>Bogus\u0142awa Dutkiewicz- j\u0119zyk angielski, j\u0119zyk obcy zawodowy<br \/>mgr Justyna Gartman \u2013 nauczyciel wsp\u00f3\u0142organizuj\u0105cy proces kszta\u0142cenia<br \/>mgr Arkadiusz Gawron \u2013 wychowanie fizyczne, przedmioty zawodowe w zawodzie mechanik<br \/>&#8211; operator pojazd\u00f3w i maszyn rolniczych<br \/>mgr Patrycja Gawron \u2013 nauczyciel wsp\u00f3\u0142organizuj\u0105cy proces kszta\u0142cenia, j\u0119zyk angielski<br \/>Martyna Gibas &#8211; przedmioty zawodowe w zawodzie technik hodowca koni<br \/>mgr Dorota G\u00f3rska \u2013 przedmioty zawodowe w zawodzie technik hotelarstwa<br \/>mgr Renata Grzegorzek \u2013 matematyka<br \/>Zuzanna Janczak \u2013 przedmioty zawodowe w zawodzie technik hodowca koni<br \/>mgr Katarzyna Juraszek \u2013 Wiewi\u00f3ra \u2013 geografia<br \/>mgr Pawe\u0142 Jureczka \u2013 przedmioty zawodowe w zawodzie pszczelarz<br \/>mgr Urszula Kami\u0144szczyk- zaj\u0119cia rewalidacyjne z oligofrenopedagogiem, zaj\u0119cia<br \/>socjoterapeutyczne<br \/>mgr Kornelia Kantyka \u2013 biologia, chemia<br \/>mgr Anna Kami\u0144ska \u2013 szkolenie wojskowe, matematyka, fizyka<br \/>mgr Paulina Kasprzyk &#8211; matematyka<br \/>Stanis\u0142aw K\u0119pka \u2013 szkolenie sportowe- biathlon<br \/>mgr Jaros\u0142aw Kluz \u2013 wychowanie fizyczne, edukacja dla bezpiecze\u0144stwa<br \/>mgr Tomasz Korczak \u2013 wychowanie fizyczne<br \/>mgr Teresa Kubielas \u2013 j\u0119zyk angielski<br \/>mgr Ewa Kufel \u2013 j\u0119zyk niemiecki<br \/>dr Ireneusz Kulesza \u2013 szkolenie wojskowe &#8211; drony<br \/>mgr in\u017c. Czes\u0142aw Malinka \u2013 przedmioty zawodowe w zawodzie mechanik &#8211; operator<br \/>pojazd\u00f3w i maszyn rolniczych<br \/>mgr Iwona Miko\u0142ajczyk \u2013 j\u0119zyk angielski, j\u0119zyk obcy zawodowy<br \/>mgr in\u017c. Paulina Mr\u00f3z \u2013 przedmioty zawodowe w zawodzie technik hodowca koni, doradztwo<br \/>zawodowe<br \/>mgr Sylwia Ostrowska \u2013 Dybczak \u2013 przedmioty zawodowe w zawodzie kucharz<br \/>mgr Joanna Paciecha \u2013 j\u0119zyk niemiecki, zaj\u0119cia rewalidacyjne<br \/>mgr Aneta Piela &#8211; matematyka<br \/>dr Agnieszka Presz- biznes i zarz\u0105dzenie, podstawy marketingu i zarz\u0105dzania<br \/>mgr Agnieszka Prochownik \u2013 Kulec \u2013 wychowanie fizyczne<br \/>mgr in\u017c. Iwona Sat\u0142awa \u2013 przedmioty zawodowe w zawodzie hodowca koni<br \/>mgr Bernadeta Socha \u2013 W\u0142oczek \u2013 matematyka, fizyka<br \/>mgr in\u017c. Anna Stachura &#8211; przedmioty zawodowe w zawodzie kucharz<br \/>mgr Marta Stajniak \u2013 wychowanie fizyczne, zaj\u0119cia rewalidacyjne<br \/>mgr Edyta Sucho\u0144ska \u2013 historia, zaj\u0119cia rewalidacyjne, edukacja obywatelska<br \/>mgr Paulina Szewczyk \u2013 matematyka, informatyka<br \/>mgr in\u017c. Janina \u015acieszka \u2013 biologia, przedmioty zawodowe w zawodzie technik hodowca koni<br \/>oraz pszczelarz<br \/>mgr Alicja \u015al\u0119zak \u2013 Stachulak \u2013 j\u0119zyk polski, zaj\u0119cia rewalidacyjne<br \/>mgr Ewa Tch\u00f3rzewska \u2013 Pierlak \u2013 j\u0119zyk polski, j\u0119zyk angielski, j\u0119zyk obcy zawodowy<br \/>mgr Andrzej Toczek \u2013 edukacja dla bezpiecze\u0144stwa, szkolenie wojskowe, edukacja wojskowa<br \/>mgr in\u017c. Daniel Tomaszek &#8211; przedmioty zawodowe w zawodzie mechanik &#8211; operator<br \/>pojazd\u00f3w i maszyn rolniczych<br \/>mgr Joanna Tomaszek \u2013 biologia<br \/>mgr Mariusz Urbaniec \u2013 historia, edukacja obywatelska<br \/>mgr Adam Walatek &#8211; przedmioty zawodowe w zawodzie mechanik &#8211; operator pojazd\u00f3w i<br \/>maszyn rolniczych oraz technik hodowca koni<br \/>mgr Agata Wandzel \u2013 wychowanie fizyczne<br \/>mgr Barbara Widzyk &#8211; chemia<br \/>mgr Jolanta Winiarska \u2013 Hankus- przedmioty zawodowe w zawodzie technik hotelarstwa<br \/>mgr Marek Wis\u0142a \u2013 informatyka<br \/>mgr Tomasz Wolny \u2013 szkolenie sportowe boks<br \/>mgr Dorota Z\u0105bek \u2013 j\u0119zyk polski, zaj\u0119cia socjoterapeutyczne<br \/>mgr Szymon Za\u0142\u0119ski \u2013 religia, filozofia<\/p>\t\t\t\t\t\t\t\t<\/div>\n\t\t\t\t<\/div>\n\t\t\t\t<div class=\"elementor-element elementor-element-6edb8e2 elementor-widget__width-initial elementor-widget elementor-widget-text-editor\" data-id=\"6edb8e2\" data-element_type=\"widget\" data-widget_type=\"text-editor.default\">\n\t\t\t\t<div class=\"elementor-widget-container\">\n\t\t\t\t\t\t\t\t\t<h3><strong>Bursa<\/strong><\/h3>\t\t\t\t\t\t\t\t<\/div>\n\t\t\t\t<\/div>\n\t\t\t\t<div class=\"elementor-element elementor-element-f08fbbf elementor-widget__width-initial elementor-widget elementor-widget-text-editor\" data-id=\"f08fbbf\" data-element_type=\"widget\" data-widget_type=\"text-editor.default\">\n\t\t\t\t<div class=\"elementor-widget-container\">\n\t\t\t\t\t\t\t\t\t<p>mgr Edyta Walatek-Kowalewska- obowi\u0105zki bibliotekarza, obowi\u0105zki wychowawcy w bursie<br \/>mgr Ewa Ha\u0144czak- obowi\u0105zki wychowawcy w bursie<br \/>mgr Piotr Ha\u0144czak- obowi\u0105zki wychowawcy w bursie<br \/>mgr Dominik Kufel- obowi\u0105zki wychowawcy w bursie<br \/>mgr Monika B\u0142otko &#8211; obowi\u0105zki wychowawcy w bursie<br \/>Barbara Sanetra-Wanczura &#8211; obowi\u0105zki wychowawcy w bursie<\/p>\t\t\t\t\t\t\t\t<\/div>\n\t\t\t\t<\/div>\n\t\t\t\t<div class=\"elementor-element elementor-element-4e85c1d elementor-widget elementor-widget-heading\" data-id=\"4e85c1d\" data-element_type=\"widget\" data-widget_type=\"heading.default\">\n\t\t\t\t<div class=\"elementor-widget-container\">\n\t\t\t\t\t<h2 class=\"elementor-heading-title elementor-size-default\">Sekretariat<\/h2>\t\t\t\t<\/div>\n\t\t\t\t<\/div>\n\t\t\t\t<div class=\"elementor-element elementor-element-7e71542 elementor-widget__width-initial elementor-widget elementor-widget-text-editor\" data-id=\"7e71542\" data-element_type=\"widget\" data-widget_type=\"text-editor.default\">\n\t\t\t\t<div class=\"elementor-widget-container\">\n\t\t\t\t\t\t\t\t\t<p>Karolina Por\u0119bska<br \/><br \/>Kierownik gospodarczy:<br \/>Dorota Hulb\u00f3j<\/p><p>Intendent:<br \/>Gra\u017cyna Firleta<\/p>\t\t\t\t\t\t\t\t<\/div>\n\t\t\t\t<\/div>\n\t\t\t\t<div class=\"elementor-element elementor-element-36bebd8 elementor-widget elementor-widget-heading\" data-id=\"36bebd8\" data-element_type=\"widget\" data-widget_type=\"heading.default\">\n\t\t\t\t<div class=\"elementor-widget-container\">\n\t\t\t\t\t<h2 class=\"elementor-heading-title elementor-size-default\">Schronisko m\u0142odzie\u017cowe<\/h2>\t\t\t\t<\/div>\n\t\t\t\t<\/div>\n\t\t\t\t<div class=\"elementor-element elementor-element-1000a94 elementor-widget__width-initial elementor-widget elementor-widget-text-editor\" data-id=\"1000a94\" data-element_type=\"widget\" data-widget_type=\"text-editor.default\">\n\t\t\t\t<div class=\"elementor-widget-container\">\n\t\t\t\t\t\t\t\t\t<p>Sabina Pietraszko<\/p>\t\t\t\t\t\t\t\t<\/div>\n\t\t\t\t<\/div>\n\t\t\t\t<div class=\"elementor-element elementor-element-629fd5e elementor-widget elementor-widget-heading\" data-id=\"629fd5e\" data-element_type=\"widget\" data-widget_type=\"heading.default\">\n\t\t\t\t<div class=\"elementor-widget-container\">\n\t\t\t\t\t<h2 class=\"elementor-heading-title elementor-size-default\">Obs\u0142uga<\/h2>\t\t\t\t<\/div>\n\t\t\t\t<\/div>\n\t\t\t\t<div class=\"elementor-element elementor-element-bf8aaca elementor-widget__width-initial elementor-widget elementor-widget-text-editor\" data-id=\"bf8aaca\" data-element_type=\"widget\" data-widget_type=\"text-editor.default\">\n\t\t\t\t<div class=\"elementor-widget-container\">\n\t\t\t\t\t\t\t\t\t<p>Jolanta Liszka &#8211; wo\u017ana<br \/>Anita Hasanaj<br \/>Agata Dziki<br \/>El\u017cbieta Tomaszek<br \/>Agata B\u0142achut<br \/>Ewa Czulak<br \/>Natalia Laburda<br \/>Amelia Miga\u0142a<br \/>Jakub Kittner<br \/>Marcin Staszkiewicz<br \/>W\u0142adys\u0142aw Tomaszek<br \/>Miros\u0142aw Harat<br \/>Cha\u0142upnik Sabian<\/p>\t\t\t\t\t\t\t\t<\/div>\n\t\t\t\t<\/div>\n\t\t\t\t<div class=\"elementor-element elementor-element-bb2621d elementor-widget elementor-widget-heading\" data-id=\"bb2621d\" data-element_type=\"widget\" data-widget_type=\"heading.default\">\n\t\t\t\t<div class=\"elementor-widget-container\">\n\t\t\t\t\t<h2 class=\"elementor-heading-title elementor-size-default\">Kuchnia<\/h2>\t\t\t\t<\/div>\n\t\t\t\t<\/div>\n\t\t\t\t<div class=\"elementor-element elementor-element-fab8549 elementor-widget__width-initial elementor-widget elementor-widget-text-editor\" data-id=\"fab8549\" data-element_type=\"widget\" data-widget_type=\"text-editor.default\">\n\t\t\t\t<div class=\"elementor-widget-container\">\n\t\t\t\t\t\t\t\t\t<p>Agnieszka Tracz \u2013 szefowa kuchni<br \/>Iwona Pawlus<br \/>Sylwia Gawli\u0144ska<\/p>\t\t\t\t\t\t\t\t<\/div>\n\t\t\t\t<\/div>\n\t\t\t\t\t<\/div>\n\t\t\t\t<\/div>\n\t\t<div class=\"elementor-element elementor-element-391c411 e-flex e-con-boxed e-con e-parent\" data-id=\"391c411\" data-element_type=\"container\">\n\t\t\t\t\t<div class=\"e-con-inner\">\n\t\t\t\t<div class=\"elementor-element elementor-element-bf15f92 elementor-widget elementor-widget-text-editor\" data-id=\"bf15f92\" data-element_type=\"widget\" data-widget_type=\"text-editor.default\">\n\t\t\t\t<div class=\"elementor-widget-container\">\n\t\t\t\t\t\t\t\t\t<h3><span style=\"color: #000000;\">Ksi\u0119gowo\u015b\u0107\u00a0<\/span><\/h3><div><span style=\"color: #000000;\">Helena Socha &#8211; G\u0142\u00f3wny ksi\u0119gowy<\/span><br \/><span style=\"color: #000000;\">Agata Cul<\/span><br \/><span style=\"color: #000000;\">Karolina Cendrzak<\/span><\/div>\t\t\t\t\t\t\t\t<\/div>\n\t\t\t\t<\/div>\n\t\t\t\t\t<\/div>\n\t\t\t\t<\/div>\n\t\t\t\t<\/div>\n\t\t","protected":false},"excerpt":{"rendered":"<p>Kadra Dyrekcja Dyrektor \u2013 mgr Miros\u0142aw StaszkiewiczZ- ca dyrektora \u2013 mgr Monika BaronZ- ca dyrektora \u2013 mgr Dorota KluzKierownik warsztat\u00f3w &#8211; mgr in\u017c. Adam WalatekKierownik szkolenia praktycznego- mgr in\u017c. Paulina Mr\u00f3z Pedagodzy i psycholog szkolny mgr Monika Bia\u0142ek- pedagog specjalny, zaj\u0119cia rewalidacyjnemgr Urszula Kami\u0144szczyk- pedagog, zaj\u0119cia rewalidacyjne z oligofrenopedagogiem, zaj\u0119ciasocjoterapeutycznemgr Natalia Karpova \u2013 psycholog Nauczyciele [&hellip;]<\/p>\n","protected":false},"author":1,"featured_media":0,"parent":0,"menu_order":0,"comment_status":"closed","ping_status":"closed","template":"","meta":{"footnotes":""},"class_list":["post-3122","page","type-page","status-publish","hentry"],"_links":{"self":[{"href":"https:\/\/www.moszczanica.pl\/index.php\/wp-json\/wp\/v2\/pages\/3122","targetHints":{"allow":["GET"]}}],"collection":[{"href":"https:\/\/www.moszczanica.pl\/index.php\/wp-json\/wp\/v2\/pages"}],"about":[{"href":"https:\/\/www.moszczanica.pl\/index.php\/wp-json\/wp\/v2\/types\/page"}],"author":[{"embeddable":true,"href":"https:\/\/www.moszczanica.pl\/index.php\/wp-json\/wp\/v2\/users\/1"}],"replies":[{"embeddable":true,"href":"https:\/\/www.moszczanica.pl\/index.php\/wp-json\/wp\/v2\/comments?post=3122"}],"version-history":[{"count":103,"href":"https:\/\/www.moszczanica.pl\/index.php\/wp-json\/wp\/v2\/pages\/3122\/revisions"}],"predecessor-version":[{"id":6419,"href":"https:\/\/www.moszczanica.pl\/index.php\/wp-json\/wp\/v2\/pages\/3122\/revisions\/6419"}],"wp:attachment":[{"href":"https:\/\/www.moszczanica.pl\/index.php\/wp-json\/wp\/v2\/media?parent=3122"}],"curies":[{"name":"wp","href":"https:\/\/api.w.org\/{rel}","templated":true}]}}