{"id":3101,"date":"2025-06-20T17:03:03","date_gmt":"2025-06-20T15:03:03","guid":{"rendered":"https:\/\/www.moszczanica.pl\/?page_id=3101"},"modified":"2025-09-12T17:13:54","modified_gmt":"2025-09-12T15:13:54","slug":"historia-szkoly-2","status":"publish","type":"page","link":"https:\/\/www.moszczanica.pl\/index.php\/historia-szkoly-2\/","title":{"rendered":"Historia szko\u0142y"},"content":{"rendered":"\t\t<div data-elementor-type=\"wp-page\" data-elementor-id=\"3101\" class=\"elementor elementor-3101\" data-elementor-post-type=\"page\">\n\t\t\t\t<div class=\"elementor-element elementor-element-7e1f2b9 e-flex e-con-boxed e-con e-parent\" data-id=\"7e1f2b9\" data-element_type=\"container\">\n\t\t\t\t\t<div class=\"e-con-inner\">\n\t\t\t\t<div class=\"elementor-element elementor-element-f60a16b elementor-widget elementor-widget-heading\" data-id=\"f60a16b\" data-element_type=\"widget\" data-widget_type=\"heading.default\">\n\t\t\t\t<div class=\"elementor-widget-container\">\n\t\t\t\t\t<h1 class=\"elementor-heading-title elementor-size-default\">Historia szko\u0142y<\/h1>\t\t\t\t<\/div>\n\t\t\t\t<\/div>\n\t\t\t\t\t<\/div>\n\t\t\t\t<\/div>\n\t\t<div class=\"elementor-element elementor-element-abf3f91 e-flex e-con-boxed e-con e-parent\" data-id=\"abf3f91\" data-element_type=\"container\">\n\t\t\t\t\t<div class=\"e-con-inner\">\n\t\t\t\t<div class=\"elementor-element elementor-element-f52f71a elementor-widget elementor-widget-heading\" data-id=\"f52f71a\" data-element_type=\"widget\" data-widget_type=\"heading.default\">\n\t\t\t\t<div class=\"elementor-widget-container\">\n\t\t\t\t\t<h2 class=\"elementor-heading-title elementor-size-default\">Szko\u0142a z tradycjami<\/h2>\t\t\t\t<\/div>\n\t\t\t\t<\/div>\n\t\t\t\t\t<\/div>\n\t\t\t\t<\/div>\n\t\t<div class=\"elementor-element elementor-element-7c1de20 e-flex e-con-boxed e-con e-parent\" data-id=\"7c1de20\" data-element_type=\"container\">\n\t\t\t\t\t<div class=\"e-con-inner\">\n\t\t\t\t<div class=\"elementor-element elementor-element-a2bb45c elementor-widget__width-initial elementor-widget elementor-widget-text-editor\" data-id=\"a2bb45c\" data-element_type=\"widget\" data-widget_type=\"text-editor.default\">\n\t\t\t\t<div class=\"elementor-widget-container\">\n\t\t\t\t\t\t\t\t\t<p>Zesp\u00f3\u0142 Szk\u00f3\u0142 Agrotechnicznych i Og\u00f3lnokszta\u0142c\u0105cych to plac\u00f3wka z d\u0142ugoletnimi tradycjami. Pierwszy dzwonek w tej szkole us\u0142yszano 1 wrze\u015bnia 1945 roku i od tamtego momentu wiele razy przeobra\u017ca\u0142a si\u0119, zmienia\u0142a i unowocze\u015bnia\u0142a.<\/p>\t\t\t\t\t\t\t\t<\/div>\n\t\t\t\t<\/div>\n\t\t\t\t\t<\/div>\n\t\t\t\t<\/div>\n\t\t<div class=\"elementor-element elementor-element-e4d0de5 e-flex e-con-boxed e-con e-parent\" data-id=\"e4d0de5\" data-element_type=\"container\">\n\t\t\t\t\t<div class=\"e-con-inner\">\n\t\t\t\t<div class=\"elementor-element elementor-element-026b951 elementor-widget elementor-widget-image\" data-id=\"026b951\" data-element_type=\"widget\" data-widget_type=\"image.default\">\n\t\t\t\t<div class=\"elementor-widget-container\">\n\t\t\t\t\t\t\t\t\t\t\t\t\t\t\t<img fetchpriority=\"high\" decoding=\"async\" width=\"450\" height=\"273\" src=\"https:\/\/www.moszczanica.pl\/wp-content\/uploads\/2025\/06\/a52452b9e2000cf7b1589fb52797d4da4bb11681.jpg\" class=\"attachment-full size-full wp-image-1936\" alt=\"historia szko\u0142y\" srcset=\"https:\/\/www.moszczanica.pl\/wp-content\/uploads\/2025\/06\/a52452b9e2000cf7b1589fb52797d4da4bb11681.jpg 450w, https:\/\/www.moszczanica.pl\/wp-content\/uploads\/2025\/06\/a52452b9e2000cf7b1589fb52797d4da4bb11681-300x182.jpg 300w\" sizes=\"(max-width: 450px) 100vw, 450px\" \/>\t\t\t\t\t\t\t\t\t\t\t\t\t\t\t<\/div>\n\t\t\t\t<\/div>\n\t\t\t\t<div class=\"elementor-element elementor-element-ba12844 elementor-widget__width-initial elementor-widget-widescreen__width-initial elementor-widget elementor-widget-text-editor\" data-id=\"ba12844\" data-element_type=\"widget\" data-widget_type=\"text-editor.default\">\n\t\t\t\t<div class=\"elementor-widget-container\">\n\t\t\t\t\t\t\t\t\t<p>Na pocz\u0105tku by\u0142o to \u017be\u0144skie Gimnazjum Rolnicze, nast\u0119pnie Szko\u0142a Gospodarstwa Wiejskiego, Technikum Rolnicze, Technikum Hodowlane, a od 1970 roku Zesp\u00f3\u0142 Szk\u00f3\u0142 Rolniczych. 1 wrze\u015bnia 2006 r. to kolejna wa\u017cna data w historii szko\u0142y \u2013 zmieni\u0142a ona nazw\u0119 na Zesp\u00f3\u0142 Szk\u00f3\u0142 Agrotechnicznych i Og\u00f3lnokszta\u0142c\u0105cych, a nowym patronem szko\u0142y zosta\u0142 marsza\u0142ek J\u00f3zef Pi\u0142sudski. Zacz\u0119to kszta\u0142ci\u0107 w nowych zawodach: technik hotelarstwa, technik agrobiznesu, technik \u017cywienia i gospodarstwa domowego. Nieco p\u00f3\u017aniej \u2013 technik obs\u0142ugi turystycznej. Du\u017cym powodzeniem ciesz\u0105 si\u0119 do tej pory licea: klasy wojskowe i klasy mistrzostwa sportowego (biathlon i boks), a tak\u017ce bran\u017cowe szko\u0142y w zawodach: kucharz oraz mechanik-operator pojazd\u00f3w i maszyn rolniczych. Szko\u0142a ca\u0142y czas dostosowuje swoj\u0105 ofert\u0119 edukacyjn\u0105 do potrzeb rynku i zainteresowa\u0144 m\u0142odzie\u017cy. W 2020 r. zosta\u0142o utworzone Centrum Edukacji Ekologicznej ARKA, kt\u00f3re powsta\u0142o dzi\u0119ki dofinansowaniu z Europejskiego Funduszu Rozwoju Regionalnego w ramach Regionalnego Programu Operacyjnego Wojew\u00f3dztwa \u015al\u0105skiego na lata 2014-2020. Teren ZSAiO to prawie 100 hektar\u00f3w ziemi. Obecnie w sk\u0142ad Zespo\u0142u Szk\u00f3\u0142 Agrotechnicznych i Og\u00f3lnokszta\u0142c\u0105cych im. J\u00f3zefa Pi\u0142sudskiego w \u017bywcu wchodz\u0105: budynek g\u0142\u00f3wny szko\u0142y, warsztaty, Bursa nr 2, Szkolne Schronisko M\u0142odzie\u017cowe, Centrum Edukacji Ekologicznej ARKA, dworek K\u0119pi\u0144skich, gospodarstwo, parkur, park. Szko\u0142a przez ostatnich kilka lat jest sukcesywnie modernizowana. Dzi\u0119ki projektom:\u201d Modernizacja infrastruktury edukacyjnej wspieraj\u0105ca dostosowanie do lokalnego rynku pracy\u201d oraz \u201eRozszerzenie oferty edukacyjnej w celu dostosowania do potrzeb lokalnego rynku pracy\u201d zosta\u0142y wyremontowane pracownie zawodowe i zrealizowane sta\u017ce dla uczni\u00f3w. Dodatkowym atutem w szkole jest pracownia Biofeedback oraz zmodernizowana i doposa\u017cona sala biologii, kt\u00f3ra powsta\u0142a dzi\u0119ki dofinansowaniu z programu EFS \u2013 Ucz\u0119 si\u0119 dzi\u015b, \u017ceby zarabia\u0107 jutro. Powstanie nowoczesnej Zielonej pracowni przy wsp\u00f3\u0142pracy z Wojew\u00f3dzkim Funduszem Ochrony \u015arodowiska i Gospodarki Wodnej w Katowicach przyczyni\u0142o si\u0119 do poszerzenia bazy dydaktycznej w szkole.<\/p><p>W latach 2020-2021 szko\u0142a zmieni\u0142a sw\u00f3j wygl\u0105d dzi\u0119ki termomodernizacji trzech obiekt\u00f3w szkolnych oraz wymianie pokrycia dachowego g\u0142\u00f3wnego budynku. Mo\u017cna \u015bmia\u0142o stwierdzi\u0107, \u017ce plac\u00f3wka, po\u0142o\u017cona w tak pi\u0119knie usytuowanym terenie, zachwyca niejednego polskiego i zagranicznego go\u015bcia, a uczniom stwarza przyjemn\u0105 i mi\u0142\u0105 atmosfer\u0119 do nauki. Nowoczesne oblicze uzyska\u0142y tak\u017ce: sekretariat, gabinety dyrektor\u00f3w, pomieszczenia administracyjne.<\/p><p>Szko\u0142a ca\u0142y czas zmienia swoje oblicze, unowocze\u015bniaj\u0105c i rozszerzaj\u0105c swoj\u0105 baz\u0119 dydaktyczn\u0105 po to, by spos\u00f3b prowadzenia lekcji by\u0142 atrakcyjny dla uczni\u00f3w obecnych, jak i przysz\u0142ych, a tak\u017ce nauczycieli.<\/p>\t\t\t\t\t\t\t\t<\/div>\n\t\t\t\t<\/div>\n\t\t\t\t<div class=\"elementor-element elementor-element-cdf22fd elementor-widget elementor-widget-image\" data-id=\"cdf22fd\" data-element_type=\"widget\" data-widget_type=\"image.default\">\n\t\t\t\t<div class=\"elementor-widget-container\">\n\t\t\t\t\t\t\t\t\t\t\t\t\t\t\t<img decoding=\"async\" width=\"816\" height=\"401\" src=\"https:\/\/www.moszczanica.pl\/wp-content\/uploads\/2025\/06\/image-38.png\" class=\"attachment-full size-full wp-image-3118\" alt=\"historia szko\u0142y\" srcset=\"https:\/\/www.moszczanica.pl\/wp-content\/uploads\/2025\/06\/image-38.png 816w, https:\/\/www.moszczanica.pl\/wp-content\/uploads\/2025\/06\/image-38-300x147.png 300w, https:\/\/www.moszczanica.pl\/wp-content\/uploads\/2025\/06\/image-38-768x377.png 768w\" sizes=\"(max-width: 816px) 100vw, 816px\" \/>\t\t\t\t\t\t\t\t\t\t\t\t\t\t\t<\/div>\n\t\t\t\t<\/div>\n\t\t\t\t\t<\/div>\n\t\t\t\t<\/div>\n\t\t<div class=\"elementor-element elementor-element-6ac4e96 e-flex e-con-boxed e-con e-parent\" data-id=\"6ac4e96\" data-element_type=\"container\">\n\t\t\t\t\t<div class=\"e-con-inner\">\n\t\t\t\t<div class=\"elementor-element elementor-element-9464b7a elementor-widget elementor-widget-image\" data-id=\"9464b7a\" data-element_type=\"widget\" data-widget_type=\"image.default\">\n\t\t\t\t<div class=\"elementor-widget-container\">\n\t\t\t\t\t\t\t\t\t\t\t\t\t\t\t<img decoding=\"async\" src=\"https:\/\/www.moszczanica.pl\/wp-content\/uploads\/2025\/09\/IMG-20250515-WA00061.jpg\" title=\"IMG-20250515-WA0006(1)\" alt=\"IMG-20250515-WA0006(1)\" loading=\"lazy\" \/>\t\t\t\t\t\t\t\t\t\t\t\t\t\t\t<\/div>\n\t\t\t\t<\/div>\n\t\t\t\t\t<\/div>\n\t\t\t\t<\/div>\n\t\t<div class=\"elementor-element elementor-element-4fc74ff e-flex e-con-boxed e-con e-parent\" data-id=\"4fc74ff\" data-element_type=\"container\">\n\t\t\t\t\t<div class=\"e-con-inner\">\n\t\t\t\t<div class=\"elementor-element elementor-element-7f1d0d4 elementor-widget elementor-widget-video\" data-id=\"7f1d0d4\" data-element_type=\"widget\" data-settings=\"{&quot;video_type&quot;:&quot;hosted&quot;,&quot;controls&quot;:&quot;yes&quot;}\" data-widget_type=\"video.default\">\n\t\t\t\t<div class=\"elementor-widget-container\">\n\t\t\t\t\t\t\t<div class=\"e-hosted-video elementor-wrapper elementor-open-inline\">\n\t\t\t\t\t<video class=\"elementor-video\" src=\"https:\/\/www.moszczanica.pl\/wp-content\/uploads\/2025\/09\/Film1_dron.mp4\" controls=\"\" preload=\"metadata\" controlsList=\"nodownload\"><\/video>\n\t\t\t\t<\/div>\n\t\t\t\t\t\t<\/div>\n\t\t\t\t<\/div>\n\t\t\t\t\t<\/div>\n\t\t\t\t<\/div>\n\t\t\t\t<\/div>\n\t\t","protected":false},"excerpt":{"rendered":"<p>Historia szko\u0142y Szko\u0142a z tradycjami Zesp\u00f3\u0142 Szk\u00f3\u0142 Agrotechnicznych i Og\u00f3lnokszta\u0142c\u0105cych to plac\u00f3wka z d\u0142ugoletnimi tradycjami. Pierwszy dzwonek w tej szkole us\u0142yszano 1 wrze\u015bnia 1945 roku i od tamtego momentu wiele razy przeobra\u017ca\u0142a si\u0119, zmienia\u0142a i unowocze\u015bnia\u0142a. Na pocz\u0105tku by\u0142o to \u017be\u0144skie Gimnazjum Rolnicze, nast\u0119pnie Szko\u0142a Gospodarstwa Wiejskiego, Technikum Rolnicze, Technikum Hodowlane, a od 1970 roku [&hellip;]<\/p>\n","protected":false},"author":1,"featured_media":0,"parent":0,"menu_order":0,"comment_status":"closed","ping_status":"closed","template":"","meta":{"footnotes":""},"class_list":["post-3101","page","type-page","status-publish","hentry"],"_links":{"self":[{"href":"https:\/\/www.moszczanica.pl\/index.php\/wp-json\/wp\/v2\/pages\/3101","targetHints":{"allow":["GET"]}}],"collection":[{"href":"https:\/\/www.moszczanica.pl\/index.php\/wp-json\/wp\/v2\/pages"}],"about":[{"href":"https:\/\/www.moszczanica.pl\/index.php\/wp-json\/wp\/v2\/types\/page"}],"author":[{"embeddable":true,"href":"https:\/\/www.moszczanica.pl\/index.php\/wp-json\/wp\/v2\/users\/1"}],"replies":[{"embeddable":true,"href":"https:\/\/www.moszczanica.pl\/index.php\/wp-json\/wp\/v2\/comments?post=3101"}],"version-history":[{"count":43,"href":"https:\/\/www.moszczanica.pl\/index.php\/wp-json\/wp\/v2\/pages\/3101\/revisions"}],"predecessor-version":[{"id":6057,"href":"https:\/\/www.moszczanica.pl\/index.php\/wp-json\/wp\/v2\/pages\/3101\/revisions\/6057"}],"wp:attachment":[{"href":"https:\/\/www.moszczanica.pl\/index.php\/wp-json\/wp\/v2\/media?parent=3101"}],"curies":[{"name":"wp","href":"https:\/\/api.w.org\/{rel}","templated":true}]}}