{"id":2959,"date":"2025-06-20T15:10:56","date_gmt":"2025-06-20T13:10:56","guid":{"rendered":"https:\/\/www.moszczanica.pl\/?page_id=2959"},"modified":"2026-01-08T12:32:03","modified_gmt":"2026-01-08T11:32:03","slug":"mechanik-operator-pojazdow-i-maszyn-rolniczych","status":"publish","type":"page","link":"https:\/\/www.moszczanica.pl\/index.php\/mechanik-operator-pojazdow-i-maszyn-rolniczych\/","title":{"rendered":"Mechanik &#8211; operator pojazd\u00f3w i maszyn rolniczych"},"content":{"rendered":"\t\t<div data-elementor-type=\"wp-page\" data-elementor-id=\"2959\" class=\"elementor elementor-2959\" data-elementor-post-type=\"page\">\n\t\t\t\t<div class=\"elementor-element elementor-element-648097d e-flex e-con-boxed e-con e-parent\" data-id=\"648097d\" data-element_type=\"container\">\n\t\t\t\t\t<div class=\"e-con-inner\">\n\t\t\t\t<div class=\"elementor-element elementor-element-521425c elementor-widget elementor-widget-heading\" data-id=\"521425c\" data-element_type=\"widget\" data-widget_type=\"heading.default\">\n\t\t\t\t<div class=\"elementor-widget-container\">\n\t\t\t\t\t<h2 class=\"elementor-heading-title elementor-size-default\">Mechanik - operator pojazd\u00f3w i maszyn rolniczych<\/h2>\t\t\t\t<\/div>\n\t\t\t\t<\/div>\n\t\t\t\t\t<\/div>\n\t\t\t\t<\/div>\n\t\t<div class=\"elementor-element elementor-element-1e3d853 e-flex e-con-boxed e-con e-parent\" data-id=\"1e3d853\" data-element_type=\"container\">\n\t\t\t\t\t<div class=\"e-con-inner\">\n\t\t\t\t<div class=\"elementor-element elementor-element-83d2ade elementor-widget__width-initial elementor-widget elementor-widget-text-editor\" data-id=\"83d2ade\" data-element_type=\"widget\" data-widget_type=\"text-editor.default\">\n\t\t\t\t<div class=\"elementor-widget-container\">\n\t\t\t\t\t\t\t\t\t<p>Do uzupe\u0142nienia Mechanik<\/p>\t\t\t\t\t\t\t\t<\/div>\n\t\t\t\t<\/div>\n\t\t\t\t\t<\/div>\n\t\t\t\t<\/div>\n\t\t<div class=\"elementor-element elementor-element-8f451cc e-flex e-con-boxed e-con e-parent\" data-id=\"8f451cc\" data-element_type=\"container\">\n\t\t\t\t\t<div class=\"e-con-inner\">\n\t\t\t\t<div class=\"elementor-element elementor-element-bd24b92 elementor-widget elementor-widget-heading\" data-id=\"bd24b92\" data-element_type=\"widget\" data-widget_type=\"heading.default\">\n\t\t\t\t<div class=\"elementor-widget-container\">\n\t\t\t\t\t<h2 class=\"elementor-heading-title elementor-size-default\">Ciekawy zaw\u00f3d, kt\u00f3ry przygotuje ci\u0119 do wykonywania zada\u0144 z zakresu:<\/h2>\t\t\t\t<\/div>\n\t\t\t\t<\/div>\n\t\t\t\t<div class=\"elementor-element elementor-element-a7f9d78 elementor-widget__width-initial elementor-widget elementor-widget-text-editor\" data-id=\"a7f9d78\" data-element_type=\"widget\" data-widget_type=\"text-editor.default\">\n\t\t\t\t<div class=\"elementor-widget-container\">\n\t\t\t\t\t\t\t\t\t<li>u\u017cytkowania pojazd\u00f3w, narz\u0119dzi, maszyn i urz\u0105dze\u0144 stosowanych w produkcji rolniczej,\n<li>oceniania stanu technicznego pojazd\u00f3w, maszyn i urz\u0105dze\u0144 rolniczych,\n<li>kierowania i obs\u0142ugiwania ci\u0105gnik\u00f3w rolniczych,\n<li>kierowania i obs\u0142ugiwania pojazd\u00f3w samochodowych,\n<li>stosowania automatycznych uk\u0142ad\u00f3w steruj\u0105cych w procesie produkcji ro\u015blinnej i zwierz\u0119cej,\n<li>oceniania stanu technicznego sprz\u0119tu rolniczego,\n<li>wykonywania obs\u0142ugi technicznej oraz naprawy pojazd\u00f3w, maszyn, urz\u0105dze\u0144 i narz\u0119dzi rolniczych,\n<li>prowadzenia dokumentacji eksploatacyjnej sprz\u0119tu rolniczego.\n\t\t\t\t\t\t\t\t<\/div>\n\t\t\t\t<\/div>\n\t\t\t\t<div class=\"elementor-element elementor-element-3795ba2 elementor-widget elementor-widget-heading\" data-id=\"3795ba2\" data-element_type=\"widget\" data-widget_type=\"heading.default\">\n\t\t\t\t<div class=\"elementor-widget-container\">\n\t\t\t\t\t<h2 class=\"elementor-heading-title elementor-size-default\">Mo\u017cliwo\u015b\u0107 zdobycia dodatkowych uprawnie\u0144:<\/h2>\t\t\t\t<\/div>\n\t\t\t\t<\/div>\n\t\t\t\t<div class=\"elementor-element elementor-element-7b431b8 elementor-widget__width-initial elementor-widget elementor-widget-text-editor\" data-id=\"7b431b8\" data-element_type=\"widget\" data-widget_type=\"text-editor.default\">\n\t\t\t\t<div class=\"elementor-widget-container\">\n\t\t\t\t\t\t\t\t\t<li>szkolenie dla kierowc\u00f3w na kombajn do zbioru zb\u00f3\u017c,\n<li>uprawnienia kierowcy w\u00f3zka wid\u0142owego lub spawacza w ramach prowadzonych projekt\u00f3w z Unii\nEuropejskiej,\n<li>uprawnienia rolnicze, potrzebne do prowadzenia gospodarstwa rolnego, nabycia ziemi oraz\nkorzystanie z r\u00f3\u017cnego rodzaju dop\u0142at i program\u00f3w unijnych.\n\t\t\t\t\t\t\t\t<\/div>\n\t\t\t\t<\/div>\n\t\t\t\t<div class=\"elementor-element elementor-element-695181c elementor-widget elementor-widget-heading\" data-id=\"695181c\" data-element_type=\"widget\" data-widget_type=\"heading.default\">\n\t\t\t\t<div class=\"elementor-widget-container\">\n\t\t\t\t\t<h2 class=\"elementor-heading-title elementor-size-default\">Zaj\u0119cia praktyczne<\/h2>\t\t\t\t<\/div>\n\t\t\t\t<\/div>\n\t\t\t\t<div class=\"elementor-element elementor-element-8c0d55a elementor-widget__width-initial elementor-widget elementor-widget-text-editor\" data-id=\"8c0d55a\" data-element_type=\"widget\" data-widget_type=\"text-editor.default\">\n\t\t\t\t<div class=\"elementor-widget-container\">\n\t\t\t\t\t\t\t\t\t<p>przeprowadzane s\u0105 w dobrze wyposa\u017conych warsztatach szkolnych, w kt\u00f3rych tak\u017ce odbywaj\u0105 si\u0119 egzaminy zawodowe. <br \/><br \/>Po uko\u0144czeniu szko\u0142y uzyskasz atrakcyjny zaw\u00f3d i uprawnienia kt\u00f3re wykorzystasz jako kierowca &#8211; operator: samochodu, ci\u0105gnika rolniczego, w\u00f3zka wid\u0142owego, b\u0119dziesz umia\u0142 u\u017cytkowa\u0107 ci\u0105gniki i maszyny rolnicze, obs\u0142ugiwa\u0107 i ocenia\u0107 stan techniczny ci\u0105gnik\u00f3w i maszyn. <br \/><br \/>Ko\u0144cz\u0105c szko\u0142\u0119, b\u0119dziesz m\u00f3g\u0142 pracowa\u0107 w przedsi\u0119biorstwach technicznej obs\u0142ugi wsi i rolnictwa w <br \/>warsztatach naprawczych i us\u0142ugowych oraz prowadzi\u0107 w\u0142asn\u0105 dzia\u0142alno\u015b\u0107 lub gospodarstwo rolne.<\/p>\t\t\t\t\t\t\t\t<\/div>\n\t\t\t\t<\/div>\n\t\t\t\t\t<\/div>\n\t\t\t\t<\/div>\n\t\t<div class=\"elementor-element elementor-element-3c5106a e-flex e-con-boxed e-con e-parent\" data-id=\"3c5106a\" data-element_type=\"container\">\n\t\t\t\t\t<div class=\"e-con-inner\">\n\t\t<div class=\"elementor-element elementor-element-a9144f5 e-con-full e-flex e-con e-child\" data-id=\"a9144f5\" data-element_type=\"container\">\n\t\t\t\t<div class=\"elementor-element elementor-element-ede046f elementor-widget__width-initial elementor-widget elementor-widget-image\" data-id=\"ede046f\" data-element_type=\"widget\" data-widget_type=\"image.default\">\n\t\t\t\t<div class=\"elementor-widget-container\">\n\t\t\t\t\t\t\t\t\t\t\t\t\t\t\t<img decoding=\"async\" width=\"100\" height=\"100\" src=\"https:\/\/www.moszczanica.pl\/wp-content\/uploads\/2025\/06\/2-2-1.png\" class=\"attachment-large size-large wp-image-2946\" alt=\"bran\u017cowe oddzia\u0142y wojskowe\" \/>\t\t\t\t\t\t\t\t\t\t\t\t\t\t\t<\/div>\n\t\t\t\t<\/div>\n\t\t\t\t<\/div>\n\t\t<div class=\"elementor-element elementor-element-af78c3d e-con-full e-flex e-con e-child\" data-id=\"af78c3d\" data-element_type=\"container\">\n\t\t\t\t<div class=\"elementor-element elementor-element-bef3c1f elementor-widget__width-initial elementor-widget elementor-widget-text-editor\" data-id=\"bef3c1f\" data-element_type=\"widget\" data-widget_type=\"text-editor.default\">\n\t\t\t\t<div class=\"elementor-widget-container\">\n\t\t\t\t\t\t\t\t\t<p>DODATKOWE KWLAIFIKACJE W RAMACH BRAN\u017bOWYCH ODDZIA\u0141\u00d3W WOJSKOWYCH DLA NASZYCH UCZNI\u00d3W! <br \/>Minister Obrony Narodowej podj\u0105\u0142 decyzj\u0119 o uruchomieniu pilota\u017cowego projektu Bran\u017cowe <br \/>Oddzia\u0142y Wojskowe (BOW). Szef MON w\u0142\u0105czy\u0142 \u201ebran\u017c\u00f3wki\u201d do projekt\u00f3w edukacyjnych resortu. To <br \/>ju\u017c 4 projekt MON skierowany do szk\u00f3\u0142 ponadpodstawowych. BOW do\u0142\u0105czy do realizowanych ju\u017c od wielu lat Oddzia\u0142\u00f3w Przygotowania Wojskowego, Certyfikowanych Wojskowych Klas Mundurowych i \u201eCyber.Mil z klas\u0105\u201d. <br \/>Realizacja programu szkolenia w BOW stanowi uzupe\u0142nienie praktycznej nauki zawodu, <br \/>wynikaj\u0105cej z podstawy programowej dla danego kierunku kszta\u0142cenia zawodowego. Ju\u017c dzi\u015b <br \/>kucharze czy mechanicy po szko\u0142ach bran\u017cowych maj\u0105 ogromne szanse na podj\u0119cie s\u0142u\u017cby wojskowej w Si\u0142ach Zbrojnych RP.<\/p>\t\t\t\t\t\t\t\t<\/div>\n\t\t\t\t<\/div>\n\t\t\t\t<\/div>\n\t\t\t\t\t<\/div>\n\t\t\t\t<\/div>\n\t\t<div class=\"elementor-element elementor-element-125f85b e-flex e-con-boxed e-con e-parent\" data-id=\"125f85b\" data-element_type=\"container\">\n\t\t\t\t\t<div class=\"e-con-inner\">\n\t\t\t\t<div class=\"elementor-element elementor-element-8d10098 elementor-widget elementor-widget-heading\" data-id=\"8d10098\" data-element_type=\"widget\" data-widget_type=\"heading.default\">\n\t\t\t\t<div class=\"elementor-widget-container\">\n\t\t\t\t\t<h2 class=\"elementor-heading-title elementor-size-default\">Galeria<\/h2>\t\t\t\t<\/div>\n\t\t\t\t<\/div>\n\t\t\t\t\t<\/div>\n\t\t\t\t<\/div>\n\t\t<div class=\"elementor-element elementor-element-99a1e50 e-flex e-con-boxed e-con e-parent\" data-id=\"99a1e50\" data-element_type=\"container\">\n\t\t\t\t\t<div class=\"e-con-inner\">\n\t\t\t\t<div class=\"elementor-element elementor-element-1e07912 elementor-widget elementor-widget-gallery\" data-id=\"1e07912\" data-element_type=\"widget\" data-settings=\"{&quot;columns&quot;:3,&quot;lazyload&quot;:&quot;yes&quot;,&quot;gallery_layout&quot;:&quot;grid&quot;,&quot;columns_tablet&quot;:2,&quot;columns_mobile&quot;:1,&quot;gap&quot;:{&quot;unit&quot;:&quot;px&quot;,&quot;size&quot;:10,&quot;sizes&quot;:[]},&quot;gap_widescreen&quot;:{&quot;unit&quot;:&quot;px&quot;,&quot;size&quot;:&quot;&quot;,&quot;sizes&quot;:[]},&quot;gap_laptop&quot;:{&quot;unit&quot;:&quot;px&quot;,&quot;size&quot;:10,&quot;sizes&quot;:[]},&quot;gap_tablet_extra&quot;:{&quot;unit&quot;:&quot;px&quot;,&quot;size&quot;:10,&quot;sizes&quot;:[]},&quot;gap_tablet&quot;:{&quot;unit&quot;:&quot;px&quot;,&quot;size&quot;:10,&quot;sizes&quot;:[]},&quot;gap_mobile_extra&quot;:{&quot;unit&quot;:&quot;px&quot;,&quot;size&quot;:10,&quot;sizes&quot;:[]},&quot;gap_mobile&quot;:{&quot;unit&quot;:&quot;px&quot;,&quot;size&quot;:10,&quot;sizes&quot;:[]},&quot;link_to&quot;:&quot;file&quot;,&quot;aspect_ratio&quot;:&quot;3:2&quot;,&quot;overlay_background&quot;:&quot;yes&quot;,&quot;content_hover_animation&quot;:&quot;fade-in&quot;}\" data-widget_type=\"gallery.default\">\n\t\t\t\t<div class=\"elementor-widget-container\">\n\t\t\t\t\t\t\t<div class=\"elementor-gallery__container\">\n\t\t\t\t\t\t\t<a class=\"e-gallery-item elementor-gallery-item elementor-animated-content\" href=\"https:\/\/www.moszczanica.pl\/wp-content\/uploads\/2025\/06\/8d50de2fd24f9fbadcb6123e1d5be9cbb909137e.jpg\" data-elementor-open-lightbox=\"yes\" data-elementor-lightbox-slideshow=\"1e07912\" data-elementor-lightbox-title=\"8d50de2fd24f9fbadcb6123e1d5be9cbb909137e\" data-e-action-hash=\"#elementor-action%3Aaction%3Dlightbox%26settings%3DeyJpZCI6MTkxNywidXJsIjoiaHR0cHM6XC9cL3d3dy5tb3N6Y3phbmljYS5wbFwvd3AtY29udGVudFwvdXBsb2Fkc1wvMjAyNVwvMDZcLzhkNTBkZTJmZDI0ZjlmYmFkY2I2MTIzZTFkNWJlOWNiYjkwOTEzN2UuanBnIiwic2xpZGVzaG93IjoiMWUwNzkxMiJ9\">\n\t\t\t\t\t<div class=\"e-gallery-image elementor-gallery-item__image\" data-thumbnail=\"https:\/\/www.moszczanica.pl\/wp-content\/uploads\/2025\/06\/8d50de2fd24f9fbadcb6123e1d5be9cbb909137e.jpg\" data-width=\"390\" data-height=\"390\" aria-label=\"MECHANIK - OPERATOR POJAZD\u00d3W I MASZYN ROLNICZYCH\" role=\"img\" ><\/div>\n\t\t\t\t\t\t\t\t\t\t\t<div class=\"elementor-gallery-item__overlay\"><\/div>\n\t\t\t\t\t\t\t\t\t\t\t\t\t\t<\/a>\n\t\t\t\t\t\t\t<a class=\"e-gallery-item elementor-gallery-item elementor-animated-content\" href=\"https:\/\/www.moszczanica.pl\/wp-content\/uploads\/2025\/06\/4e0b0a17bfb46756bb51af9c5632ae681bb6f92e-scaled.jpg\" data-elementor-open-lightbox=\"yes\" data-elementor-lightbox-slideshow=\"1e07912\" data-elementor-lightbox-title=\"4e0b0a17bfb46756bb51af9c5632ae681bb6f92e\" data-e-action-hash=\"#elementor-action%3Aaction%3Dlightbox%26settings%3DeyJpZCI6MTkxMCwidXJsIjoiaHR0cHM6XC9cL3d3dy5tb3N6Y3phbmljYS5wbFwvd3AtY29udGVudFwvdXBsb2Fkc1wvMjAyNVwvMDZcLzRlMGIwYTE3YmZiNDY3NTZiYjUxYWY5YzU2MzJhZTY4MWJiNmY5MmUtc2NhbGVkLmpwZyIsInNsaWRlc2hvdyI6IjFlMDc5MTIifQ%3D%3D\">\n\t\t\t\t\t<div class=\"e-gallery-image elementor-gallery-item__image\" data-thumbnail=\"https:\/\/www.moszczanica.pl\/wp-content\/uploads\/2025\/06\/4e0b0a17bfb46756bb51af9c5632ae681bb6f92e-scaled.jpg\" data-width=\"2560\" data-height=\"1706\" aria-label=\"MECHANIK - OPERATOR POJAZD\u00d3W I MASZYN ROLNICZYCH\" role=\"img\" ><\/div>\n\t\t\t\t\t\t\t\t\t\t\t<div class=\"elementor-gallery-item__overlay\"><\/div>\n\t\t\t\t\t\t\t\t\t\t\t\t\t\t<\/a>\n\t\t\t\t\t<\/div>\n\t\t\t\t\t<\/div>\n\t\t\t\t<\/div>\n\t\t\t\t\t<\/div>\n\t\t\t\t<\/div>\n\t\t\t\t<\/div>\n\t\t","protected":false},"excerpt":{"rendered":"<p>Mechanik &#8211; operator pojazd\u00f3w i maszyn rolniczych Do uzupe\u0142nienia Mechanik Ciekawy zaw\u00f3d, kt\u00f3ry przygotuje ci\u0119 do wykonywania zada\u0144 z zakresu: u\u017cytkowania pojazd\u00f3w, narz\u0119dzi, maszyn i urz\u0105dze\u0144 stosowanych w produkcji rolniczej, oceniania stanu technicznego pojazd\u00f3w, maszyn i urz\u0105dze\u0144 rolniczych, kierowania i obs\u0142ugiwania ci\u0105gnik\u00f3w rolniczych, kierowania i obs\u0142ugiwania pojazd\u00f3w samochodowych, stosowania automatycznych uk\u0142ad\u00f3w steruj\u0105cych w procesie produkcji [&hellip;]<\/p>\n","protected":false},"author":1,"featured_media":0,"parent":0,"menu_order":0,"comment_status":"closed","ping_status":"closed","template":"","meta":{"footnotes":""},"class_list":["post-2959","page","type-page","status-publish","hentry"],"_links":{"self":[{"href":"https:\/\/www.moszczanica.pl\/index.php\/wp-json\/wp\/v2\/pages\/2959","targetHints":{"allow":["GET"]}}],"collection":[{"href":"https:\/\/www.moszczanica.pl\/index.php\/wp-json\/wp\/v2\/pages"}],"about":[{"href":"https:\/\/www.moszczanica.pl\/index.php\/wp-json\/wp\/v2\/types\/page"}],"author":[{"embeddable":true,"href":"https:\/\/www.moszczanica.pl\/index.php\/wp-json\/wp\/v2\/users\/1"}],"replies":[{"embeddable":true,"href":"https:\/\/www.moszczanica.pl\/index.php\/wp-json\/wp\/v2\/comments?post=2959"}],"version-history":[{"count":19,"href":"https:\/\/www.moszczanica.pl\/index.php\/wp-json\/wp\/v2\/pages\/2959\/revisions"}],"predecessor-version":[{"id":6454,"href":"https:\/\/www.moszczanica.pl\/index.php\/wp-json\/wp\/v2\/pages\/2959\/revisions\/6454"}],"wp:attachment":[{"href":"https:\/\/www.moszczanica.pl\/index.php\/wp-json\/wp\/v2\/media?parent=2959"}],"curies":[{"name":"wp","href":"https:\/\/api.w.org\/{rel}","templated":true}]}}