{"id":2927,"date":"2025-06-20T15:01:04","date_gmt":"2025-06-20T13:01:04","guid":{"rendered":"https:\/\/www.moszczanica.pl\/?page_id=2927"},"modified":"2026-01-08T12:21:54","modified_gmt":"2026-01-08T11:21:54","slug":"technik-hodowca-koni","status":"publish","type":"page","link":"https:\/\/www.moszczanica.pl\/index.php\/technik-hodowca-koni\/","title":{"rendered":"Technik hodowca koni"},"content":{"rendered":"\t\t<div data-elementor-type=\"wp-page\" data-elementor-id=\"2927\" class=\"elementor elementor-2927\" data-elementor-post-type=\"page\">\n\t\t\t\t<div class=\"elementor-element elementor-element-ebaef0b e-flex e-con-boxed e-con e-parent\" data-id=\"ebaef0b\" data-element_type=\"container\">\n\t\t\t\t\t<div class=\"e-con-inner\">\n\t\t\t\t<div class=\"elementor-element elementor-element-d65fbe6 elementor-widget elementor-widget-heading\" data-id=\"d65fbe6\" data-element_type=\"widget\" data-widget_type=\"heading.default\">\n\t\t\t\t<div class=\"elementor-widget-container\">\n\t\t\t\t\t<h2 class=\"elementor-heading-title elementor-size-default\">Technik hodowca koni<\/h2>\t\t\t\t<\/div>\n\t\t\t\t<\/div>\n\t\t\t\t\t<\/div>\n\t\t\t\t<\/div>\n\t\t<div class=\"elementor-element elementor-element-befb9ec e-flex e-con-boxed e-con e-parent\" data-id=\"befb9ec\" data-element_type=\"container\">\n\t\t\t\t\t<div class=\"e-con-inner\">\n\t\t\t\t<div class=\"elementor-element elementor-element-9f19c2e elementor-widget__width-initial elementor-widget elementor-widget-text-editor\" data-id=\"9f19c2e\" data-element_type=\"widget\" data-widget_type=\"text-editor.default\">\n\t\t\t\t<div class=\"elementor-widget-container\">\n\t\t\t\t\t\t\t\t\t<p>Technikum Hodowli Koni jest jedyn\u0105 w regionie szko\u0142\u0105 kszta\u0142c\u0105ca w tym kierunku.<br \/>Uczniowie nabywaj\u0105 umiej\u0119tno\u015bci i wiedz\u0119 z prowadzenia chowu i hodowli koni oraz zasad u\u017cytkowania wierzchowego i zaprz\u0119gowego konia. W\u0142asna stajnia, konie, nowoczesny parkur, uje\u017cd\u017calnia oraz mo\u017cliwo\u015b\u0107 hotelowania swojego konia umo\u017cliwia realizacj\u0119 szkolnych oraz projektowych zada\u0144 na terenie szko\u0142y.<br \/>W szkole odbywaj\u0105 si\u0119 wszystkie egzaminy zawodowe.<br \/>We wszystkich oddzia\u0142ach technikum j\u0119zykiem obcym wiod\u0105cym jest j\u0119zyk angielski.<br \/>Uczniowie maj\u0105 mo\u017cliwo\u015b\u0107 wyboru drugiego nowo\u017cytnego j\u0119zyka obcego spo\u015br\u00f3d nast\u0119puj\u0105cych: niemiecki, hiszpa\u0144ski. Warunkiem utworzenia grupy j\u0119zykowej jest wybranie danego j\u0119zyka obcego przez minimum 15 os\u00f3b w grupie mi\u0119dzyoddzia\u0142owej.<br \/>Wszystkie zaj\u0119cia praktyczne odbywaj\u0105 si\u0119 w szkole we w\u0142asnych warsztatach szkolnych i pracowniach.<\/p>\t\t\t\t\t\t\t\t<\/div>\n\t\t\t\t<\/div>\n\t\t\t\t\t<\/div>\n\t\t\t\t<\/div>\n\t\t<div class=\"elementor-element elementor-element-d3b5fe3 e-flex e-con-boxed e-con e-parent\" data-id=\"d3b5fe3\" data-element_type=\"container\">\n\t\t\t\t\t<div class=\"e-con-inner\">\n\t\t\t\t<div class=\"elementor-element elementor-element-faf67d9 elementor-widget elementor-widget-heading\" data-id=\"faf67d9\" data-element_type=\"widget\" data-widget_type=\"heading.default\">\n\t\t\t\t<div class=\"elementor-widget-container\">\n\t\t\t\t\t<h2 class=\"elementor-heading-title elementor-size-default\">W Technikum Hodowli koni:<\/h2>\t\t\t\t<\/div>\n\t\t\t\t<\/div>\n\t\t\t\t<div class=\"elementor-element elementor-element-4a093e7 elementor-widget__width-initial elementor-widget elementor-widget-text-editor\" data-id=\"4a093e7\" data-element_type=\"widget\" data-widget_type=\"text-editor.default\">\n\t\t\t\t<div class=\"elementor-widget-container\">\n\t\t\t\t\t\t\t\t\t<ul><li>nauczysz si\u0119 podstaw jazdy konnej oraz podstawowych zabieg\u00f3w piel\u0119gnacyjnych;<\/li><li>zdob\u0119dziesz wiedz\u0119, kt\u00f3ra pozwoli Ci na prowadzenie w\u0142asnego o\u015brodka je\u017adzieckiego lub prac\u0119 w stadninie koni, o\u015brodkach rekreacji konnej, instytucjach je\u017adzieckich, torach wy\u015bcig\u00f3w konnych.<\/li><li>swoje umiej\u0119tno\u015bci je\u017adzieckie pog\u0142\u0119bisz pod okiem instruktor\u00f3w, wst\u0119puj\u0105c do klubu je\u017adzieckiego \u201cKasztanka\u201d, dzia\u0142aj\u0105cego przy naszej szkole.<\/li><\/ul>\t\t\t\t\t\t\t\t<\/div>\n\t\t\t\t<\/div>\n\t\t\t\t<div class=\"elementor-element elementor-element-6e2ae1b elementor-widget elementor-widget-heading\" data-id=\"6e2ae1b\" data-element_type=\"widget\" data-widget_type=\"heading.default\">\n\t\t\t\t<div class=\"elementor-widget-container\">\n\t\t\t\t\t<h2 class=\"elementor-heading-title elementor-size-default\">Przedmioty rozszerzone:<\/h2>\t\t\t\t<\/div>\n\t\t\t\t<\/div>\n\t\t\t\t<div class=\"elementor-element elementor-element-6a997cf elementor-widget__width-initial elementor-widget elementor-widget-text-editor\" data-id=\"6a997cf\" data-element_type=\"widget\" data-widget_type=\"text-editor.default\">\n\t\t\t\t<div class=\"elementor-widget-container\">\n\t\t\t\t\t\t\t\t\t<p>Matematyka lub geografia, biologia<\/p>\t\t\t\t\t\t\t\t<\/div>\n\t\t\t\t<\/div>\n\t\t\t\t\t<\/div>\n\t\t\t\t<\/div>\n\t\t<div class=\"elementor-element elementor-element-6ef1a21 e-flex e-con-boxed e-con e-parent\" data-id=\"6ef1a21\" data-element_type=\"container\">\n\t\t\t\t\t<div class=\"e-con-inner\">\n\t\t\t\t<div class=\"elementor-element elementor-element-a0bff43 elementor-widget elementor-widget-heading\" data-id=\"a0bff43\" data-element_type=\"widget\" data-widget_type=\"heading.default\">\n\t\t\t\t<div class=\"elementor-widget-container\">\n\t\t\t\t\t<h2 class=\"elementor-heading-title elementor-size-default\">Galeria<\/h2>\t\t\t\t<\/div>\n\t\t\t\t<\/div>\n\t\t\t\t\t<\/div>\n\t\t\t\t<\/div>\n\t\t<div class=\"elementor-element elementor-element-34a7e7d e-flex e-con-boxed e-con e-parent\" data-id=\"34a7e7d\" data-element_type=\"container\">\n\t\t\t\t\t<div class=\"e-con-inner\">\n\t\t\t\t<div class=\"elementor-element elementor-element-6364825 elementor-widget elementor-widget-gallery\" data-id=\"6364825\" data-element_type=\"widget\" data-settings=\"{&quot;columns&quot;:3,&quot;lazyload&quot;:&quot;yes&quot;,&quot;gallery_layout&quot;:&quot;grid&quot;,&quot;columns_tablet&quot;:2,&quot;columns_mobile&quot;:1,&quot;gap&quot;:{&quot;unit&quot;:&quot;px&quot;,&quot;size&quot;:10,&quot;sizes&quot;:[]},&quot;gap_widescreen&quot;:{&quot;unit&quot;:&quot;px&quot;,&quot;size&quot;:&quot;&quot;,&quot;sizes&quot;:[]},&quot;gap_laptop&quot;:{&quot;unit&quot;:&quot;px&quot;,&quot;size&quot;:10,&quot;sizes&quot;:[]},&quot;gap_tablet_extra&quot;:{&quot;unit&quot;:&quot;px&quot;,&quot;size&quot;:10,&quot;sizes&quot;:[]},&quot;gap_tablet&quot;:{&quot;unit&quot;:&quot;px&quot;,&quot;size&quot;:10,&quot;sizes&quot;:[]},&quot;gap_mobile_extra&quot;:{&quot;unit&quot;:&quot;px&quot;,&quot;size&quot;:10,&quot;sizes&quot;:[]},&quot;gap_mobile&quot;:{&quot;unit&quot;:&quot;px&quot;,&quot;size&quot;:10,&quot;sizes&quot;:[]},&quot;link_to&quot;:&quot;file&quot;,&quot;aspect_ratio&quot;:&quot;3:2&quot;,&quot;overlay_background&quot;:&quot;yes&quot;,&quot;content_hover_animation&quot;:&quot;fade-in&quot;}\" data-widget_type=\"gallery.default\">\n\t\t\t\t<div class=\"elementor-widget-container\">\n\t\t\t\t\t\t\t<div class=\"elementor-gallery__container\">\n\t\t\t\t\t\t\t<a class=\"e-gallery-item elementor-gallery-item elementor-animated-content\" href=\"https:\/\/www.moszczanica.pl\/wp-content\/uploads\/2025\/06\/276ddf7d8ce63dcaeddd9c6354f671113870446c.jpg\" data-elementor-open-lightbox=\"yes\" data-elementor-lightbox-slideshow=\"6364825\" data-elementor-lightbox-title=\"276ddf7d8ce63dcaeddd9c6354f671113870446c\" data-e-action-hash=\"#elementor-action%3Aaction%3Dlightbox%26settings%3DeyJpZCI6MTkyNSwidXJsIjoiaHR0cHM6XC9cL3d3dy5tb3N6Y3phbmljYS5wbFwvd3AtY29udGVudFwvdXBsb2Fkc1wvMjAyNVwvMDZcLzI3NmRkZjdkOGNlNjNkY2FlZGRkOWM2MzU0ZjY3MTExMzg3MDQ0NmMuanBnIiwic2xpZGVzaG93IjoiNjM2NDgyNSJ9\">\n\t\t\t\t\t<div class=\"e-gallery-image elementor-gallery-item__image\" data-thumbnail=\"https:\/\/www.moszczanica.pl\/wp-content\/uploads\/2025\/06\/276ddf7d8ce63dcaeddd9c6354f671113870446c.jpg\" data-width=\"390\" data-height=\"390\" aria-label=\"technik hodowca koni\" role=\"img\" ><\/div>\n\t\t\t\t\t\t\t\t\t\t\t<div class=\"elementor-gallery-item__overlay\"><\/div>\n\t\t\t\t\t\t\t\t\t\t\t\t\t\t<\/a>\n\t\t\t\t\t\t\t<a class=\"e-gallery-item elementor-gallery-item elementor-animated-content\" href=\"https:\/\/www.moszczanica.pl\/wp-content\/uploads\/2025\/06\/85c30d6b11f6fb200d67260868afb6f51710835c-scaled.jpg\" data-elementor-open-lightbox=\"yes\" data-elementor-lightbox-slideshow=\"6364825\" data-elementor-lightbox-title=\"85c30d6b11f6fb200d67260868afb6f51710835c\" data-e-action-hash=\"#elementor-action%3Aaction%3Dlightbox%26settings%3DeyJpZCI6MTkyNCwidXJsIjoiaHR0cHM6XC9cL3d3dy5tb3N6Y3phbmljYS5wbFwvd3AtY29udGVudFwvdXBsb2Fkc1wvMjAyNVwvMDZcLzg1YzMwZDZiMTFmNmZiMjAwZDY3MjYwODY4YWZiNmY1MTcxMDgzNWMtc2NhbGVkLmpwZyIsInNsaWRlc2hvdyI6IjYzNjQ4MjUifQ%3D%3D\">\n\t\t\t\t\t<div class=\"e-gallery-image elementor-gallery-item__image\" data-thumbnail=\"https:\/\/www.moszczanica.pl\/wp-content\/uploads\/2025\/06\/85c30d6b11f6fb200d67260868afb6f51710835c-scaled.jpg\" data-width=\"2560\" data-height=\"1706\" aria-label=\"technik hodowca koni\" role=\"img\" ><\/div>\n\t\t\t\t\t\t\t\t\t\t\t<div class=\"elementor-gallery-item__overlay\"><\/div>\n\t\t\t\t\t\t\t\t\t\t\t\t\t\t<\/a>\n\t\t\t\t\t\t\t<a class=\"e-gallery-item elementor-gallery-item elementor-animated-content\" href=\"https:\/\/www.moszczanica.pl\/wp-content\/uploads\/2025\/06\/fb76d7ef6d0e75c001bb307341224b00c73ba201-scaled.jpg\" data-elementor-open-lightbox=\"yes\" data-elementor-lightbox-slideshow=\"6364825\" data-elementor-lightbox-title=\"fb76d7ef6d0e75c001bb307341224b00c73ba201\" data-e-action-hash=\"#elementor-action%3Aaction%3Dlightbox%26settings%3DeyJpZCI6MTk0OSwidXJsIjoiaHR0cHM6XC9cL3d3dy5tb3N6Y3phbmljYS5wbFwvd3AtY29udGVudFwvdXBsb2Fkc1wvMjAyNVwvMDZcL2ZiNzZkN2VmNmQwZTc1YzAwMWJiMzA3MzQxMjI0YjAwYzczYmEyMDEtc2NhbGVkLmpwZyIsInNsaWRlc2hvdyI6IjYzNjQ4MjUifQ%3D%3D\">\n\t\t\t\t\t<div class=\"e-gallery-image elementor-gallery-item__image\" data-thumbnail=\"https:\/\/www.moszczanica.pl\/wp-content\/uploads\/2025\/06\/fb76d7ef6d0e75c001bb307341224b00c73ba201-scaled.jpg\" data-width=\"2560\" data-height=\"1706\" aria-label=\"TECHNIK HODOWCA KONI\" role=\"img\" ><\/div>\n\t\t\t\t\t\t\t\t\t\t\t<div class=\"elementor-gallery-item__overlay\"><\/div>\n\t\t\t\t\t\t\t\t\t\t\t\t\t\t<\/a>\n\t\t\t\t\t\t\t<a class=\"e-gallery-item elementor-gallery-item elementor-animated-content\" href=\"https:\/\/www.moszczanica.pl\/wp-content\/uploads\/2025\/06\/cf45eb23783a5fcf2017364a946fb44832b637cc-scaled.jpg\" data-elementor-open-lightbox=\"yes\" data-elementor-lightbox-slideshow=\"6364825\" data-elementor-lightbox-title=\"cf45eb23783a5fcf2017364a946fb44832b637cc\" data-e-action-hash=\"#elementor-action%3Aaction%3Dlightbox%26settings%3DeyJpZCI6MTk0NCwidXJsIjoiaHR0cHM6XC9cL3d3dy5tb3N6Y3phbmljYS5wbFwvd3AtY29udGVudFwvdXBsb2Fkc1wvMjAyNVwvMDZcL2NmNDVlYjIzNzgzYTVmY2YyMDE3MzY0YTk0NmZiNDQ4MzJiNjM3Y2Mtc2NhbGVkLmpwZyIsInNsaWRlc2hvdyI6IjYzNjQ4MjUifQ%3D%3D\">\n\t\t\t\t\t<div class=\"e-gallery-image elementor-gallery-item__image\" data-thumbnail=\"https:\/\/www.moszczanica.pl\/wp-content\/uploads\/2025\/06\/cf45eb23783a5fcf2017364a946fb44832b637cc-scaled.jpg\" data-width=\"1706\" data-height=\"2560\" aria-label=\"technik hodowca koni\" role=\"img\" ><\/div>\n\t\t\t\t\t\t\t\t\t\t\t<div class=\"elementor-gallery-item__overlay\"><\/div>\n\t\t\t\t\t\t\t\t\t\t\t\t\t\t<\/a>\n\t\t\t\t\t\t\t<a class=\"e-gallery-item elementor-gallery-item elementor-animated-content\" href=\"https:\/\/www.moszczanica.pl\/wp-content\/uploads\/2025\/06\/5875f9f2a5440af56a3582decb352362ac39167e-scaled.jpg\" data-elementor-open-lightbox=\"yes\" data-elementor-lightbox-slideshow=\"6364825\" data-elementor-lightbox-title=\"5875f9f2a5440af56a3582decb352362ac39167e\" data-e-action-hash=\"#elementor-action%3Aaction%3Dlightbox%26settings%3DeyJpZCI6MTkyOCwidXJsIjoiaHR0cHM6XC9cL3d3dy5tb3N6Y3phbmljYS5wbFwvd3AtY29udGVudFwvdXBsb2Fkc1wvMjAyNVwvMDZcLzU4NzVmOWYyYTU0NDBhZjU2YTM1ODJkZWNiMzUyMzYyYWMzOTE2N2Utc2NhbGVkLmpwZyIsInNsaWRlc2hvdyI6IjYzNjQ4MjUifQ%3D%3D\">\n\t\t\t\t\t<div class=\"e-gallery-image elementor-gallery-item__image\" data-thumbnail=\"https:\/\/www.moszczanica.pl\/wp-content\/uploads\/2025\/06\/5875f9f2a5440af56a3582decb352362ac39167e-scaled.jpg\" data-width=\"2560\" data-height=\"1706\" aria-label=\"technik hodowca koni\" role=\"img\" ><\/div>\n\t\t\t\t\t\t\t\t\t\t\t<div class=\"elementor-gallery-item__overlay\"><\/div>\n\t\t\t\t\t\t\t\t\t\t\t\t\t\t<\/a>\n\t\t\t\t\t\t\t<a class=\"e-gallery-item elementor-gallery-item elementor-animated-content\" href=\"https:\/\/www.moszczanica.pl\/wp-content\/uploads\/2025\/06\/4feda378947bcdaab4831c9cfbd3a3dbfe2a0bd8-scaled.jpg\" data-elementor-open-lightbox=\"yes\" data-elementor-lightbox-slideshow=\"6364825\" data-elementor-lightbox-title=\"4feda378947bcdaab4831c9cfbd3a3dbfe2a0bd8\" data-e-action-hash=\"#elementor-action%3Aaction%3Dlightbox%26settings%3DeyJpZCI6MTkxMywidXJsIjoiaHR0cHM6XC9cL3d3dy5tb3N6Y3phbmljYS5wbFwvd3AtY29udGVudFwvdXBsb2Fkc1wvMjAyNVwvMDZcLzRmZWRhMzc4OTQ3YmNkYWFiNDgzMWM5Y2ZiZDNhM2RiZmUyYTBiZDgtc2NhbGVkLmpwZyIsInNsaWRlc2hvdyI6IjYzNjQ4MjUifQ%3D%3D\">\n\t\t\t\t\t<div class=\"e-gallery-image elementor-gallery-item__image\" data-thumbnail=\"https:\/\/www.moszczanica.pl\/wp-content\/uploads\/2025\/06\/4feda378947bcdaab4831c9cfbd3a3dbfe2a0bd8-scaled.jpg\" data-width=\"1706\" data-height=\"2560\" aria-label=\"technik hodowca koni\" role=\"img\" ><\/div>\n\t\t\t\t\t\t\t\t\t\t\t<div class=\"elementor-gallery-item__overlay\"><\/div>\n\t\t\t\t\t\t\t\t\t\t\t\t\t\t<\/a>\n\t\t\t\t\t<\/div>\n\t\t\t\t\t<\/div>\n\t\t\t\t<\/div>\n\t\t\t\t\t<\/div>\n\t\t\t\t<\/div>\n\t\t\t\t<\/div>\n\t\t","protected":false},"excerpt":{"rendered":"<p>Technik hodowca koni Technikum Hodowli Koni jest jedyn\u0105 w regionie szko\u0142\u0105 kszta\u0142c\u0105ca w tym kierunku.Uczniowie nabywaj\u0105 umiej\u0119tno\u015bci i wiedz\u0119 z prowadzenia chowu i hodowli koni oraz zasad u\u017cytkowania wierzchowego i zaprz\u0119gowego konia. W\u0142asna stajnia, konie, nowoczesny parkur, uje\u017cd\u017calnia oraz mo\u017cliwo\u015b\u0107 hotelowania swojego konia umo\u017cliwia realizacj\u0119 szkolnych oraz projektowych zada\u0144 na terenie szko\u0142y.W szkole odbywaj\u0105 si\u0119 [&hellip;]<\/p>\n","protected":false},"author":1,"featured_media":0,"parent":0,"menu_order":0,"comment_status":"closed","ping_status":"closed","template":"","meta":{"footnotes":""},"class_list":["post-2927","page","type-page","status-publish","hentry"],"_links":{"self":[{"href":"https:\/\/www.moszczanica.pl\/index.php\/wp-json\/wp\/v2\/pages\/2927","targetHints":{"allow":["GET"]}}],"collection":[{"href":"https:\/\/www.moszczanica.pl\/index.php\/wp-json\/wp\/v2\/pages"}],"about":[{"href":"https:\/\/www.moszczanica.pl\/index.php\/wp-json\/wp\/v2\/types\/page"}],"author":[{"embeddable":true,"href":"https:\/\/www.moszczanica.pl\/index.php\/wp-json\/wp\/v2\/users\/1"}],"replies":[{"embeddable":true,"href":"https:\/\/www.moszczanica.pl\/index.php\/wp-json\/wp\/v2\/comments?post=2927"}],"version-history":[{"count":16,"href":"https:\/\/www.moszczanica.pl\/index.php\/wp-json\/wp\/v2\/pages\/2927\/revisions"}],"predecessor-version":[{"id":6445,"href":"https:\/\/www.moszczanica.pl\/index.php\/wp-json\/wp\/v2\/pages\/2927\/revisions\/6445"}],"wp:attachment":[{"href":"https:\/\/www.moszczanica.pl\/index.php\/wp-json\/wp\/v2\/media?parent=2927"}],"curies":[{"name":"wp","href":"https:\/\/api.w.org\/{rel}","templated":true}]}}