{"id":2591,"date":"2025-06-17T16:29:38","date_gmt":"2025-06-17T14:29:38","guid":{"rendered":"https:\/\/www.moszczanica.pl\/?page_id=2591"},"modified":"2025-12-09T16:30:00","modified_gmt":"2025-12-09T15:30:00","slug":"zebranie-1","status":"publish","type":"page","link":"https:\/\/www.moszczanica.pl\/index.php\/zebranie-1\/","title":{"rendered":"Zebranie 12 grudnia"},"content":{"rendered":"\t\t<div data-elementor-type=\"wp-page\" data-elementor-id=\"2591\" class=\"elementor elementor-2591\" data-elementor-post-type=\"page\">\n\t\t\t\t<div class=\"elementor-element elementor-element-33f6cf3 e-flex e-con-boxed e-con e-parent\" data-id=\"33f6cf3\" data-element_type=\"container\">\n\t\t\t\t\t<div class=\"e-con-inner\">\n\t\t\t\t<div class=\"elementor-element elementor-element-c9b40f4 elementor-widget elementor-widget-heading\" data-id=\"c9b40f4\" data-element_type=\"widget\" data-widget_type=\"heading.default\">\n\t\t\t\t<div class=\"elementor-widget-container\">\n\t\t\t\t\t<h2 class=\"elementor-heading-title elementor-size-default\">Zebranie 12.12<\/h2>\t\t\t\t<\/div>\n\t\t\t\t<\/div>\n\t\t\t\t\t<\/div>\n\t\t\t\t<\/div>\n\t\t<div class=\"elementor-element elementor-element-211d38e e-con-full wydarzenia-blok1 e-flex e-con e-child\" data-id=\"211d38e\" data-element_type=\"container\">\n\t\t\t\t<div class=\"elementor-element elementor-element-66e41c1 wydarzenia-ikona1 elementor-widget-mobile_extra__width-initial elementor-widget elementor-widget-heading\" data-id=\"66e41c1\" data-element_type=\"widget\" data-widget_type=\"heading.default\">\n\t\t\t\t<div class=\"elementor-widget-container\">\n\t\t\t\t\t<h2 class=\"elementor-heading-title elementor-size-default\"><br>12<br> Gru<\/h2>\t\t\t\t<\/div>\n\t\t\t\t<\/div>\n\t\t\t\t<div class=\"elementor-element elementor-element-e3cb9f4 elementor-widget__width-initial wydarzenia-naglowek1 elementor-widget-mobile_extra__width-initial elementor-widget elementor-widget-heading\" data-id=\"e3cb9f4\" data-element_type=\"widget\" data-widget_type=\"heading.default\">\n\t\t\t\t<div class=\"elementor-widget-container\">\n\t\t\t\t\t<h2 class=\"elementor-heading-title elementor-size-default\">Zebranie rodzic\u00f3w <\/h2>\t\t\t\t<\/div>\n\t\t\t\t<\/div>\n\t\t\t\t<\/div>\n\t\t<div class=\"elementor-element elementor-element-c3c2433 e-flex e-con-boxed e-con e-parent\" data-id=\"c3c2433\" data-element_type=\"container\">\n\t\t\t\t\t<div class=\"e-con-inner\">\n\t\t\t\t<div class=\"elementor-element elementor-element-0ae33ee elementor-widget elementor-widget-text-editor\" data-id=\"0ae33ee\" data-element_type=\"widget\" data-widget_type=\"text-editor.default\">\n\t\t\t\t<div class=\"elementor-widget-container\">\n\t\t\t\t\t\t\t\t\t<div class=\"x_elementToProof\" data-olk-copy-source=\"MessageBody\"><span style=\"color: #000000;\"><strong>Drodzy Rodzice!<\/strong><\/span><\/div><div class=\"x_elementToProof\"><p><span style=\"color: #000000;\">Serdecznie zapraszamy na konsultacje.<\/span><\/p><p>\u00a0<\/p><\/div><div class=\"x_elementToProof\"><p><span style=\"color: #000000;\">Data: 12.12.2025 r.<\/span><br \/><span style=\"color: #000000;\">Godzina: od 15:15 do\u00a0 17:00<\/span><\/p><p>\u00a0<\/p><\/div><div class=\"x_elementToProof\"><span style=\"color: #000000;\">Miejsca spotka\u0144:<\/span><\/div><div class=\"x_elementToProof\"><span style=\"color: #000000;\">\u00a0Z wychowawcami -wed\u0142ug przydzia\u0142u sal.<\/span><\/div><div class=\"x_elementToProof\"><span style=\"color: #000000;\">Pozostali nauczyciele b\u0119d\u0105 do Pa\u0144stwa dyspozycji w pokoju nauczycielskim.\u00a0<\/span><\/div>\t\t\t\t\t\t\t\t<\/div>\n\t\t\t\t<\/div>\n\t\t\t\t\t<\/div>\n\t\t\t\t<\/div>\n\t\t\t\t<\/div>\n\t\t","protected":false},"excerpt":{"rendered":"<p>Zebranie 12.12 12 Gru Zebranie rodzic\u00f3w Drodzy Rodzice! Serdecznie zapraszamy na konsultacje. \u00a0 Data: 12.12.2025 r.Godzina: od 15:15 do\u00a0 17:00 \u00a0 Miejsca spotka\u0144:\u00a0Z wychowawcami -wed\u0142ug przydzia\u0142u sal.Pozostali nauczyciele b\u0119d\u0105 do Pa\u0144stwa dyspozycji w pokoju nauczycielskim.\u00a0<\/p>\n","protected":false},"author":1,"featured_media":0,"parent":0,"menu_order":0,"comment_status":"closed","ping_status":"closed","template":"","meta":{"footnotes":""},"class_list":["post-2591","page","type-page","status-publish","hentry"],"_links":{"self":[{"href":"https:\/\/www.moszczanica.pl\/index.php\/wp-json\/wp\/v2\/pages\/2591","targetHints":{"allow":["GET"]}}],"collection":[{"href":"https:\/\/www.moszczanica.pl\/index.php\/wp-json\/wp\/v2\/pages"}],"about":[{"href":"https:\/\/www.moszczanica.pl\/index.php\/wp-json\/wp\/v2\/types\/page"}],"author":[{"embeddable":true,"href":"https:\/\/www.moszczanica.pl\/index.php\/wp-json\/wp\/v2\/users\/1"}],"replies":[{"embeddable":true,"href":"https:\/\/www.moszczanica.pl\/index.php\/wp-json\/wp\/v2\/comments?post=2591"}],"version-history":[{"count":30,"href":"https:\/\/www.moszczanica.pl\/index.php\/wp-json\/wp\/v2\/pages\/2591\/revisions"}],"predecessor-version":[{"id":6410,"href":"https:\/\/www.moszczanica.pl\/index.php\/wp-json\/wp\/v2\/pages\/2591\/revisions\/6410"}],"wp:attachment":[{"href":"https:\/\/www.moszczanica.pl\/index.php\/wp-json\/wp\/v2\/media?parent=2591"}],"curies":[{"name":"wp","href":"https:\/\/api.w.org\/{rel}","templated":true}]}}