{"id":2450,"date":"2025-06-16T12:43:16","date_gmt":"2025-06-16T10:43:16","guid":{"rendered":"https:\/\/www.moszczanica.pl\/?page_id=2450"},"modified":"2025-07-02T14:11:15","modified_gmt":"2025-07-02T12:11:15","slug":"zamieszkaj-w-bursie-2","status":"publish","type":"page","link":"https:\/\/www.moszczanica.pl\/index.php\/zamieszkaj-w-bursie-2\/","title":{"rendered":"Zamieszkaj w bursie"},"content":{"rendered":"\t\t<div data-elementor-type=\"wp-page\" data-elementor-id=\"2450\" class=\"elementor elementor-2450\" data-elementor-post-type=\"page\">\n\t\t\t\t<div class=\"elementor-element elementor-element-30495de e-flex e-con-boxed e-con e-parent\" data-id=\"30495de\" data-element_type=\"container\">\n\t\t\t\t\t<div class=\"e-con-inner\">\n\t\t\t\t<div class=\"elementor-element elementor-element-a2bf521 elementor-widget elementor-widget-heading\" data-id=\"a2bf521\" data-element_type=\"widget\" data-widget_type=\"heading.default\">\n\t\t\t\t<div class=\"elementor-widget-container\">\n\t\t\t\t\t<h1 class=\"elementor-heading-title elementor-size-default\">Zamieszkaj w bursie<\/h1>\t\t\t\t<\/div>\n\t\t\t\t<\/div>\n\t\t\t\t<div class=\"elementor-element elementor-element-12fa107 elementor-widget elementor-widget-heading\" data-id=\"12fa107\" data-element_type=\"widget\" data-widget_type=\"heading.default\">\n\t\t\t\t<div class=\"elementor-widget-container\">\n\t\t\t\t\t<h2 class=\"elementor-heading-title elementor-size-default\">O nas<\/h2>\t\t\t\t<\/div>\n\t\t\t\t<\/div>\n\t\t\t\t\t<\/div>\n\t\t\t\t<\/div>\n\t\t<div class=\"elementor-element elementor-element-ab35a35 e-flex e-con-boxed e-con e-parent\" data-id=\"ab35a35\" data-element_type=\"container\">\n\t\t\t\t\t<div class=\"e-con-inner\">\n\t\t\t\t<div class=\"elementor-element elementor-element-b16d037 elementor-widget__width-initial elementor-widget elementor-widget-text-editor\" data-id=\"b16d037\" data-element_type=\"widget\" data-widget_type=\"text-editor.default\">\n\t\t\t\t<div class=\"elementor-widget-container\">\n\t\t\t\t\t\t\t\t\t<p>Bursa, to miejsce dla m\u0142odzie\u017cy pobieraj\u0105cej nauk\u0119 poza domem &#8211; miejscem sta\u0142ego zameldowania. Wychowankom zapewniamy opiek\u0119 24h na dob\u0119. Bursa nr 2 nie zapewnia opieki i wychowania w dniach przerw \u015bwi\u0105tecznych, wolnych od pracy, ferie, wakacje i inne dni wynikaj\u0105ce z organizacji roku szkolnego. Budynki bursy obj\u0119te s\u0105 monitoringiem wewn\u0119trznym ( korytarze) i zewn\u0119trznym. Mieszka\u0144cy bursy maj\u0105 do dyspozycji pokoje 3 i 4 osobowe, na czterech kondygnacjach. Pokoje sprz\u0105ta zamieszkuj\u0105ca je m\u0142odzie\u017c. Pomieszczenia sanitarne s\u0105 wsp\u00f3lne (\u0142azienki, wc) zlokalizowane na ka\u017cdym pi\u0119trze. Mieszka\u0144cy Bursy mog\u0105 korzysta\u0107 z pomieszcze\u0144 wsp\u00f3lnych takich jak:- kuchnia wyposa\u017cona w szafki kuchenne, zlewozmywak, lod\u00f3wk\u0119, mikrofal\u0119, czajnik elektryczny, kuchenk\u0119 elektryczn\u0105 z piekarnikiem.- pralnia wyposa\u017cona w dwie pralki automatyczne, \u017celazko i desk\u0119 do prasowania.- \u015bwietlica i inne wydzielone przestrzenie, w kt\u00f3rych mo\u017cna si\u0119 uczy\u0107, ogl\u0105da\u0107 TV, gra\u0107 w tenisa sto\u0142owego, korzysta\u0107 z si\u0142owni, boiska szkolnego oraz sali gimnastycznej. Bursa nr 2 zapewnia swoim wychowankom wy\u017cywienie 5 dni w tygodniu od poniedzia\u0142kowego \u015bniadania do pi\u0105tkowego obiadu. Posi\u0142ki s\u0105 urozmaicone w formie &#8222;szwedzkiego sto\u0142u \u201e Wykupienia pe\u0142nego wy\u017cywienia stanowi warunek konieczny do zamieszkania w Bursie. Nie zapewniamy specjalistycznej diety.<\/p>\t\t\t\t\t\t\t\t<\/div>\n\t\t\t\t<\/div>\n\t\t\t\t<div class=\"elementor-element elementor-element-a753cf0 elementor-widget elementor-widget-heading\" data-id=\"a753cf0\" data-element_type=\"widget\" data-widget_type=\"heading.default\">\n\t\t\t\t<div class=\"elementor-widget-container\">\n\t\t\t\t\t<h2 class=\"elementor-heading-title elementor-size-default\">P\u0142atno\u015bci<\/h2>\t\t\t\t<\/div>\n\t\t\t\t<\/div>\n\t\t\t\t\t<\/div>\n\t\t\t\t<\/div>\n\t\t<div class=\"elementor-element elementor-element-393387a e-flex e-con-boxed e-con e-parent\" data-id=\"393387a\" data-element_type=\"container\">\n\t\t\t\t\t<div class=\"e-con-inner\">\n\t\t\t\t<div class=\"elementor-element elementor-element-4dbd857 elementor-widget elementor-widget-text-editor\" data-id=\"4dbd857\" data-element_type=\"widget\" data-widget_type=\"text-editor.default\">\n\t\t\t\t<div class=\"elementor-widget-container\">\n\t\t\t\t\t\t\t\t\t<div>\u00a0<\/div><p><strong>W Bursie obowi\u0105zuj\u0105 nast\u0119puj\u0105ce op\u0142aty (mog\u0105 ulec zmianie):<\/strong><br \/>dzienna stawka \u017cywieniowa &#8211; 18 z\u0142 (\u015bniadanie &#8211; 5 z\u0142; obiad &#8211; 8,00 z\u0142; kolacja 5 z\u0142)<br \/>op\u0142ata za zakwaterowanie &#8211; 100 z\u0142<br \/>jednorazowa kaucja &#8211; 100 z\u0142 (p\u0142atna na samym pocz\u0105tku zamieszkania w bursie)<\/p><p>na konto &#8211; 04 1560 1023 0000 9140 0001 5882 \u2013 prosz\u0119 poda\u0107 imi\u0119 i nazwisko dziecka- rodzice zobowi\u0105zani s\u0105 do regularnego i terminowego wnoszenia op\u0142at za pobyt dziecka w Bursie. &#8212; &#8211; op\u0142aty nale\u017cy uiszcza\u0107 w formie przelewu do 10 ka\u017cdego miesi\u0105ca na rachunek bankowy numer konta \u2013 41 1560 1023 0000 9140 0001 5895 &#8211; prosimy poda\u0107 imi\u0119 i nazwisko dziecka &#8211; w przypadku choroby dziecka lub innych przyczyn losowych na rodzicu\/opiekunie prawnym ci\u0105\u017cy obowi\u0105zek poinformowania wychowawc\u00f3w Bursy o nieobecno\u015bci dziecka, kt\u00f3rzy na tej podstawie dokonuj\u0105 odpisu z posi\u0142k\u00f3w. Odliczenie obejmuje wy\u017cywienie ca\u0142odzienne, bez podzia\u0142u na poszczeg\u00f3lne posi\u0142ki. Zg\u0142oszenia nieobecno\u015bci nale\u017cy dokona\u0107 do godziny 9-tej w dniu poprzedzaj\u0105cym nieobecno\u015b\u0107 wychowanka, a w niedziel\u0105 do godz.20- tej. &#8211; koszty odliczenia rozlicza si\u0119 w nast\u0119pnym miesi\u0105cu.<\/p>\t\t\t\t\t\t\t\t<\/div>\n\t\t\t\t<\/div>\n\t\t\t\t<div class=\"elementor-element elementor-element-cb9e985 elementor-widget elementor-widget-heading\" data-id=\"cb9e985\" data-element_type=\"widget\" data-widget_type=\"heading.default\">\n\t\t\t\t<div class=\"elementor-widget-container\">\n\t\t\t\t\t<h2 class=\"elementor-heading-title elementor-size-default\">Dla rodzic\u00f3w<\/h2>\t\t\t\t<\/div>\n\t\t\t\t<\/div>\n\t\t\t\t<div class=\"elementor-element elementor-element-7c7943d elementor-widget elementor-widget-text-editor\" data-id=\"7c7943d\" data-element_type=\"widget\" data-widget_type=\"text-editor.default\">\n\t\t\t\t<div class=\"elementor-widget-container\">\n\t\t\t\t\t\t\t\t\t<p>W Bursie nie zapewnia si\u0119 opieki specjalistycznej, w tym medycznej, piel\u0119gniarskiej i innej zwi\u0105zanej ze stanem zdrowia wychowanka. Dlatego rodzice zobowi\u0105zani s\u0105 do poinformowania wychowawc\u00f3w o istnieniu lub braku przeciwwskaza\u0144 zdrowotnych do zamieszkiwania dziecka w Bursie. W Bursie nie zapewnia si\u0119 opieki specjalistycznej, w tym medycznej, piel\u0119gniarskiej i innej zwi\u0105zanej ze stanem zdrowia wychowanka. Dlatego rodzice zobowi\u0105zani s\u0105 do poinformowania wychowawc\u00f3w o istnieniu lub braku przeciwwskaza\u0144 zdrowotnych do zamieszkiwania dziecka w Bursie. W przypadku dziecka b\u0119d\u0105cego pod sta\u0142\u0105 opiek\u0105 lekarza specjalisty, brak przeciwwskaza\u0144 zdrowotnych do zamieszkiwania wychowanka potwierdza lekarz specjalista. W razie zatajenia przez rodzic\u00f3w istotnych informacji o stanie zdrowia dziecka na etapie rekrutacji lub przyjmowania wychowanka do plac\u00f3wki w ci\u0105gu roku szkolnego, oraz w czasie zamieszkania wychowanka w plac\u00f3wce, Bursa w trybie natychmiastowym odst\u0119puje od Umowy zakwaterowania. W przypadku zaistnienia istotnej zmiany w stanie zdrowia wychowanka w czasie trwania zakwaterowania rodzice s\u0105 zobowi\u0105zani do aktualizacji Karty informacyjnej dotycz\u0105cej zdrowia wychowanka. W przypadku choroby wychowanka, wychowawca powiadamia telefonicznie rodzic\u00f3w, kt\u00f3rzy s\u0105 zobowi\u0105zani do niezw\u0142ocznego odebrania dziecka z Bursy. W razie braku mo\u017cliwo\u015bci przyjazdu rodzice\/opiekun prawny wyra\u017caj\u0105 zgod\u0119 na samodzielny powr\u00f3t chorego dziecka do domu i bior\u0105 za nie w tym czasie pe\u0142n\u0105 odpowiedzialno\u015b\u0107. Bursa nie ponosi odpowiedzialno\u015bci za pieni\u0105dze, rzeczy warto\u015bciowe i leki przechowywane w pokojach wychowank\u00f3w. W Bursie obowi\u0105zuje ca\u0142kowity zakaz posiadania, u\u017cywania i przebywania pod wp\u0142ywem alkoholu, narkotyk\u00f3w, dopalaczy i innych \u015brodk\u00f3w.<\/p>\t\t\t\t\t\t\t\t<\/div>\n\t\t\t\t<\/div>\n\t\t\t\t<div class=\"elementor-element elementor-element-31a9571 elementor-widget elementor-widget-heading\" data-id=\"31a9571\" data-element_type=\"widget\" data-widget_type=\"heading.default\">\n\t\t\t\t<div class=\"elementor-widget-container\">\n\t\t\t\t\t<h2 class=\"elementor-heading-title elementor-size-default\">Dokumenty niezb\u0119dne przy zakwaterowaniu<\/h2>\t\t\t\t<\/div>\n\t\t\t\t<\/div>\n\t\t\t\t<div class=\"elementor-element elementor-element-cb0ad6e elementor-widget elementor-widget-text-editor\" data-id=\"cb0ad6e\" data-element_type=\"widget\" data-widget_type=\"text-editor.default\">\n\t\t\t\t<div class=\"elementor-widget-container\">\n\t\t\t\t\t\t\t\t\t<p>1.Kwestionariusz osobowy wychowanka \/wychowanki<br \/>2.Karta informacyjna dotycz\u0105ca zdrowia wychowanka<br \/>3.Uczniowie posiadaj\u0105cy obywatelstwo inne ni\u017c polskie zobowi\u0105zani s\u0105 dostarczy\u0107 kopi\u0119 orzeczenie s\u0105dowego o posiadaniu opiekuna prawnego na terytorium Polski (konieczne w przypadku, gdy rodzice nie mieszkaj\u0105 w Polsce). WA\u017bNE !<br \/>4.Osoby staraj\u0105ce si\u0119 o kontynuacj\u0119 pobytu w Bursie nr 2 nie mog\u0105 mie\u0107 zaleg\u0142o\u015bci w dotychczasowych p\u0142atno\u015bciach za zakwaterowanie. Wychowankowie, kt\u00f3rzy do ko\u0144ca lipca nie z\u0142o\u017cyli Deklaracji kontynuacji pobytu lub maj\u0105 zaleg\u0142o\u015bci w p\u0142atno\u015bciach, mog\u0105 ubiega\u0107 si\u0119 o miejsce w Bursie dopiero po sp\u0142aceniu zaleg\u0142ych kwot i przyst\u0105pi\u0107 do rekrutacji wg. zasad obowi\u0105zuj\u0105cych dla nowo przyjmowanych os\u00f3b.<\/p>\t\t\t\t\t\t\t\t<\/div>\n\t\t\t\t<\/div>\n\t\t\t\t<div class=\"elementor-element elementor-element-14c5862 elementor-widget elementor-widget-heading\" data-id=\"14c5862\" data-element_type=\"widget\" data-widget_type=\"heading.default\">\n\t\t\t\t<div class=\"elementor-widget-container\">\n\t\t\t\t\t<h2 class=\"elementor-heading-title elementor-size-default\">Kontakt<\/h2>\t\t\t\t<\/div>\n\t\t\t\t<\/div>\n\t\t\t\t<div class=\"elementor-element elementor-element-996280c elementor-widget elementor-widget-text-editor\" data-id=\"996280c\" data-element_type=\"widget\" data-widget_type=\"text-editor.default\">\n\t\t\t\t<div class=\"elementor-widget-container\">\n\t\t\t\t\t\t\t\t\t<p>Bursa nr 2<br \/>Osiedle Szkolne 5, <br \/>34-300 \u017bywiec, Poland <br \/>tel. 516 764 253<\/p>\t\t\t\t\t\t\t\t<\/div>\n\t\t\t\t<\/div>\n\t\t\t\t<div class=\"elementor-element elementor-element-433d319 elementor-widget elementor-widget-heading\" data-id=\"433d319\" data-element_type=\"widget\" data-widget_type=\"heading.default\">\n\t\t\t\t<div class=\"elementor-widget-container\">\n\t\t\t\t\t<h2 class=\"elementor-heading-title elementor-size-default\">Galeria<\/h2>\t\t\t\t<\/div>\n\t\t\t\t<\/div>\n\t\t\t\t\t<\/div>\n\t\t\t\t<\/div>\n\t\t<div class=\"elementor-element elementor-element-bc9f675 e-flex e-con-boxed e-con e-parent\" data-id=\"bc9f675\" data-element_type=\"container\">\n\t\t\t\t\t<div class=\"e-con-inner\">\n\t\t\t\t<div class=\"elementor-element elementor-element-1c5b2ee elementor-widget elementor-widget-image\" data-id=\"1c5b2ee\" data-element_type=\"widget\" data-widget_type=\"image.default\">\n\t\t\t\t<div class=\"elementor-widget-container\">\n\t\t\t\t\t\t\t\t\t\t\t\t\t\t\t<img decoding=\"async\" width=\"265\" height=\"169\" src=\"https:\/\/www.moszczanica.pl\/wp-content\/uploads\/2025\/06\/image-24.png\" class=\"attachment-large size-large wp-image-2456\" alt=\"zamieszkaj w bursie\" \/>\t\t\t\t\t\t\t\t\t\t\t\t\t\t\t<\/div>\n\t\t\t\t<\/div>\n\t\t\t\t<div class=\"elementor-element elementor-element-5983855 elementor-widget elementor-widget-heading\" data-id=\"5983855\" data-element_type=\"widget\" data-widget_type=\"heading.default\">\n\t\t\t\t<div class=\"elementor-widget-container\">\n\t\t\t\t\t<h2 class=\"elementor-heading-title elementor-size-default\">Dokumenty do pobrania<\/h2>\t\t\t\t<\/div>\n\t\t\t\t<\/div>\n\t\t\t\t\t<\/div>\n\t\t\t\t<\/div>\n\t\t<div class=\"elementor-element elementor-element-f37a435 e-flex e-con-boxed e-con e-parent\" data-id=\"f37a435\" data-element_type=\"container\">\n\t\t\t\t\t<div class=\"e-con-inner\">\n\t\t\t\t<div class=\"elementor-element elementor-element-264ce68 elementor-widget__width-initial dok-nag-1 elementor-widget elementor-widget-text-editor\" data-id=\"264ce68\" data-element_type=\"widget\" data-widget_type=\"text-editor.default\">\n\t\t\t\t<div class=\"elementor-widget-container\">\n\t\t\t\t\t\t\t\t\t<p>Podanie o przyj\u0119cie do bursy<\/p>\t\t\t\t\t\t\t\t<\/div>\n\t\t\t\t<\/div>\n\t\t\t\t<div class=\"elementor-element elementor-element-0835159 elementor-align-center elementor-widget elementor-widget-button\" data-id=\"0835159\" data-element_type=\"widget\" data-widget_type=\"button.default\">\n\t\t\t\t<div class=\"elementor-widget-container\">\n\t\t\t\t\t\t\t\t\t<div class=\"elementor-button-wrapper\">\n\t\t\t\t\t<a class=\"elementor-button elementor-button-link elementor-size-sm\" href=\"#\">\n\t\t\t\t\t\t<span class=\"elementor-button-content-wrapper\">\n\t\t\t\t\t\t<span class=\"elementor-button-icon\">\n\t\t\t\t<svg aria-hidden=\"true\" class=\"e-font-icon-svg e-fas-download\" viewBox=\"0 0 512 512\" xmlns=\"http:\/\/www.w3.org\/2000\/svg\"><path d=\"M216 0h80c13.3 0 24 10.7 24 24v168h87.7c17.8 0 26.7 21.5 14.1 34.1L269.7 378.3c-7.5 7.5-19.8 7.5-27.3 0L90.1 226.1c-12.6-12.6-3.7-34.1 14.1-34.1H192V24c0-13.3 10.7-24 24-24zm296 376v112c0 13.3-10.7 24-24 24H24c-13.3 0-24-10.7-24-24V376c0-13.3 10.7-24 24-24h146.7l49 49c20.1 20.1 52.5 20.1 72.6 0l49-49H488c13.3 0 24 10.7 24 24zm-124 88c0-11-9-20-20-20s-20 9-20 20 9 20 20 20 20-9 20-20zm64 0c0-11-9-20-20-20s-20 9-20 20 9 20 20 20 20-9 20-20z\"><\/path><\/svg>\t\t\t<\/span>\n\t\t\t\t\t\t\t\t\t<span class=\"elementor-button-text\">Pobierz<\/span>\n\t\t\t\t\t<\/span>\n\t\t\t\t\t<\/a>\n\t\t\t\t<\/div>\n\t\t\t\t\t\t\t\t<\/div>\n\t\t\t\t<\/div>\n\t\t\t\t\t<\/div>\n\t\t\t\t<\/div>\n\t\t<div class=\"elementor-element elementor-element-48398af e-flex e-con-boxed e-con e-parent\" data-id=\"48398af\" data-element_type=\"container\">\n\t\t\t\t\t<div class=\"e-con-inner\">\n\t\t\t\t<div class=\"elementor-element elementor-element-07a391e elementor-widget__width-initial dok-nag-1 elementor-widget elementor-widget-text-editor\" data-id=\"07a391e\" data-element_type=\"widget\" data-widget_type=\"text-editor.default\">\n\t\t\t\t<div class=\"elementor-widget-container\">\n\t\t\t\t\t\t\t\t\t<p>Deklaracja kontynuowania zamieszkania<\/p>\t\t\t\t\t\t\t\t<\/div>\n\t\t\t\t<\/div>\n\t\t\t\t<div class=\"elementor-element elementor-element-252ef2d elementor-align-center elementor-widget elementor-widget-button\" data-id=\"252ef2d\" data-element_type=\"widget\" data-widget_type=\"button.default\">\n\t\t\t\t<div class=\"elementor-widget-container\">\n\t\t\t\t\t\t\t\t\t<div class=\"elementor-button-wrapper\">\n\t\t\t\t\t<a class=\"elementor-button elementor-button-link elementor-size-sm\" href=\"#\">\n\t\t\t\t\t\t<span class=\"elementor-button-content-wrapper\">\n\t\t\t\t\t\t<span class=\"elementor-button-icon\">\n\t\t\t\t<svg aria-hidden=\"true\" class=\"e-font-icon-svg e-fas-download\" viewBox=\"0 0 512 512\" xmlns=\"http:\/\/www.w3.org\/2000\/svg\"><path d=\"M216 0h80c13.3 0 24 10.7 24 24v168h87.7c17.8 0 26.7 21.5 14.1 34.1L269.7 378.3c-7.5 7.5-19.8 7.5-27.3 0L90.1 226.1c-12.6-12.6-3.7-34.1 14.1-34.1H192V24c0-13.3 10.7-24 24-24zm296 376v112c0 13.3-10.7 24-24 24H24c-13.3 0-24-10.7-24-24V376c0-13.3 10.7-24 24-24h146.7l49 49c20.1 20.1 52.5 20.1 72.6 0l49-49H488c13.3 0 24 10.7 24 24zm-124 88c0-11-9-20-20-20s-20 9-20 20 9 20 20 20 20-9 20-20zm64 0c0-11-9-20-20-20s-20 9-20 20 9 20 20 20 20-9 20-20z\"><\/path><\/svg>\t\t\t<\/span>\n\t\t\t\t\t\t\t\t\t<span class=\"elementor-button-text\">Pobierz<\/span>\n\t\t\t\t\t<\/span>\n\t\t\t\t\t<\/a>\n\t\t\t\t<\/div>\n\t\t\t\t\t\t\t\t<\/div>\n\t\t\t\t<\/div>\n\t\t\t\t\t<\/div>\n\t\t\t\t<\/div>\n\t\t<div class=\"elementor-element elementor-element-2705b43 e-flex e-con-boxed e-con e-parent\" data-id=\"2705b43\" data-element_type=\"container\">\n\t\t\t\t\t<div class=\"e-con-inner\">\n\t\t\t\t<div class=\"elementor-element elementor-element-5e97d2c elementor-widget__width-initial dok-nag-1 elementor-widget elementor-widget-text-editor\" data-id=\"5e97d2c\" data-element_type=\"widget\" data-widget_type=\"text-editor.default\">\n\t\t\t\t<div class=\"elementor-widget-container\">\n\t\t\t\t\t\t\t\t\t<p>Kwestionariusz osobowy kandydata<\/p>\t\t\t\t\t\t\t\t<\/div>\n\t\t\t\t<\/div>\n\t\t\t\t<div class=\"elementor-element elementor-element-969a93d elementor-align-center elementor-widget elementor-widget-button\" data-id=\"969a93d\" data-element_type=\"widget\" data-widget_type=\"button.default\">\n\t\t\t\t<div class=\"elementor-widget-container\">\n\t\t\t\t\t\t\t\t\t<div class=\"elementor-button-wrapper\">\n\t\t\t\t\t<a class=\"elementor-button elementor-button-link elementor-size-sm\" href=\"#\">\n\t\t\t\t\t\t<span class=\"elementor-button-content-wrapper\">\n\t\t\t\t\t\t<span class=\"elementor-button-icon\">\n\t\t\t\t<svg aria-hidden=\"true\" class=\"e-font-icon-svg e-fas-download\" viewBox=\"0 0 512 512\" xmlns=\"http:\/\/www.w3.org\/2000\/svg\"><path d=\"M216 0h80c13.3 0 24 10.7 24 24v168h87.7c17.8 0 26.7 21.5 14.1 34.1L269.7 378.3c-7.5 7.5-19.8 7.5-27.3 0L90.1 226.1c-12.6-12.6-3.7-34.1 14.1-34.1H192V24c0-13.3 10.7-24 24-24zm296 376v112c0 13.3-10.7 24-24 24H24c-13.3 0-24-10.7-24-24V376c0-13.3 10.7-24 24-24h146.7l49 49c20.1 20.1 52.5 20.1 72.6 0l49-49H488c13.3 0 24 10.7 24 24zm-124 88c0-11-9-20-20-20s-20 9-20 20 9 20 20 20 20-9 20-20zm64 0c0-11-9-20-20-20s-20 9-20 20 9 20 20 20 20-9 20-20z\"><\/path><\/svg>\t\t\t<\/span>\n\t\t\t\t\t\t\t\t\t<span class=\"elementor-button-text\">Pobierz<\/span>\n\t\t\t\t\t<\/span>\n\t\t\t\t\t<\/a>\n\t\t\t\t<\/div>\n\t\t\t\t\t\t\t\t<\/div>\n\t\t\t\t<\/div>\n\t\t\t\t\t<\/div>\n\t\t\t\t<\/div>\n\t\t<div class=\"elementor-element elementor-element-79c3b6f e-flex e-con-boxed e-con e-parent\" data-id=\"79c3b6f\" data-element_type=\"container\">\n\t\t\t\t\t<div class=\"e-con-inner\">\n\t\t\t\t<div class=\"elementor-element elementor-element-629b7fd elementor-widget__width-initial dok-nag-1 elementor-widget elementor-widget-text-editor\" data-id=\"629b7fd\" data-element_type=\"widget\" data-widget_type=\"text-editor.default\">\n\t\t\t\t<div class=\"elementor-widget-container\">\n\t\t\t\t\t\t\t\t\t<p>Karta informacyjna dotycz\u0105ca zdrowia wychowanka<\/p>\t\t\t\t\t\t\t\t<\/div>\n\t\t\t\t<\/div>\n\t\t\t\t<div class=\"elementor-element elementor-element-21b77a7 elementor-align-center elementor-widget elementor-widget-button\" data-id=\"21b77a7\" data-element_type=\"widget\" data-widget_type=\"button.default\">\n\t\t\t\t<div class=\"elementor-widget-container\">\n\t\t\t\t\t\t\t\t\t<div class=\"elementor-button-wrapper\">\n\t\t\t\t\t<a class=\"elementor-button elementor-button-link elementor-size-sm\" href=\"#\">\n\t\t\t\t\t\t<span class=\"elementor-button-content-wrapper\">\n\t\t\t\t\t\t<span class=\"elementor-button-icon\">\n\t\t\t\t<svg aria-hidden=\"true\" class=\"e-font-icon-svg e-fas-download\" viewBox=\"0 0 512 512\" xmlns=\"http:\/\/www.w3.org\/2000\/svg\"><path d=\"M216 0h80c13.3 0 24 10.7 24 24v168h87.7c17.8 0 26.7 21.5 14.1 34.1L269.7 378.3c-7.5 7.5-19.8 7.5-27.3 0L90.1 226.1c-12.6-12.6-3.7-34.1 14.1-34.1H192V24c0-13.3 10.7-24 24-24zm296 376v112c0 13.3-10.7 24-24 24H24c-13.3 0-24-10.7-24-24V376c0-13.3 10.7-24 24-24h146.7l49 49c20.1 20.1 52.5 20.1 72.6 0l49-49H488c13.3 0 24 10.7 24 24zm-124 88c0-11-9-20-20-20s-20 9-20 20 9 20 20 20 20-9 20-20zm64 0c0-11-9-20-20-20s-20 9-20 20 9 20 20 20 20-9 20-20z\"><\/path><\/svg>\t\t\t<\/span>\n\t\t\t\t\t\t\t\t\t<span class=\"elementor-button-text\">Pobierz<\/span>\n\t\t\t\t\t<\/span>\n\t\t\t\t\t<\/a>\n\t\t\t\t<\/div>\n\t\t\t\t\t\t\t\t<\/div>\n\t\t\t\t<\/div>\n\t\t\t\t\t<\/div>\n\t\t\t\t<\/div>\n\t\t<div class=\"elementor-element elementor-element-0463d92 e-flex e-con-boxed e-con e-parent\" data-id=\"0463d92\" data-element_type=\"container\">\n\t\t\t\t\t<div class=\"e-con-inner\">\n\t\t\t\t<div class=\"elementor-element elementor-element-c74ba60 elementor-widget__width-initial dok-nag-1 elementor-widget elementor-widget-text-editor\" data-id=\"c74ba60\" data-element_type=\"widget\" data-widget_type=\"text-editor.default\">\n\t\t\t\t<div class=\"elementor-widget-container\">\n\t\t\t\t\t\t\t\t\t<p>Rezygnacja z zamieszkania w bursie<\/p>\t\t\t\t\t\t\t\t<\/div>\n\t\t\t\t<\/div>\n\t\t\t\t<div class=\"elementor-element elementor-element-9f1be0b elementor-align-center elementor-widget elementor-widget-button\" data-id=\"9f1be0b\" data-element_type=\"widget\" data-widget_type=\"button.default\">\n\t\t\t\t<div class=\"elementor-widget-container\">\n\t\t\t\t\t\t\t\t\t<div class=\"elementor-button-wrapper\">\n\t\t\t\t\t<a class=\"elementor-button elementor-button-link elementor-size-sm\" href=\"#\">\n\t\t\t\t\t\t<span class=\"elementor-button-content-wrapper\">\n\t\t\t\t\t\t<span class=\"elementor-button-icon\">\n\t\t\t\t<svg aria-hidden=\"true\" class=\"e-font-icon-svg e-fas-download\" viewBox=\"0 0 512 512\" xmlns=\"http:\/\/www.w3.org\/2000\/svg\"><path d=\"M216 0h80c13.3 0 24 10.7 24 24v168h87.7c17.8 0 26.7 21.5 14.1 34.1L269.7 378.3c-7.5 7.5-19.8 7.5-27.3 0L90.1 226.1c-12.6-12.6-3.7-34.1 14.1-34.1H192V24c0-13.3 10.7-24 24-24zm296 376v112c0 13.3-10.7 24-24 24H24c-13.3 0-24-10.7-24-24V376c0-13.3 10.7-24 24-24h146.7l49 49c20.1 20.1 52.5 20.1 72.6 0l49-49H488c13.3 0 24 10.7 24 24zm-124 88c0-11-9-20-20-20s-20 9-20 20 9 20 20 20 20-9 20-20zm64 0c0-11-9-20-20-20s-20 9-20 20 9 20 20 20 20-9 20-20z\"><\/path><\/svg>\t\t\t<\/span>\n\t\t\t\t\t\t\t\t\t<span class=\"elementor-button-text\">Pobierz<\/span>\n\t\t\t\t\t<\/span>\n\t\t\t\t\t<\/a>\n\t\t\t\t<\/div>\n\t\t\t\t\t\t\t\t<\/div>\n\t\t\t\t<\/div>\n\t\t\t\t\t<\/div>\n\t\t\t\t<\/div>\n\t\t<div class=\"elementor-element elementor-element-2a92974 e-flex e-con-boxed e-con e-parent\" data-id=\"2a92974\" data-element_type=\"container\">\n\t\t\t\t\t<div class=\"e-con-inner\">\n\t\t\t\t<div class=\"elementor-element elementor-element-929a7c4 elementor-widget__width-initial dok-nag-1 elementor-widget elementor-widget-text-editor\" data-id=\"929a7c4\" data-element_type=\"widget\" data-widget_type=\"text-editor.default\">\n\t\t\t\t<div class=\"elementor-widget-container\">\n\t\t\t\t\t\t\t\t\t<p>Regulamin<\/p>\t\t\t\t\t\t\t\t<\/div>\n\t\t\t\t<\/div>\n\t\t\t\t<div class=\"elementor-element elementor-element-8d9bf86 elementor-align-center elementor-widget elementor-widget-button\" data-id=\"8d9bf86\" data-element_type=\"widget\" data-widget_type=\"button.default\">\n\t\t\t\t<div class=\"elementor-widget-container\">\n\t\t\t\t\t\t\t\t\t<div class=\"elementor-button-wrapper\">\n\t\t\t\t\t<a class=\"elementor-button elementor-button-link elementor-size-sm\" href=\"#\">\n\t\t\t\t\t\t<span class=\"elementor-button-content-wrapper\">\n\t\t\t\t\t\t<span class=\"elementor-button-icon\">\n\t\t\t\t<svg aria-hidden=\"true\" class=\"e-font-icon-svg e-fas-download\" viewBox=\"0 0 512 512\" xmlns=\"http:\/\/www.w3.org\/2000\/svg\"><path d=\"M216 0h80c13.3 0 24 10.7 24 24v168h87.7c17.8 0 26.7 21.5 14.1 34.1L269.7 378.3c-7.5 7.5-19.8 7.5-27.3 0L90.1 226.1c-12.6-12.6-3.7-34.1 14.1-34.1H192V24c0-13.3 10.7-24 24-24zm296 376v112c0 13.3-10.7 24-24 24H24c-13.3 0-24-10.7-24-24V376c0-13.3 10.7-24 24-24h146.7l49 49c20.1 20.1 52.5 20.1 72.6 0l49-49H488c13.3 0 24 10.7 24 24zm-124 88c0-11-9-20-20-20s-20 9-20 20 9 20 20 20 20-9 20-20zm64 0c0-11-9-20-20-20s-20 9-20 20 9 20 20 20 20-9 20-20z\"><\/path><\/svg>\t\t\t<\/span>\n\t\t\t\t\t\t\t\t\t<span class=\"elementor-button-text\">Pobierz<\/span>\n\t\t\t\t\t<\/span>\n\t\t\t\t\t<\/a>\n\t\t\t\t<\/div>\n\t\t\t\t\t\t\t\t<\/div>\n\t\t\t\t<\/div>\n\t\t\t\t\t<\/div>\n\t\t\t\t<\/div>\n\t\t\t\t<\/div>\n\t\t","protected":false},"excerpt":{"rendered":"<p>Zamieszkaj w bursie O nas Bursa, to miejsce dla m\u0142odzie\u017cy pobieraj\u0105cej nauk\u0119 poza domem &#8211; miejscem sta\u0142ego zameldowania. Wychowankom zapewniamy opiek\u0119 24h na dob\u0119. Bursa nr 2 nie zapewnia opieki i wychowania w dniach przerw \u015bwi\u0105tecznych, wolnych od pracy, ferie, wakacje i inne dni wynikaj\u0105ce z organizacji roku szkolnego. Budynki bursy obj\u0119te s\u0105 monitoringiem wewn\u0119trznym [&hellip;]<\/p>\n","protected":false},"author":1,"featured_media":0,"parent":0,"menu_order":0,"comment_status":"closed","ping_status":"closed","template":"","meta":{"footnotes":""},"class_list":["post-2450","page","type-page","status-publish","hentry"],"_links":{"self":[{"href":"https:\/\/www.moszczanica.pl\/index.php\/wp-json\/wp\/v2\/pages\/2450","targetHints":{"allow":["GET"]}}],"collection":[{"href":"https:\/\/www.moszczanica.pl\/index.php\/wp-json\/wp\/v2\/pages"}],"about":[{"href":"https:\/\/www.moszczanica.pl\/index.php\/wp-json\/wp\/v2\/types\/page"}],"author":[{"embeddable":true,"href":"https:\/\/www.moszczanica.pl\/index.php\/wp-json\/wp\/v2\/users\/1"}],"replies":[{"embeddable":true,"href":"https:\/\/www.moszczanica.pl\/index.php\/wp-json\/wp\/v2\/comments?post=2450"}],"version-history":[{"count":88,"href":"https:\/\/www.moszczanica.pl\/index.php\/wp-json\/wp\/v2\/pages\/2450\/revisions"}],"predecessor-version":[{"id":4464,"href":"https:\/\/www.moszczanica.pl\/index.php\/wp-json\/wp\/v2\/pages\/2450\/revisions\/4464"}],"wp:attachment":[{"href":"https:\/\/www.moszczanica.pl\/index.php\/wp-json\/wp\/v2\/media?parent=2450"}],"curies":[{"name":"wp","href":"https:\/\/api.w.org\/{rel}","templated":true}]}}