{"id":1755,"date":"2025-06-04T12:33:17","date_gmt":"2025-06-04T10:33:17","guid":{"rendered":"https:\/\/www.moszczanica.pl\/?page_id=1755"},"modified":"2025-07-26T15:26:53","modified_gmt":"2025-07-26T13:26:53","slug":"kwalifikacyjny-kurs-zawodowy-pszczelarz","status":"publish","type":"page","link":"https:\/\/www.moszczanica.pl\/index.php\/kwalifikacyjny-kurs-zawodowy-pszczelarz\/","title":{"rendered":"Kwalifikacyjny kurs zawodowy &#8211; pszczelarz"},"content":{"rendered":"\t\t<div data-elementor-type=\"wp-page\" data-elementor-id=\"1755\" class=\"elementor elementor-1755\" data-elementor-post-type=\"page\">\n\t\t\t\t<div class=\"elementor-element elementor-element-637c081 e-flex e-con-boxed e-con e-parent\" data-id=\"637c081\" data-element_type=\"container\">\n\t\t\t\t\t<div class=\"e-con-inner\">\n\t\t\t\t<div class=\"elementor-element elementor-element-78dffe4 elementor-widget elementor-widget-heading\" data-id=\"78dffe4\" data-element_type=\"widget\" data-widget_type=\"heading.default\">\n\t\t\t\t<div class=\"elementor-widget-container\">\n\t\t\t\t\t<h1 class=\"elementor-heading-title elementor-size-default\">Kwalifikacyjny kurs zawodowy - pszczelarz<\/h1>\t\t\t\t<\/div>\n\t\t\t\t<\/div>\n\t\t\t\t\t<\/div>\n\t\t\t\t<\/div>\n\t\t<div class=\"elementor-element elementor-element-5c2f9a3 e-flex e-con-boxed e-con e-parent\" data-id=\"5c2f9a3\" data-element_type=\"container\">\n\t\t\t\t\t<div class=\"e-con-inner\">\n\t\t\t\t<div class=\"elementor-element elementor-element-5e63989 elementor-widget__width-initial elementor-widget elementor-widget-text-editor\" data-id=\"5e63989\" data-element_type=\"widget\" data-widget_type=\"text-editor.default\">\n\t\t\t\t<div class=\"elementor-widget-container\">\n\t\t\t\t\t\t\t\t\t<p>Co roku og\u0142aszamy nab\u00f3r na kwalifikacyjny kurs zawodowy w zawodzie pszczelarz &#8211; kwalifikacja: ROL 03 Prowadzenie produkcji pszczelarskiej, kt\u00f3ry cieszy si\u0119 du\u017cym zainteresowaniem. <br \/>Kurs uprawnia do nabycia kwalifikacji pszczelarz, nadaj\u0105cych absolwentowi uprawnienia rolnicze, zgodne z wymogami Ministerstwa Rolnictwa oraz ARiMR. <br \/><br \/>Kwalifikacyjny kurs zawodowy <br \/>zaw\u00f3d &#8211; pszczelarz <br \/>kwalifikacja: ROL 03 Prowadzenie produkcji pszczelarskiej.<\/p>\t\t\t\t\t\t\t\t<\/div>\n\t\t\t\t<\/div>\n\t\t\t\t\t<\/div>\n\t\t\t\t<\/div>\n\t\t<div class=\"elementor-element elementor-element-a1ff0b6 e-flex e-con-boxed e-con e-parent\" data-id=\"a1ff0b6\" data-element_type=\"container\">\n\t\t\t\t\t<div class=\"e-con-inner\">\n\t\t\t\t<div class=\"elementor-element elementor-element-64a70a1 elementor-widget elementor-widget-heading\" data-id=\"64a70a1\" data-element_type=\"widget\" data-widget_type=\"heading.default\">\n\t\t\t\t<div class=\"elementor-widget-container\">\n\t\t\t\t\t<h2 class=\"elementor-heading-title elementor-size-default\">O nas<\/h2>\t\t\t\t<\/div>\n\t\t\t\t<\/div>\n\t\t\t\t<div class=\"elementor-element elementor-element-aa9db20 elementor-widget__width-initial elementor-widget elementor-widget-text-editor\" data-id=\"aa9db20\" data-element_type=\"widget\" data-widget_type=\"text-editor.default\">\n\t\t\t\t<div class=\"elementor-widget-container\">\n\t\t\t\t\t\t\t\t\t<ul><li>dzia\u0142alno\u015b\u0107 gospodarcza w rolnictwie<\/li>\n<li>przepisy ruchu drogowego<\/li>\n<li>j\u0119zyk obcy w pszczelarstwie<\/li>\n<li>produkcja rolnicza<\/li>\n<li>ch\u00f3w i hodowla pszcz\u00f3\u0142<\/li>\n<li>gospodarka pasieczna<\/li>\n<li>technologia produkt\u00f3w pszczelich<\/li>\n<li>po\u017cytki pszczele<\/li><ul>\t\t\t\t\t\t\t\t<\/div>\n\t\t\t\t<\/div>\n\t\t\t\t<div class=\"elementor-element elementor-element-d6d5520 elementor-widget elementor-widget-heading\" data-id=\"d6d5520\" data-element_type=\"widget\" data-widget_type=\"heading.default\">\n\t\t\t\t<div class=\"elementor-widget-container\">\n\t\t\t\t\t<h2 class=\"elementor-heading-title elementor-size-default\">O nas<\/h2>\t\t\t\t<\/div>\n\t\t\t\t<\/div>\n\t\t\t\t<div class=\"elementor-element elementor-element-68dc47b elementor-widget__width-initial elementor-widget elementor-widget-text-editor\" data-id=\"68dc47b\" data-element_type=\"widget\" data-widget_type=\"text-editor.default\">\n\t\t\t\t<div class=\"elementor-widget-container\">\n\t\t\t\t\t\t\t\t\t<ul><li>prowadzenie produkcji pasiecznej<\/li><li>prowadzenie produkcji rolniczej<\/li><li>technika w rolnictwie<\/li><li>nauka jazdy ci\u0105gnikiem rolniczym 21 godzin na s\u0142uchacza<\/li><\/ul><p>\u00a0<\/p><p><br \/>druk deklaracji przyst\u0105pienia do egzaminu<\/p><p>KKZ pszczelarz informacje &#8211; wniosek o przyj\u0119cie<\/p><p>https:\/\/drive.google.com\/file\/d\/1zFrupiCwBYOoeI3TD-Uet9XMPdAUhZq3\/view?usp=sharing<\/p><p>og\u0142oszenie o naborze<\/p><p>https:\/\/drive.google.com\/file\/d\/1LObFzzMefpbXJ3t6Tt87SeGTMORTKF12\/view?usp=sharing<\/p><p>Podanie o przyj\u0119cie<\/p><p>https:\/\/drive.google.com\/file\/d\/1zFrupiCwBYOoeI3TD-Uet9XMPdAUhZq3\/view?usp=drive_link<\/p><p><br \/>Kurs kwalifikacyjny<\/p><p>https:\/\/drive.google.com\/file\/d\/1PILEonthLHS-MdGn5_vkylxxWQ9p3VC7\/view?usp=sharing<\/p><p>\u00a0<\/p><p>\u00a0<\/p><p>Plan nauczania<\/p><p>https:\/\/drive.google.com\/file\/d\/1PILEonthLHS-MdGn5_vkylxxWQ9p3VC7\/view?usp=sharing<\/p><p>OKE Jaworzno link<\/p><p>Procedura wydawania dyplom\u00f3w<\/p><p>Plan nauczania KKZ pszczelarz<\/p><p>\u00a0<\/p><p>\u00a0<\/p>\t\t\t\t\t\t\t\t<\/div>\n\t\t\t\t<\/div>\n\t\t\t\t<div class=\"elementor-element elementor-element-51ad96b elementor-widget elementor-widget-heading\" data-id=\"51ad96b\" data-element_type=\"widget\" data-widget_type=\"heading.default\">\n\t\t\t\t<div class=\"elementor-widget-container\">\n\t\t\t\t\t<h2 class=\"elementor-heading-title elementor-size-default\">Kontakt:<\/h2>\t\t\t\t<\/div>\n\t\t\t\t<\/div>\n\t\t\t\t<div class=\"elementor-element elementor-element-cd6b0ad elementor-widget__width-initial elementor-widget elementor-widget-text-editor\" data-id=\"cd6b0ad\" data-element_type=\"widget\" data-widget_type=\"text-editor.default\">\n\t\t\t\t<div class=\"elementor-widget-container\">\n\t\t\t\t\t\t\t\t\t<p>Kierownik warsztat\u00f3w i szkolenia praktycznego &#8211; Adam Walatek <span style=\"text-decoration: underline;\">awalatek@moszczanica.pl<\/span><br \/>Janina \u015acieszka &#8211; <span style=\"text-decoration: underline;\">jscieszka1@moszczanica.pl<\/span><\/p>\t\t\t\t\t\t\t\t<\/div>\n\t\t\t\t<\/div>\n\t\t\t\t<div class=\"elementor-element elementor-element-af7ddc5 elementor-widget elementor-widget-heading\" data-id=\"af7ddc5\" data-element_type=\"widget\" data-widget_type=\"heading.default\">\n\t\t\t\t<div class=\"elementor-widget-container\">\n\t\t\t\t\t<h2 class=\"elementor-heading-title elementor-size-default\">Galeria<\/h2>\t\t\t\t<\/div>\n\t\t\t\t<\/div>\n\t\t\t\t\t<\/div>\n\t\t\t\t<\/div>\n\t\t<div class=\"elementor-element elementor-element-e0835c8 e-flex e-con-boxed e-con e-parent\" data-id=\"e0835c8\" data-element_type=\"container\">\n\t\t\t\t\t<div class=\"e-con-inner\">\n\t\t\t\t<div class=\"elementor-element elementor-element-dba26d5 elementor-widget elementor-widget-gallery\" data-id=\"dba26d5\" data-element_type=\"widget\" data-settings=\"{&quot;columns&quot;:3,&quot;aspect_ratio&quot;:&quot;16:9&quot;,&quot;lazyload&quot;:&quot;yes&quot;,&quot;gallery_layout&quot;:&quot;grid&quot;,&quot;columns_tablet&quot;:2,&quot;columns_mobile&quot;:1,&quot;gap&quot;:{&quot;unit&quot;:&quot;px&quot;,&quot;size&quot;:10,&quot;sizes&quot;:[]},&quot;gap_widescreen&quot;:{&quot;unit&quot;:&quot;px&quot;,&quot;size&quot;:&quot;&quot;,&quot;sizes&quot;:[]},&quot;gap_laptop&quot;:{&quot;unit&quot;:&quot;px&quot;,&quot;size&quot;:10,&quot;sizes&quot;:[]},&quot;gap_tablet_extra&quot;:{&quot;unit&quot;:&quot;px&quot;,&quot;size&quot;:10,&quot;sizes&quot;:[]},&quot;gap_tablet&quot;:{&quot;unit&quot;:&quot;px&quot;,&quot;size&quot;:10,&quot;sizes&quot;:[]},&quot;gap_mobile_extra&quot;:{&quot;unit&quot;:&quot;px&quot;,&quot;size&quot;:10,&quot;sizes&quot;:[]},&quot;gap_mobile&quot;:{&quot;unit&quot;:&quot;px&quot;,&quot;size&quot;:10,&quot;sizes&quot;:[]},&quot;link_to&quot;:&quot;file&quot;,&quot;overlay_background&quot;:&quot;yes&quot;,&quot;content_hover_animation&quot;:&quot;fade-in&quot;}\" data-widget_type=\"gallery.default\">\n\t\t\t\t<div class=\"elementor-widget-container\">\n\t\t\t\t\t\t\t<div class=\"elementor-gallery__container\">\n\t\t\t\t\t\t\t<a class=\"e-gallery-item elementor-gallery-item elementor-animated-content\" href=\"https:\/\/www.moszczanica.pl\/wp-content\/uploads\/2025\/06\/image-24-1.png\" data-elementor-open-lightbox=\"yes\" data-elementor-lightbox-slideshow=\"dba26d5\" data-elementor-lightbox-title=\"image 24\" data-e-action-hash=\"#elementor-action%3Aaction%3Dlightbox%26settings%3DeyJpZCI6MjY5MywidXJsIjoiaHR0cHM6XC9cL3d3dy5tb3N6Y3phbmljYS5wbFwvd3AtY29udGVudFwvdXBsb2Fkc1wvMjAyNVwvMDZcL2ltYWdlLTI0LTEucG5nIiwic2xpZGVzaG93IjoiZGJhMjZkNSJ9\">\n\t\t\t\t\t<div class=\"e-gallery-image elementor-gallery-item__image\" data-thumbnail=\"https:\/\/www.moszczanica.pl\/wp-content\/uploads\/2025\/06\/image-24-1.png\" data-width=\"265\" data-height=\"169\" aria-label=\"kurs zawodowy pszczelarz\" role=\"img\" ><\/div>\n\t\t\t\t\t\t\t\t\t\t\t<div class=\"elementor-gallery-item__overlay\"><\/div>\n\t\t\t\t\t\t\t\t\t\t\t\t\t\t<\/a>\n\t\t\t\t\t\t\t<a class=\"e-gallery-item elementor-gallery-item elementor-animated-content\" href=\"https:\/\/www.moszczanica.pl\/wp-content\/uploads\/2025\/06\/image-5-1.png\" data-elementor-open-lightbox=\"yes\" data-elementor-lightbox-slideshow=\"dba26d5\" data-elementor-lightbox-title=\"image 5\" data-e-action-hash=\"#elementor-action%3Aaction%3Dlightbox%26settings%3DeyJpZCI6MjY5NCwidXJsIjoiaHR0cHM6XC9cL3d3dy5tb3N6Y3phbmljYS5wbFwvd3AtY29udGVudFwvdXBsb2Fkc1wvMjAyNVwvMDZcL2ltYWdlLTUtMS5wbmciLCJzbGlkZXNob3ciOiJkYmEyNmQ1In0%3D\">\n\t\t\t\t\t<div class=\"e-gallery-image elementor-gallery-item__image\" data-thumbnail=\"https:\/\/www.moszczanica.pl\/wp-content\/uploads\/2025\/06\/image-5-1.png\" data-width=\"265\" data-height=\"169\" aria-label=\"kurs zawodowy pszczelarz\" role=\"img\" ><\/div>\n\t\t\t\t\t\t\t\t\t\t\t<div class=\"elementor-gallery-item__overlay\"><\/div>\n\t\t\t\t\t\t\t\t\t\t\t\t\t\t<\/a>\n\t\t\t\t\t\t\t<a class=\"e-gallery-item elementor-gallery-item elementor-animated-content\" href=\"https:\/\/www.moszczanica.pl\/wp-content\/uploads\/2025\/06\/image-20.png\" data-elementor-open-lightbox=\"yes\" data-elementor-lightbox-slideshow=\"dba26d5\" data-elementor-lightbox-title=\"image 20\" data-e-action-hash=\"#elementor-action%3Aaction%3Dlightbox%26settings%3DeyJpZCI6MjY5NSwidXJsIjoiaHR0cHM6XC9cL3d3dy5tb3N6Y3phbmljYS5wbFwvd3AtY29udGVudFwvdXBsb2Fkc1wvMjAyNVwvMDZcL2ltYWdlLTIwLnBuZyIsInNsaWRlc2hvdyI6ImRiYTI2ZDUifQ%3D%3D\">\n\t\t\t\t\t<div class=\"e-gallery-image elementor-gallery-item__image\" data-thumbnail=\"https:\/\/www.moszczanica.pl\/wp-content\/uploads\/2025\/06\/image-20.png\" data-width=\"265\" data-height=\"169\" aria-label=\"kurs zawodowy pszczelarz\" role=\"img\" ><\/div>\n\t\t\t\t\t\t\t\t\t\t\t<div class=\"elementor-gallery-item__overlay\"><\/div>\n\t\t\t\t\t\t\t\t\t\t\t\t\t\t<\/a>\n\t\t\t\t\t\t\t<a class=\"e-gallery-item elementor-gallery-item elementor-animated-content\" href=\"https:\/\/www.moszczanica.pl\/wp-content\/uploads\/2025\/06\/image-21.png\" data-elementor-open-lightbox=\"yes\" data-elementor-lightbox-slideshow=\"dba26d5\" data-elementor-lightbox-title=\"image 21\" data-e-action-hash=\"#elementor-action%3Aaction%3Dlightbox%26settings%3DeyJpZCI6MjY5NiwidXJsIjoiaHR0cHM6XC9cL3d3dy5tb3N6Y3phbmljYS5wbFwvd3AtY29udGVudFwvdXBsb2Fkc1wvMjAyNVwvMDZcL2ltYWdlLTIxLnBuZyIsInNsaWRlc2hvdyI6ImRiYTI2ZDUifQ%3D%3D\">\n\t\t\t\t\t<div class=\"e-gallery-image elementor-gallery-item__image\" data-thumbnail=\"https:\/\/www.moszczanica.pl\/wp-content\/uploads\/2025\/06\/image-21.png\" data-width=\"265\" data-height=\"170\" aria-label=\"kurs zawodowy pszczelarz\" role=\"img\" ><\/div>\n\t\t\t\t\t\t\t\t\t\t\t<div class=\"elementor-gallery-item__overlay\"><\/div>\n\t\t\t\t\t\t\t\t\t\t\t\t\t\t<\/a>\n\t\t\t\t\t\t\t<a class=\"e-gallery-item elementor-gallery-item elementor-animated-content\" href=\"https:\/\/www.moszczanica.pl\/wp-content\/uploads\/2025\/06\/image-22.png\" data-elementor-open-lightbox=\"yes\" data-elementor-lightbox-slideshow=\"dba26d5\" data-elementor-lightbox-title=\"image 22\" data-e-action-hash=\"#elementor-action%3Aaction%3Dlightbox%26settings%3DeyJpZCI6MjY5NywidXJsIjoiaHR0cHM6XC9cL3d3dy5tb3N6Y3phbmljYS5wbFwvd3AtY29udGVudFwvdXBsb2Fkc1wvMjAyNVwvMDZcL2ltYWdlLTIyLnBuZyIsInNsaWRlc2hvdyI6ImRiYTI2ZDUifQ%3D%3D\">\n\t\t\t\t\t<div class=\"e-gallery-image elementor-gallery-item__image\" data-thumbnail=\"https:\/\/www.moszczanica.pl\/wp-content\/uploads\/2025\/06\/image-22.png\" data-width=\"265\" data-height=\"170\" aria-label=\"kurs zawodowy pszczelarz\" role=\"img\" ><\/div>\n\t\t\t\t\t\t\t\t\t\t\t<div class=\"elementor-gallery-item__overlay\"><\/div>\n\t\t\t\t\t\t\t\t\t\t\t\t\t\t<\/a>\n\t\t\t\t\t\t\t<a class=\"e-gallery-item elementor-gallery-item elementor-animated-content\" href=\"https:\/\/www.moszczanica.pl\/wp-content\/uploads\/2025\/06\/image-23.png\" data-elementor-open-lightbox=\"yes\" data-elementor-lightbox-slideshow=\"dba26d5\" data-elementor-lightbox-title=\"image 23\" data-e-action-hash=\"#elementor-action%3Aaction%3Dlightbox%26settings%3DeyJpZCI6MjY5OCwidXJsIjoiaHR0cHM6XC9cL3d3dy5tb3N6Y3phbmljYS5wbFwvd3AtY29udGVudFwvdXBsb2Fkc1wvMjAyNVwvMDZcL2ltYWdlLTIzLnBuZyIsInNsaWRlc2hvdyI6ImRiYTI2ZDUifQ%3D%3D\">\n\t\t\t\t\t<div class=\"e-gallery-image elementor-gallery-item__image\" data-thumbnail=\"https:\/\/www.moszczanica.pl\/wp-content\/uploads\/2025\/06\/image-23.png\" data-width=\"265\" data-height=\"170\" aria-label=\"kurs zawodowy pszczelarz\" role=\"img\" ><\/div>\n\t\t\t\t\t\t\t\t\t\t\t<div class=\"elementor-gallery-item__overlay\"><\/div>\n\t\t\t\t\t\t\t\t\t\t\t\t\t\t<\/a>\n\t\t\t\t\t<\/div>\n\t\t\t\t\t<\/div>\n\t\t\t\t<\/div>\n\t\t\t\t\t<\/div>\n\t\t\t\t<\/div>\n\t\t\t\t<\/div>\n\t\t","protected":false},"excerpt":{"rendered":"<p>Kwalifikacyjny kurs zawodowy &#8211; pszczelarz Co roku og\u0142aszamy nab\u00f3r na kwalifikacyjny kurs zawodowy w zawodzie pszczelarz &#8211; kwalifikacja: ROL 03 Prowadzenie produkcji pszczelarskiej, kt\u00f3ry cieszy si\u0119 du\u017cym zainteresowaniem. Kurs uprawnia do nabycia kwalifikacji pszczelarz, nadaj\u0105cych absolwentowi uprawnienia rolnicze, zgodne z wymogami Ministerstwa Rolnictwa oraz ARiMR. Kwalifikacyjny kurs zawodowy zaw\u00f3d &#8211; pszczelarz kwalifikacja: ROL 03 Prowadzenie [&hellip;]<\/p>\n","protected":false},"author":1,"featured_media":0,"parent":0,"menu_order":0,"comment_status":"closed","ping_status":"closed","template":"","meta":{"footnotes":""},"class_list":["post-1755","page","type-page","status-publish","hentry"],"_links":{"self":[{"href":"https:\/\/www.moszczanica.pl\/index.php\/wp-json\/wp\/v2\/pages\/1755","targetHints":{"allow":["GET"]}}],"collection":[{"href":"https:\/\/www.moszczanica.pl\/index.php\/wp-json\/wp\/v2\/pages"}],"about":[{"href":"https:\/\/www.moszczanica.pl\/index.php\/wp-json\/wp\/v2\/types\/page"}],"author":[{"embeddable":true,"href":"https:\/\/www.moszczanica.pl\/index.php\/wp-json\/wp\/v2\/users\/1"}],"replies":[{"embeddable":true,"href":"https:\/\/www.moszczanica.pl\/index.php\/wp-json\/wp\/v2\/comments?post=1755"}],"version-history":[{"count":22,"href":"https:\/\/www.moszczanica.pl\/index.php\/wp-json\/wp\/v2\/pages\/1755\/revisions"}],"predecessor-version":[{"id":5037,"href":"https:\/\/www.moszczanica.pl\/index.php\/wp-json\/wp\/v2\/pages\/1755\/revisions\/5037"}],"wp:attachment":[{"href":"https:\/\/www.moszczanica.pl\/index.php\/wp-json\/wp\/v2\/media?parent=1755"}],"curies":[{"name":"wp","href":"https:\/\/api.w.org\/{rel}","templated":true}]}}