{"id":1736,"date":"2025-06-04T12:30:07","date_gmt":"2025-06-04T10:30:07","guid":{"rendered":"https:\/\/www.moszczanica.pl\/?page_id=1736"},"modified":"2025-10-07T11:28:02","modified_gmt":"2025-10-07T09:28:02","slug":"samorzad-uczniowski","status":"publish","type":"page","link":"https:\/\/www.moszczanica.pl\/index.php\/samorzad-uczniowski\/","title":{"rendered":"Samorz\u0105d uczniowski"},"content":{"rendered":"\t\t<div data-elementor-type=\"wp-page\" data-elementor-id=\"1736\" class=\"elementor elementor-1736\" data-elementor-post-type=\"page\">\n\t\t\t\t<div class=\"elementor-element elementor-element-4187fff e-flex e-con-boxed e-con e-parent\" data-id=\"4187fff\" data-element_type=\"container\">\n\t\t\t\t\t<div class=\"e-con-inner\">\n\t\t\t\t\t<\/div>\n\t\t\t\t<\/div>\n\t\t<div class=\"elementor-element elementor-element-8f12a61 e-flex e-con-boxed e-con e-parent\" data-id=\"8f12a61\" data-element_type=\"container\">\n\t\t\t\t\t<div class=\"e-con-inner\">\n\t\t\t\t<div class=\"elementor-element elementor-element-43bdbcc elementor-widget elementor-widget-text-editor\" data-id=\"43bdbcc\" data-element_type=\"widget\" data-widget_type=\"text-editor.default\">\n\t\t\t\t<div class=\"elementor-widget-container\">\n\t\t\t\t\t\t\t\t\t<h2 style=\"text-align: left;\"><span style=\"color: #008000;\">Samorz\u0105d uczniowski\u00a0<\/span><\/h2><div><span style=\"color: #008000;\">\u00a0<\/span><\/div>\t\t\t\t\t\t\t\t<\/div>\n\t\t\t\t<\/div>\n\t\t\t\t\t<\/div>\n\t\t\t\t<\/div>\n\t\t<div class=\"elementor-element elementor-element-4f8aadf e-flex e-con-boxed e-con e-parent\" data-id=\"4f8aadf\" data-element_type=\"container\">\n\t\t\t\t\t<div class=\"e-con-inner\">\n\t\t\t\t<div class=\"elementor-element elementor-element-ca73b17 elementor-widget elementor-widget-text-editor\" data-id=\"ca73b17\" data-element_type=\"widget\" data-widget_type=\"text-editor.default\">\n\t\t\t\t<div class=\"elementor-widget-container\">\n\t\t\t\t\t\t\t\t\t<p><span style=\"color: #000000;\">Przewodnicz\u0105cy:\u00a0 Tomasz \u015aleziak kl. 5\u00a0\u00a0TKH<\/span><br \/><span style=\"color: #000000;\">\u00a0<\/span><br \/><span style=\"color: #000000;\">Zast\u0119pca: Maria Ma\u0142ysiak kl. 3LW2<\/span><br \/><span style=\"color: #000000;\">\u00a0<\/span><br \/><span style=\"color: #000000;\">Zesp\u00f3\u0142 do zada\u0144 specjalnych: Kornel Marzeion kl. 4LW1, Julia Sa\u0142amun kl. 3KMG<\/span><br \/><span style=\"color: #000000;\">\u00a0<\/span><br \/><span style=\"color: #000000;\">Opiekun : mgr Edyta Sucho\u0144ska<\/span><br \/><span style=\"color: #000000;\">\u00a0<\/span><br \/><span style=\"color: #000000;\">Samorz\u0105d Uczniowski Zespo\u0142u Szk\u00f3\u0142 Agrotechnicznych i Og\u00f3lnokszta\u0142c\u0105cych w \u017bywcu stanowi aktywn\u0105 i wa\u017cn\u0105 cz\u0119\u015b\u0107 spo\u0142eczno\u015bci szkolnej. Tworz\u0105 go przedstawiciele uczni\u00f3w wszystkich klas, wybierani demokratycznie na pocz\u0105tku roku szkolnego. Jego g\u0142\u00f3wnym celem jest <\/span><span style=\"color: #000000;\">reprezentowanie interes\u00f3w m\u0142odzie\u017cy, wspieranie rozwoju inicjatyw uczniowskich oraz budowanie przyjaznej atmosfery w szkole.\u00a0<\/span><br \/><span style=\"color: #000000;\">Samorz\u0105d pe\u0142ni funkcj\u0119 \u0142\u0105cznika pomi\u0119dzy uczniami a gronem pedagogicznym i dyrekcj\u0105. Wsp\u00f3\u0142pracuje r\u00f3wnie\u017c z opiekunem SU, kt\u00f3ry s\u0142u\u017cy wsparciem organizacyjnym i merytorycznym. Dzi\u0119ki tej wsp\u00f3\u0142pracy uczniowie maj\u0105 realny wp\u0142yw na \u017cycie szko\u0142y i mog\u0105 aktywnie uczestniczy\u0107 w podejmowaniu decyzji.\u00a0<\/span><\/p><p><span style=\"color: #000000;\">Nasze dzia\u0142ania :<\/span><br \/><span style=\"color: #000000;\">Organizacja Dnia Ch\u0142opaka i Dnia Kobiet (\u017cyczenia, drobne upominki, poczta kwiatowa),\u00a0<\/span><br \/><span style=\"color: #000000;\">Obchody Walentynkowe (poczta walentynkowa, dzie\u0144 czerwonego stroju),\u00a0<\/span><br \/><span style=\"color: #000000;\">Dzie\u0144 Nauczyciela \u2013 apel, w\u0142asnor\u0119czne laurki, scenki humorystyczne,\u00a0<\/span><br \/><span style=\"color: #000000;\">Miko\u0142ajki \u2013 odwiedziny Miko\u0142aja i jego pomocnik\u00f3w w klasach,\u00a0<\/span><br \/><span style=\"color: #000000;\">Dzie\u0144 bez plecaka, dzie\u0144 pi\u017camy, dzie\u0144 koloru \u2013 akcje integruj\u0105ce uczni\u00f3w.\u00a0<\/span><br \/><span style=\"color: #000000;\">Udzia\u0142 w organizacji akademii z okazji 11 Listopada, 3 Maja.\u00a0<\/span><br \/><span style=\"color: #000000;\">Wsp\u00f3\u0142praca przy przygotowaniu rozpocz\u0119cia i zako\u0144czenia roku szkolnego,\u00a0<\/span><br \/><span style=\"color: #000000;\">Pomoc przy uroczysto\u015bciach z okazji \u015blubowania klas pierwszych.\u00a0<\/span><\/p><p><span style=\"color: #000000;\">Akcje charytatywne i spo\u0142eczne:\u00a0<\/span><br \/><span style=\"color: #000000;\">Udzia\u0142 w og\u00f3lnopolskich zbi\u00f3rkach: Miko\u0142aj na Kresach, Szlachetna Paczka,\u00a0<\/span><br \/><span style=\"color: #000000;\">Zbi\u00f3rki dar\u00f3w dla schroniska dla zwierz\u0105t, dom\u00f3w dziecka, dom\u00f3w seniora,\u00a0<\/span><br \/><span style=\"color: #000000;\">Organizowanie akcji: Herbata i ciasto na przerwie \u2013 doch\u00f3d przekazywany na cele<\/span><br \/><span style=\"color: #000000;\">dobroczynne,\u00a0<\/span><br \/><span style=\"color: #000000;\">Pomoc w promocji i organizacji szkolnych zbi\u00f3rek krwi we wsp\u00f3\u0142pracy z PCK.\u00a0<\/span><\/p><p><span style=\"color: #000000;\">Inicjatywy ekologiczne i obywatelskie:\u00a0<\/span><br \/><span style=\"color: #000000;\">Wsp\u00f3\u0142praca z Centrum Edukacji Ekologicznej ARKA \u2013 udzia\u0142 w kampaniach ekologicznych,\u00a0<\/span><br \/><span style=\"color: #000000;\">Udzia\u0142 w akcjach typu Sprz\u0105tanie \u015awiata, Dzie\u0144 Ziemi, Sprz\u0105tanie g\u00f3r,\u00a0<\/span><br \/><span style=\"color: #000000;\">Wdra\u017canie kampanii informacyjnych nt. zdrowia, profilaktyki i bezpiecze\u0144stwa.\u00a0<\/span><\/p><p><span style=\"color: #000000;\">Konkursy i projekty:\u00a0<\/span><br \/><span style=\"color: #000000;\">Organizacja konkurs\u00f3w:\u00a0 plastycznych, j\u0119zykowych, profilaktycznych,\u00a0<\/span><br \/><span style=\"color: #000000;\">Szkolne quizy tematyczne (np. wiedzy o szkole, o zdrowiu, o patronie),\u00a0<\/span><br \/><span style=\"color: #000000;\">Wsp\u00f3\u0142organizacja Dni Otwartych Szko\u0142y \u2013 oprowadzanie go\u015bci, prowadzenie stoiska SU,\u00a0<\/span><br \/><span style=\"color: #000000;\">Wsparcie akcji uczniowskich.\u00a0<\/span><\/p><p><span style=\"color: #000000;\">Integracja i wsp\u00f3\u0142praca:\u00a0<\/span><br \/><span style=\"color: #000000;\">Spotkania integracyjne klas pierwszych (zabawy, quizy, wsp\u00f3lne zdj\u0119cia),\u00a0<\/span><br \/><span style=\"color: #000000;\">Wsp\u00f3\u0142praca z Rad\u0105 Rodzic\u00f3w i Dyrekcj\u0105 w sprawach istotnych dla uczni\u00f3w.<\/span><\/p>\t\t\t\t\t\t\t\t<\/div>\n\t\t\t\t<\/div>\n\t\t\t\t\t<\/div>\n\t\t\t\t<\/div>\n\t\t<div class=\"elementor-element elementor-element-9df7592 e-flex e-con-boxed e-con e-parent\" data-id=\"9df7592\" data-element_type=\"container\">\n\t\t\t\t\t<div class=\"e-con-inner\">\n\t\t\t\t<div class=\"elementor-element elementor-element-ffbc10f elementor-widget elementor-widget-image\" data-id=\"ffbc10f\" data-element_type=\"widget\" data-widget_type=\"image.default\">\n\t\t\t\t<div class=\"elementor-widget-container\">\n\t\t\t\t\t\t\t\t\t\t\t\t\t\t\t<img fetchpriority=\"high\" decoding=\"async\" width=\"768\" height=\"1024\" src=\"https:\/\/www.moszczanica.pl\/wp-content\/uploads\/2025\/10\/foto1-768x1024.jpg\" class=\"attachment-large size-large wp-image-6093\" alt=\"\" srcset=\"https:\/\/www.moszczanica.pl\/wp-content\/uploads\/2025\/10\/foto1-768x1024.jpg 768w, https:\/\/www.moszczanica.pl\/wp-content\/uploads\/2025\/10\/foto1-225x300.jpg 225w, https:\/\/www.moszczanica.pl\/wp-content\/uploads\/2025\/10\/foto1.jpg 1050w\" sizes=\"(max-width: 768px) 100vw, 768px\" \/>\t\t\t\t\t\t\t\t\t\t\t\t\t\t\t<\/div>\n\t\t\t\t<\/div>\n\t\t\t\t\t<\/div>\n\t\t\t\t<\/div>\n\t\t\t\t<\/div>\n\t\t","protected":false},"excerpt":{"rendered":"<p>Samorz\u0105d uczniowski\u00a0 \u00a0 Przewodnicz\u0105cy:\u00a0 Tomasz \u015aleziak kl. 5\u00a0\u00a0TKH\u00a0Zast\u0119pca: Maria Ma\u0142ysiak kl. 3LW2\u00a0Zesp\u00f3\u0142 do zada\u0144 specjalnych: Kornel Marzeion kl. 4LW1, Julia Sa\u0142amun kl. 3KMG\u00a0Opiekun : mgr Edyta Sucho\u0144ska\u00a0Samorz\u0105d Uczniowski Zespo\u0142u Szk\u00f3\u0142 Agrotechnicznych i Og\u00f3lnokszta\u0142c\u0105cych w \u017bywcu stanowi aktywn\u0105 i wa\u017cn\u0105 cz\u0119\u015b\u0107 spo\u0142eczno\u015bci szkolnej. Tworz\u0105 go przedstawiciele uczni\u00f3w wszystkich klas, wybierani demokratycznie na pocz\u0105tku roku szkolnego. Jego [&hellip;]<\/p>\n","protected":false},"author":1,"featured_media":0,"parent":0,"menu_order":0,"comment_status":"closed","ping_status":"closed","template":"","meta":{"footnotes":""},"class_list":["post-1736","page","type-page","status-publish","hentry"],"_links":{"self":[{"href":"https:\/\/www.moszczanica.pl\/index.php\/wp-json\/wp\/v2\/pages\/1736","targetHints":{"allow":["GET"]}}],"collection":[{"href":"https:\/\/www.moszczanica.pl\/index.php\/wp-json\/wp\/v2\/pages"}],"about":[{"href":"https:\/\/www.moszczanica.pl\/index.php\/wp-json\/wp\/v2\/types\/page"}],"author":[{"embeddable":true,"href":"https:\/\/www.moszczanica.pl\/index.php\/wp-json\/wp\/v2\/users\/1"}],"replies":[{"embeddable":true,"href":"https:\/\/www.moszczanica.pl\/index.php\/wp-json\/wp\/v2\/comments?post=1736"}],"version-history":[{"count":61,"href":"https:\/\/www.moszczanica.pl\/index.php\/wp-json\/wp\/v2\/pages\/1736\/revisions"}],"predecessor-version":[{"id":6099,"href":"https:\/\/www.moszczanica.pl\/index.php\/wp-json\/wp\/v2\/pages\/1736\/revisions\/6099"}],"wp:attachment":[{"href":"https:\/\/www.moszczanica.pl\/index.php\/wp-json\/wp\/v2\/media?parent=1736"}],"curies":[{"name":"wp","href":"https:\/\/api.w.org\/{rel}","templated":true}]}}