{"id":1709,"date":"2025-06-04T12:27:01","date_gmt":"2025-06-04T10:27:01","guid":{"rendered":"https:\/\/www.moszczanica.pl\/?page_id=1709"},"modified":"2025-07-10T11:43:21","modified_gmt":"2025-07-10T09:43:21","slug":"galeria","status":"publish","type":"page","link":"https:\/\/www.moszczanica.pl\/index.php\/galeria\/","title":{"rendered":"Galeria"},"content":{"rendered":"\t\t<div data-elementor-type=\"wp-page\" data-elementor-id=\"1709\" class=\"elementor elementor-1709\" data-elementor-post-type=\"page\">\n\t\t\t\t<div class=\"elementor-element elementor-element-63ca4d7 e-flex e-con-boxed e-con e-parent\" data-id=\"63ca4d7\" data-element_type=\"container\">\n\t\t\t\t\t<div class=\"e-con-inner\">\n\t\t\t\t<div class=\"elementor-element elementor-element-1087229 elementor-widget elementor-widget-heading\" data-id=\"1087229\" data-element_type=\"widget\" data-widget_type=\"heading.default\">\n\t\t\t\t<div class=\"elementor-widget-container\">\n\t\t\t\t\t<h1 class=\"elementor-heading-title elementor-size-default\">Galeria<\/h1>\t\t\t\t<\/div>\n\t\t\t\t<\/div>\n\t\t\t\t\t<\/div>\n\t\t\t\t<\/div>\n\t\t<div class=\"elementor-element elementor-element-cc08e62 e-flex e-con-boxed e-con e-parent\" data-id=\"cc08e62\" data-element_type=\"container\">\n\t\t\t\t\t<div class=\"e-con-inner\">\n\t\t\t\t<div class=\"elementor-element elementor-element-5d5abd8 elementor-grid-3 elementor-grid-tablet-2 elementor-grid-mobile-1 elementor-widget elementor-widget-portfolio\" data-id=\"5d5abd8\" data-element_type=\"widget\" data-settings=\"{&quot;columns&quot;:&quot;3&quot;,&quot;columns_tablet&quot;:&quot;2&quot;,&quot;columns_mobile&quot;:&quot;1&quot;,&quot;item_ratio&quot;:{&quot;unit&quot;:&quot;px&quot;,&quot;size&quot;:0.66,&quot;sizes&quot;:[]},&quot;item_gap&quot;:{&quot;unit&quot;:&quot;px&quot;,&quot;size&quot;:&quot;&quot;,&quot;sizes&quot;:[]},&quot;row_gap&quot;:{&quot;unit&quot;:&quot;px&quot;,&quot;size&quot;:&quot;&quot;,&quot;sizes&quot;:[]}}\" data-widget_type=\"portfolio.default\">\n\t\t\t\t<div class=\"elementor-widget-container\">\n\t\t\t\t\t\t\t<div class=\"elementor-portfolio elementor-grid elementor-posts-container\" role=\"list\">\n\t\t\t\t<article class=\"elementor-portfolio-item elementor-post  post-3371 post type-post status-publish format-standard has-post-thumbnail hentry category-galeria\" role=\"listitem\">\n\t\t\t<a class=\"elementor-post__thumbnail__link\" href=\"https:\/\/www.moszczanica.pl\/index.php\/2025\/06\/24\/iv-bieg-niepodleglosci\/\">\n\t\t\t\t<div class=\"elementor-portfolio-item__img elementor-post__thumbnail\">\n\t\t\t<img fetchpriority=\"high\" decoding=\"async\" width=\"504\" height=\"260\" src=\"https:\/\/www.moszczanica.pl\/wp-content\/uploads\/2025\/06\/Rectangle-44-3.png\" class=\"attachment-full size-full wp-image-3323\" alt=\"bieg niepodleg\u0142o\u015bci\" srcset=\"https:\/\/www.moszczanica.pl\/wp-content\/uploads\/2025\/06\/Rectangle-44-3.png 504w, https:\/\/www.moszczanica.pl\/wp-content\/uploads\/2025\/06\/Rectangle-44-3-300x155.png 300w\" sizes=\"(max-width: 504px) 100vw, 504px\" \/>\t\t<\/div>\n\t\t\t\t<div class=\"elementor-portfolio-item__overlay\">\n\t\t\t\t<h3 class=\"elementor-portfolio-item__title\">\n\t\tIV Bieg Niepodleg\u0142o\u015bci\t\t<\/h3>\n\t\t\t\t<\/div>\n\t\t\t\t<\/a>\n\t\t<\/article>\n\t\t\t\t<article class=\"elementor-portfolio-item elementor-post  post-3369 post type-post status-publish format-standard has-post-thumbnail hentry category-galeria\" role=\"listitem\">\n\t\t\t<a class=\"elementor-post__thumbnail__link\" href=\"https:\/\/www.moszczanica.pl\/index.php\/2025\/06\/24\/powiatowy-turniej-jezdziecki\/\">\n\t\t\t\t<div class=\"elementor-portfolio-item__img elementor-post__thumbnail\">\n\t\t\t<img decoding=\"async\" width=\"504\" height=\"260\" src=\"https:\/\/www.moszczanica.pl\/wp-content\/uploads\/2025\/06\/Rectangle-44-2.png\" class=\"attachment-full size-full wp-image-3322\" alt=\"powiatowy turniej je\u017adziecki\" srcset=\"https:\/\/www.moszczanica.pl\/wp-content\/uploads\/2025\/06\/Rectangle-44-2.png 504w, https:\/\/www.moszczanica.pl\/wp-content\/uploads\/2025\/06\/Rectangle-44-2-300x155.png 300w\" sizes=\"(max-width: 504px) 100vw, 504px\" \/>\t\t<\/div>\n\t\t\t\t<div class=\"elementor-portfolio-item__overlay\">\n\t\t\t\t<h3 class=\"elementor-portfolio-item__title\">\n\t\tPowiatowy Turniej Je\u017adziecki\t\t<\/h3>\n\t\t\t\t<\/div>\n\t\t\t\t<\/a>\n\t\t<\/article>\n\t\t\t\t<article class=\"elementor-portfolio-item elementor-post  post-3367 post type-post status-publish format-standard has-post-thumbnail hentry category-galeria\" role=\"listitem\">\n\t\t\t<a class=\"elementor-post__thumbnail__link\" href=\"https:\/\/www.moszczanica.pl\/index.php\/2025\/06\/24\/wycieczka-klasy-1-thk\/\">\n\t\t\t\t<div class=\"elementor-portfolio-item__img elementor-post__thumbnail\">\n\t\t\t<img decoding=\"async\" width=\"504\" height=\"260\" src=\"https:\/\/www.moszczanica.pl\/wp-content\/uploads\/2025\/06\/Rectangle-44-1.png\" class=\"attachment-full size-full wp-image-3321\" alt=\"wycieczka klasy 1 thk\" srcset=\"https:\/\/www.moszczanica.pl\/wp-content\/uploads\/2025\/06\/Rectangle-44-1.png 504w, https:\/\/www.moszczanica.pl\/wp-content\/uploads\/2025\/06\/Rectangle-44-1-300x155.png 300w\" sizes=\"(max-width: 504px) 100vw, 504px\" \/>\t\t<\/div>\n\t\t\t\t<div class=\"elementor-portfolio-item__overlay\">\n\t\t\t\t<h3 class=\"elementor-portfolio-item__title\">\n\t\tWycieczka klasy 1 THK\t\t<\/h3>\n\t\t\t\t<\/div>\n\t\t\t\t<\/a>\n\t\t<\/article>\n\t\t\t\t<article class=\"elementor-portfolio-item elementor-post  post-3334 post type-post status-publish format-standard has-post-thumbnail hentry category-galeria\" role=\"listitem\">\n\t\t\t<a class=\"elementor-post__thumbnail__link\" href=\"https:\/\/www.moszczanica.pl\/index.php\/2025\/06\/24\/wycieczka-klasy-2-lw\/\">\n\t\t\t\t<div class=\"elementor-portfolio-item__img elementor-post__thumbnail\">\n\t\t\t<img loading=\"lazy\" decoding=\"async\" width=\"504\" height=\"260\" src=\"https:\/\/www.moszczanica.pl\/wp-content\/uploads\/2025\/06\/Rectangle-44.png\" class=\"attachment-full size-full wp-image-3319\" alt=\"\" srcset=\"https:\/\/www.moszczanica.pl\/wp-content\/uploads\/2025\/06\/Rectangle-44.png 504w, https:\/\/www.moszczanica.pl\/wp-content\/uploads\/2025\/06\/Rectangle-44-300x155.png 300w\" sizes=\"(max-width: 504px) 100vw, 504px\" \/>\t\t<\/div>\n\t\t\t\t<div class=\"elementor-portfolio-item__overlay\">\n\t\t\t\t<h3 class=\"elementor-portfolio-item__title\">\n\t\tWycieczka klasy 2 LW\t\t<\/h3>\n\t\t\t\t<\/div>\n\t\t\t\t<\/a>\n\t\t<\/article>\n\t\t\t\t<article class=\"elementor-portfolio-item elementor-post  post-3359 post type-post status-publish format-standard has-post-thumbnail hentry category-galeria\" role=\"listitem\">\n\t\t\t<a class=\"elementor-post__thumbnail__link\" href=\"https:\/\/www.moszczanica.pl\/index.php\/2025\/06\/24\/zawody-international-cadet-cup-galeria\/\">\n\t\t\t\t<div class=\"elementor-portfolio-item__img elementor-post__thumbnail\">\n\t\t\t<img loading=\"lazy\" decoding=\"async\" width=\"265\" height=\"169\" src=\"https:\/\/www.moszczanica.pl\/wp-content\/uploads\/2025\/06\/image-5.png\" class=\"attachment-full size-full wp-image-2168\" alt=\"zawody international cadet cup\" \/>\t\t<\/div>\n\t\t\t\t<div class=\"elementor-portfolio-item__overlay\">\n\t\t\t\t<h3 class=\"elementor-portfolio-item__title\">\n\t\tZawody International CADET CUP Galeria\t\t<\/h3>\n\t\t\t\t<\/div>\n\t\t\t\t<\/a>\n\t\t<\/article>\n\t\t\t\t<article class=\"elementor-portfolio-item elementor-post  post-3335 post type-post status-publish format-standard has-post-thumbnail hentry category-galeria\" role=\"listitem\">\n\t\t\t<a class=\"elementor-post__thumbnail__link\" href=\"https:\/\/www.moszczanica.pl\/index.php\/2025\/06\/24\/wojskowe-targi-sluzby-i-pracy-w-myslowicach\/\">\n\t\t\t\t<div class=\"elementor-portfolio-item__img elementor-post__thumbnail\">\n\t\t\t<img loading=\"lazy\" decoding=\"async\" width=\"2048\" height=\"1536\" src=\"https:\/\/www.moszczanica.pl\/wp-content\/uploads\/2025\/06\/1c96a9214fa9fff0daf592195c6bb243bd6a945f-1.jpg\" class=\"attachment-full size-full wp-image-1959\" alt=\"wojskowe targi s\u0142u\u017cby i pracy w mys\u0142owicach\" srcset=\"https:\/\/www.moszczanica.pl\/wp-content\/uploads\/2025\/06\/1c96a9214fa9fff0daf592195c6bb243bd6a945f-1.jpg 2048w, https:\/\/www.moszczanica.pl\/wp-content\/uploads\/2025\/06\/1c96a9214fa9fff0daf592195c6bb243bd6a945f-1-300x225.jpg 300w, https:\/\/www.moszczanica.pl\/wp-content\/uploads\/2025\/06\/1c96a9214fa9fff0daf592195c6bb243bd6a945f-1-1024x768.jpg 1024w, https:\/\/www.moszczanica.pl\/wp-content\/uploads\/2025\/06\/1c96a9214fa9fff0daf592195c6bb243bd6a945f-1-768x576.jpg 768w, https:\/\/www.moszczanica.pl\/wp-content\/uploads\/2025\/06\/1c96a9214fa9fff0daf592195c6bb243bd6a945f-1-1536x1152.jpg 1536w\" sizes=\"(max-width: 2048px) 100vw, 2048px\" \/>\t\t<\/div>\n\t\t\t\t<div class=\"elementor-portfolio-item__overlay\">\n\t\t\t\t<h3 class=\"elementor-portfolio-item__title\">\n\t\tWojskowe Targi S\u0142u\u017cby i Pracy w Mys\u0142owicach Galeria\t\t<\/h3>\n\t\t\t\t<\/div>\n\t\t\t\t<\/a>\n\t\t<\/article>\n\t\t\t\t<\/div>\n\t\t\t\t\t\t<\/div>\n\t\t\t\t<\/div>\n\t\t\t\t\t<\/div>\n\t\t\t\t<\/div>\n\t\t\t\t<\/div>\n\t\t","protected":false},"excerpt":{"rendered":"<p>Galeria<\/p>\n","protected":false},"author":1,"featured_media":0,"parent":0,"menu_order":0,"comment_status":"closed","ping_status":"closed","template":"","meta":{"footnotes":""},"class_list":["post-1709","page","type-page","status-publish","hentry"],"_links":{"self":[{"href":"https:\/\/www.moszczanica.pl\/index.php\/wp-json\/wp\/v2\/pages\/1709","targetHints":{"allow":["GET"]}}],"collection":[{"href":"https:\/\/www.moszczanica.pl\/index.php\/wp-json\/wp\/v2\/pages"}],"about":[{"href":"https:\/\/www.moszczanica.pl\/index.php\/wp-json\/wp\/v2\/types\/page"}],"author":[{"embeddable":true,"href":"https:\/\/www.moszczanica.pl\/index.php\/wp-json\/wp\/v2\/users\/1"}],"replies":[{"embeddable":true,"href":"https:\/\/www.moszczanica.pl\/index.php\/wp-json\/wp\/v2\/comments?post=1709"}],"version-history":[{"count":67,"href":"https:\/\/www.moszczanica.pl\/index.php\/wp-json\/wp\/v2\/pages\/1709\/revisions"}],"predecessor-version":[{"id":4613,"href":"https:\/\/www.moszczanica.pl\/index.php\/wp-json\/wp\/v2\/pages\/1709\/revisions\/4613"}],"wp:attachment":[{"href":"https:\/\/www.moszczanica.pl\/index.php\/wp-json\/wp\/v2\/media?parent=1709"}],"curies":[{"name":"wp","href":"https:\/\/api.w.org\/{rel}","templated":true}]}}