{"id":1708,"date":"2025-06-04T12:26:52","date_gmt":"2025-06-04T10:26:52","guid":{"rendered":"https:\/\/www.moszczanica.pl\/?page_id=1708"},"modified":"2025-07-28T17:53:35","modified_gmt":"2025-07-28T15:53:35","slug":"deklaracja-dostepnosci","status":"publish","type":"page","link":"https:\/\/www.moszczanica.pl\/index.php\/deklaracja-dostepnosci\/","title":{"rendered":"Deklaracja dost\u0119pno\u015bci"},"content":{"rendered":"\t\t<div data-elementor-type=\"wp-page\" data-elementor-id=\"1708\" class=\"elementor elementor-1708\" data-elementor-post-type=\"page\">\n\t\t\t\t<div class=\"elementor-element elementor-element-f44f9ae e-flex e-con-boxed e-con e-parent\" data-id=\"f44f9ae\" data-element_type=\"container\">\n\t\t\t\t\t<div class=\"e-con-inner\">\n\t\t\t\t<div class=\"elementor-element elementor-element-3656136 elementor-widget elementor-widget-text-editor\" data-id=\"3656136\" data-element_type=\"widget\" data-widget_type=\"text-editor.default\">\n\t\t\t\t<div class=\"elementor-widget-container\">\n\t\t\t\t\t\t\t\t\t<p style=\"text-align: left;\">Deklaracja dost\u0119pno\u015bci\u00a0Deklaracja dost\u0119pno\u015bci<\/p><p style=\"text-align: left;\">Strona: G\u0142\u00f3wna &#8211; Zesp\u00f3\u0142 Szk\u00f3\u0142 Agrotechnicznych<\/p><p style=\"text-align: left;\">i Og\u00f3lnokszta\u0142c\u0105cych w \u017bywcu<\/p><p style=\"text-align: left;\">Zesp\u00f3\u0142 Szk\u00f3\u0142 Agrotechnicznych i Og\u00f3lnokszta\u0142c\u0105cych im. J. Pi\u0142sudskiego w<\/p><p style=\"text-align: left;\">\u017bywcu Moszczanicy zobowi\u0105zuje si\u0119 zapewni\u0107 dost\u0119pno\u015b\u0107 swojej strony<\/p><p style=\"text-align: left;\">internetowej zgodnie z przepisami ustawy z dnia 4 kwietnia 2019 r.<\/p><p style=\"text-align: left;\">o dost\u0119pno\u015bci cyfrowej stron internetowych i aplikacji mobilnych<\/p><p style=\"text-align: left;\">podmiot\u00f3w publicznych. O\u015bwiadczenie w sprawie dost\u0119pno\u015bci ma<\/p><p style=\"text-align: left;\">zastosowanie do strony internetowej G\u0142\u00f3wna &#8211; Zesp\u00f3\u0142 Szk\u00f3\u0142 Agrotechnicznych i<\/p><p style=\"text-align: left;\">Og\u00f3lnokszta\u0142c\u0105cych w \u017bywcu.<\/p><p style=\"text-align: left;\">\u2022Data publikacji strony internetowej: 2018-11-24<\/p><p style=\"text-align: left;\">\u2022Data ostatniej istotnej aktualizacji: 2021-03-24<\/p><p style=\"text-align: left;\">Status pod wzgl\u0119dem zgodno\u015bci z ustaw\u0105<\/p><p style=\"text-align: left;\">Strona internetowa jest cz\u0119\u015bciowo zgodna z ustaw\u0105 o dost\u0119pno\u015bci<\/p><p style=\"text-align: left;\">cyfrowej stron internetowych i aplikacji mobilnych podmiot\u00f3w publicznych<\/p><p style=\"text-align: left;\">z powodu niezgodno\u015bci lub wy\u0142\u0105cze\u0144 wymienionych poni\u017cej.<\/p><p style=\"text-align: left;\">Dost\u0119pno\u015b\u0107 informacyjno-komunikacyjna<\/p><p style=\"text-align: left;\">\u00a0<\/p><p style=\"text-align: left;\">\u2022a. Kontakt telefoniczny TAK<\/p><p style=\"text-align: left;\">\u2022b. Kontakt korespondencyjny TAK<\/p><p style=\"text-align: left;\">\u2022c. Przesy\u0142anie wiadomo\u015bci tekstowych, w tym z wykorzystaniem<\/p><p style=\"text-align: left;\">wiadomo\u015bci SMS, MMS lub komunikator\u00f3w internetowych TAK<\/p><p style=\"text-align: left;\">\u2022d. Komunikacja audiowizualna, w tym z wykorzystaniem<\/p><p style=\"text-align: left;\">komunikator\u00f3w internetowych TAK<\/p><p style=\"text-align: left;\">\u2022e. Przesy\u0142anie faks\u00f3w TAK<\/p><p style=\"text-align: left;\">\u2022f. Wykorzystanie t\u0142umacza j\u0119zyka migowego przez strony<\/p><p style=\"text-align: left;\">internetowe i\/lub aplikacje (t\u0142umaczenie online) NIE<\/p><p style=\"text-align: left;\">\u2022g. Pomoc t\u0142umacza j\u0119zyka migowego \u2013 kontakt osobisty NIE<\/p><p style=\"text-align: left;\">\u00a0<\/p><p style=\"text-align: left;\">Przygotowanie deklaracji w sprawie<\/p><p style=\"text-align: left;\">dost\u0119pno\u015bci<\/p><p style=\"text-align: left;\">\u00a0<\/p><p style=\"text-align: left;\">\u2022Deklaracj\u0119 sporz\u0105dzono dnia: 2021-03-10<\/p><p style=\"text-align: left;\">\u2022Deklaracj\u0119 zosta\u0142a ostatnio poddana przegl\u0105dowi i aktualizacji<\/p><p style=\"text-align: left;\">dnia: 2021-03-10<\/p><p style=\"text-align: left;\">Deklaracj\u0119 sporz\u0105dzono na podstawie samooceny.<\/p><p style=\"text-align: left;\">Informacje zwrotne i dane kontaktowe<\/p><p style=\"text-align: left;\">\u2022Za rozpatrywanie uwag i wniosk\u00f3w odpowiada: Jakub Nowak.<\/p><p style=\"text-align: left;\">\u2022E-mail: jnowak6@moszczanica.pl<\/p><p style=\"text-align: left;\">\u2022Telefon: (33) 475-05-70<\/p><p style=\"text-align: left;\">Ka\u017cdy ma prawo:<\/p><p style=\"text-align: left;\">\u2022zg\u0142osi\u0107 uwagi dotycz\u0105ce dost\u0119pno\u015bci cyfrowej strony lub jej<\/p><p style=\"text-align: left;\">elementu,<\/p><p style=\"text-align: left;\">\u2022zg\u0142osi\u0107 \u017c\u0105danie zapewnienia dost\u0119pno\u015bci cyfrowej strony lub jej<\/p><p style=\"text-align: left;\">elementu,<\/p><p style=\"text-align: left;\">\u2022wnioskowa\u0107 o udost\u0119pnienie niedost\u0119pnej informacji w innej<\/p><p style=\"text-align: left;\">alternatywnej formie.<\/p><p style=\"text-align: left;\">\u017b\u0105danie musi zawiera\u0107:<\/p><p style=\"text-align: left;\">\u2022dane kontaktowe osoby zg\u0142aszaj\u0105cej,<\/p><p style=\"text-align: left;\">\u2022wskazanie strony lub elementu strony, kt\u00f3rej dotyczy \u017c\u0105danie,<\/p><p style=\"text-align: left;\">\u2022wskazanie dogodnej formy udost\u0119pnienia informacji, je\u015bli \u017c\u0105danie<\/p><p style=\"text-align: left;\">dotyczy udost\u0119pnienia w formie alternatywnej informacji<\/p><p style=\"text-align: left;\">niedost\u0119pnej.<\/p><p style=\"text-align: left;\">Rozpatrzenie zg\u0142oszenia powinno nast\u0105pi\u0107 niezw\u0142ocznie, najp\u00f3\u017aniej w<\/p><p style=\"text-align: left;\">ci\u0105gu 7 dni. Je\u015bli w tym terminie zapewnienie dost\u0119pno\u015bci albo<\/p><p style=\"text-align: left;\">zapewnienie dost\u0119pu w alternatywnej formie nie jest mo\u017cliwe, powinno<\/p><p style=\"text-align: left;\">nast\u0105pi\u0107 najdalej w ci\u0105gu 2 miesi\u0119cy od daty zg\u0142oszenia.<\/p><p style=\"text-align: left;\">Skargi i odwo\u0142ania<\/p><p style=\"text-align: left;\">\u00a0<\/p><p style=\"text-align: left;\">Na niedotrzymanie tych termin\u00f3w oraz na odmow\u0119 realizacji \u017c\u0105dania<\/p><p style=\"text-align: left;\">mo\u017cna z\u0142o\u017cy\u0107 skarg\u0119 do organu nadzoruj\u0105cego poczt\u0105 lub drog\u0105<\/p><p style=\"text-align: left;\">elektroniczn\u0105 na adres:<\/p><p style=\"text-align: left;\">\u2022Organ nadzoruj\u0105cy: Dyrektor Szko\u0142y<\/p><p style=\"text-align: left;\">\u00a0<\/p><p style=\"text-align: left;\">\u2022Adres: \u017bywiec- Moszczanica ul. Moszczanicka 9<\/p><p style=\"text-align: left;\">\u2022E-mail: zsaio@moszczanica.pl<\/p><p style=\"text-align: left;\">\u2022Telefon: (33) 475-05-70<\/p><p style=\"text-align: left;\">Skarg\u0119 mo\u017cna z\u0142o\u017cy\u0107 r\u00f3wnie\u017c do Rzecznika<\/p><p style=\"text-align: left;\">\u00a0<\/p><p style=\"text-align: left;\"><em><strong>Link do do druku deklaracji\u00a0<\/strong><\/em><\/p><p style=\"text-align: left;\"><a href=\"https:\/\/drive.google.com\/file\/d\/15hujnls1pth3MPfCMhwwAi7spJkierT_\/view\">https:\/\/drive.google.com\/file\/d\/15hujnls1pth3MPfCMhwwAi7spJkierT_\/view<\/a><\/p><p style=\"text-align: left;\">\u00a0<\/p><p style=\"text-align: left;\">\u00a0<\/p><p style=\"text-align: left;\">\u00a0<\/p>\t\t\t\t\t\t\t\t<\/div>\n\t\t\t\t<\/div>\n\t\t\t\t\t<\/div>\n\t\t\t\t<\/div>\n\t\t\t\t<\/div>\n\t\t","protected":false},"excerpt":{"rendered":"<p>Deklaracja dost\u0119pno\u015bci\u00a0Deklaracja dost\u0119pno\u015bci Strona: G\u0142\u00f3wna &#8211; Zesp\u00f3\u0142 Szk\u00f3\u0142 Agrotechnicznych i Og\u00f3lnokszta\u0142c\u0105cych w \u017bywcu Zesp\u00f3\u0142 Szk\u00f3\u0142 Agrotechnicznych i Og\u00f3lnokszta\u0142c\u0105cych im. J. Pi\u0142sudskiego w \u017bywcu Moszczanicy zobowi\u0105zuje si\u0119 zapewni\u0107 dost\u0119pno\u015b\u0107 swojej strony internetowej zgodnie z przepisami ustawy z dnia 4 kwietnia 2019 r. o dost\u0119pno\u015bci cyfrowej stron internetowych i aplikacji mobilnych podmiot\u00f3w publicznych. O\u015bwiadczenie w sprawie dost\u0119pno\u015bci [&hellip;]<\/p>\n","protected":false},"author":1,"featured_media":0,"parent":0,"menu_order":0,"comment_status":"closed","ping_status":"closed","template":"","meta":{"footnotes":""},"class_list":["post-1708","page","type-page","status-publish","hentry"],"_links":{"self":[{"href":"https:\/\/www.moszczanica.pl\/index.php\/wp-json\/wp\/v2\/pages\/1708","targetHints":{"allow":["GET"]}}],"collection":[{"href":"https:\/\/www.moszczanica.pl\/index.php\/wp-json\/wp\/v2\/pages"}],"about":[{"href":"https:\/\/www.moszczanica.pl\/index.php\/wp-json\/wp\/v2\/types\/page"}],"author":[{"embeddable":true,"href":"https:\/\/www.moszczanica.pl\/index.php\/wp-json\/wp\/v2\/users\/1"}],"replies":[{"embeddable":true,"href":"https:\/\/www.moszczanica.pl\/index.php\/wp-json\/wp\/v2\/comments?post=1708"}],"version-history":[{"count":7,"href":"https:\/\/www.moszczanica.pl\/index.php\/wp-json\/wp\/v2\/pages\/1708\/revisions"}],"predecessor-version":[{"id":5119,"href":"https:\/\/www.moszczanica.pl\/index.php\/wp-json\/wp\/v2\/pages\/1708\/revisions\/5119"}],"wp:attachment":[{"href":"https:\/\/www.moszczanica.pl\/index.php\/wp-json\/wp\/v2\/media?parent=1708"}],"curies":[{"name":"wp","href":"https:\/\/api.w.org\/{rel}","templated":true}]}}