{"id":1707,"date":"2025-06-04T12:26:38","date_gmt":"2025-06-04T10:26:38","guid":{"rendered":"https:\/\/www.moszczanica.pl\/?page_id=1707"},"modified":"2025-07-28T17:36:34","modified_gmt":"2025-07-28T15:36:34","slug":"ochrona-danych-osobowych","status":"publish","type":"page","link":"https:\/\/www.moszczanica.pl\/index.php\/ochrona-danych-osobowych\/","title":{"rendered":"Ochrona danych osobowych"},"content":{"rendered":"\t\t<div data-elementor-type=\"wp-page\" data-elementor-id=\"1707\" class=\"elementor elementor-1707\" data-elementor-post-type=\"page\">\n\t\t\t\t<div class=\"elementor-element elementor-element-ff0e4a3 e-flex e-con-boxed e-con e-parent\" data-id=\"ff0e4a3\" data-element_type=\"container\">\n\t\t\t\t\t<div class=\"e-con-inner\">\n\t\t\t\t<div class=\"elementor-element elementor-element-990598e elementor-widget elementor-widget-heading\" data-id=\"990598e\" data-element_type=\"widget\" data-widget_type=\"heading.default\">\n\t\t\t\t<div class=\"elementor-widget-container\">\n\t\t\t\t\t<h5 class=\"elementor-heading-title elementor-size-default\">POLITYKA OCHRONY DANYCH OSOBOWYCH W ZSAiO<br><br><br>\n\n<p><a>Polityka Bezpiecze\u0144stwa Danych Osobowych w&nbsp;ZSAiO<\/a><\/p><br><p><a>Instrukcja Bezpieczestwa Informatycznego<\/a><\/p><br><p><a>Regulamin Monitoringu ZSAiO<\/a><\/p><span>&nbsp;<\/span><\/h5>\t\t\t\t<\/div>\n\t\t\t\t<\/div>\n\t\t\t\t\t<\/div>\n\t\t\t\t<\/div>\n\t\t<div class=\"elementor-element elementor-element-145e954 e-flex e-con-boxed e-con e-parent\" data-id=\"145e954\" data-element_type=\"container\">\n\t\t\t\t\t<div class=\"e-con-inner\">\n\t\t\t\t<div class=\"elementor-element elementor-element-ac00bef elementor-widget elementor-widget-heading\" data-id=\"ac00bef\" data-element_type=\"widget\" data-widget_type=\"heading.default\">\n\t\t\t\t<div class=\"elementor-widget-container\">\n\t\t\t\t\t<h2 class=\"elementor-heading-title elementor-size-default\">Dodaj tu sw\u00f3j tekst nag\u0142\u00f3wka<\/h2>\t\t\t\t<\/div>\n\t\t\t\t<\/div>\n\t\t\t\t\t<\/div>\n\t\t\t\t<\/div>\n\t\t\t\t<\/div>\n\t\t","protected":false},"excerpt":{"rendered":"<p>POLITYKA OCHRONY DANYCH OSOBOWYCH W ZSAiO Polityka Bezpiecze\u0144stwa Danych Osobowych w&nbsp;ZSAiO Instrukcja Bezpieczestwa Informatycznego Regulamin Monitoringu ZSAiO &nbsp; Dodaj tu sw\u00f3j tekst nag\u0142\u00f3wka<\/p>\n","protected":false},"author":1,"featured_media":0,"parent":0,"menu_order":0,"comment_status":"closed","ping_status":"closed","template":"","meta":{"footnotes":""},"class_list":["post-1707","page","type-page","status-publish","hentry"],"_links":{"self":[{"href":"https:\/\/www.moszczanica.pl\/index.php\/wp-json\/wp\/v2\/pages\/1707","targetHints":{"allow":["GET"]}}],"collection":[{"href":"https:\/\/www.moszczanica.pl\/index.php\/wp-json\/wp\/v2\/pages"}],"about":[{"href":"https:\/\/www.moszczanica.pl\/index.php\/wp-json\/wp\/v2\/types\/page"}],"author":[{"embeddable":true,"href":"https:\/\/www.moszczanica.pl\/index.php\/wp-json\/wp\/v2\/users\/1"}],"replies":[{"embeddable":true,"href":"https:\/\/www.moszczanica.pl\/index.php\/wp-json\/wp\/v2\/comments?post=1707"}],"version-history":[{"count":28,"href":"https:\/\/www.moszczanica.pl\/index.php\/wp-json\/wp\/v2\/pages\/1707\/revisions"}],"predecessor-version":[{"id":5111,"href":"https:\/\/www.moszczanica.pl\/index.php\/wp-json\/wp\/v2\/pages\/1707\/revisions\/5111"}],"wp:attachment":[{"href":"https:\/\/www.moszczanica.pl\/index.php\/wp-json\/wp\/v2\/media?parent=1707"}],"curies":[{"name":"wp","href":"https:\/\/api.w.org\/{rel}","templated":true}]}}