{"id":1705,"date":"2025-06-04T12:26:14","date_gmt":"2025-06-04T10:26:14","guid":{"rendered":"https:\/\/www.moszczanica.pl\/?page_id=1705"},"modified":"2025-09-05T09:05:50","modified_gmt":"2025-09-05T07:05:50","slug":"projekty","status":"publish","type":"page","link":"https:\/\/www.moszczanica.pl\/index.php\/projekty\/","title":{"rendered":"Projekty"},"content":{"rendered":"\t\t<div data-elementor-type=\"wp-page\" data-elementor-id=\"1705\" class=\"elementor elementor-1705\" data-elementor-post-type=\"page\">\n\t\t\t\t<div class=\"elementor-element elementor-element-a8222c8 e-flex e-con-boxed e-con e-parent\" data-id=\"a8222c8\" data-element_type=\"container\">\n\t\t\t\t\t<div class=\"e-con-inner\">\n\t\t\t\t<div class=\"elementor-element elementor-element-1f7a9cd elementor-widget elementor-widget-heading\" data-id=\"1f7a9cd\" data-element_type=\"widget\" data-widget_type=\"heading.default\">\n\t\t\t\t<div class=\"elementor-widget-container\">\n\t\t\t\t\t<h1 class=\"elementor-heading-title elementor-size-default\">Projekty<\/h1>\t\t\t\t<\/div>\n\t\t\t\t<\/div>\n\t\t\t\t\t<\/div>\n\t\t\t\t<\/div>\n\t\t<div class=\"elementor-element elementor-element-4d0f350 e-flex e-con-boxed e-con e-parent\" data-id=\"4d0f350\" data-element_type=\"container\" data-settings=\"{&quot;background_background&quot;:&quot;classic&quot;}\">\n\t\t\t\t\t<div class=\"e-con-inner\">\n\t\t\t\t<div class=\"elementor-element elementor-element-923d4f6 elementor-grid-1 elementor-posts--thumbnail-left elementor-grid-mobile_extra-1 elementor-grid-tablet-2 elementor-grid-mobile-1 elementor-widget elementor-widget-posts\" data-id=\"923d4f6\" data-element_type=\"widget\" data-settings=\"{&quot;classic_columns&quot;:&quot;1&quot;,&quot;classic_row_gap&quot;:{&quot;unit&quot;:&quot;px&quot;,&quot;size&quot;:25,&quot;sizes&quot;:[]},&quot;pagination_type&quot;:&quot;numbers&quot;,&quot;classic_columns_mobile_extra&quot;:&quot;1&quot;,&quot;classic_columns_tablet&quot;:&quot;2&quot;,&quot;classic_columns_mobile&quot;:&quot;1&quot;,&quot;classic_row_gap_widescreen&quot;:{&quot;unit&quot;:&quot;px&quot;,&quot;size&quot;:&quot;&quot;,&quot;sizes&quot;:[]},&quot;classic_row_gap_laptop&quot;:{&quot;unit&quot;:&quot;px&quot;,&quot;size&quot;:&quot;&quot;,&quot;sizes&quot;:[]},&quot;classic_row_gap_tablet_extra&quot;:{&quot;unit&quot;:&quot;px&quot;,&quot;size&quot;:&quot;&quot;,&quot;sizes&quot;:[]},&quot;classic_row_gap_tablet&quot;:{&quot;unit&quot;:&quot;px&quot;,&quot;size&quot;:&quot;&quot;,&quot;sizes&quot;:[]},&quot;classic_row_gap_mobile_extra&quot;:{&quot;unit&quot;:&quot;px&quot;,&quot;size&quot;:&quot;&quot;,&quot;sizes&quot;:[]},&quot;classic_row_gap_mobile&quot;:{&quot;unit&quot;:&quot;px&quot;,&quot;size&quot;:&quot;&quot;,&quot;sizes&quot;:[]}}\" data-widget_type=\"posts.classic\">\n\t\t\t\t<div class=\"elementor-widget-container\">\n\t\t\t\t\t\t\t<div class=\"elementor-posts-container elementor-posts elementor-posts--skin-classic elementor-grid\" role=\"list\">\n\t\t\t\t<article class=\"elementor-post elementor-grid-item post-6496 post type-post status-publish format-standard hentry category-bez-kategorii category-projekty\" role=\"listitem\">\n\t\t\t\t<div class=\"elementor-post__text\">\n\t\t\t\t<h3 class=\"elementor-post__title\">\n\t\t\t<a href=\"https:\/\/www.moszczanica.pl\/index.php\/2026\/03\/17\/wdrazanie-inwestycji-c2-2-1-wyposazenie-szkol-instytucji-w-odpowiednie-urzadzenia-i-infrastrukture-ict-w-celu-poprawy-ogolnej-wydajnosci-systemow-edukacji-wskaznik-c1l-laboratoria-sztucznej-inteligen\/\" >\n\t\t\t\tWdra\u017canie inwestycji C2.2.1 Wyposa\u017cenie szk\u00f3\u0142\/instytucji w odpowiednie urz\u0105dzenia i infrastruktur\u0119 ICT w celu poprawy og\u00f3lnej wydajno\u015bci system\u00f3w edukacji, wska\u017anik C1L Laboratoria sztucznej inteligencji (AI) oraz laboratoria nauk przyrodniczych, technologii, in\u017cynierii i matematyki (STEM) utworzone w szko\u0142ach\t\t\t<\/a>\n\t\t<\/h3>\n\t\t\t\t<div class=\"elementor-post__meta-data\">\n\t\t\t\t\t<span class=\"elementor-post-date\">\n\t\t\t2026-03-17\t\t<\/span>\n\t\t\t\t<\/div>\n\t\t\t\t<div class=\"elementor-post__excerpt\">\n\t\t\t<p>Informacje o projekcie: Wdra\u017canie inwestycji C2.2.1\u00a0 Wyposa\u017cenie szk\u00f3\u0142\/instytucji w odpowiednie urz\u0105dzenia i infrastruktur\u0119 ICT w celu poprawy og\u00f3lnej wydajno\u015bci system\u00f3w edukacji, wska\u017anik C1L Laboratoria sztucznej<\/p>\n\t\t<\/div>\n\t\t\n\t\t<a class=\"elementor-post__read-more\" href=\"https:\/\/www.moszczanica.pl\/index.php\/2026\/03\/17\/wdrazanie-inwestycji-c2-2-1-wyposazenie-szkol-instytucji-w-odpowiednie-urzadzenia-i-infrastrukture-ict-w-celu-poprawy-ogolnej-wydajnosci-systemow-edukacji-wskaznik-c1l-laboratoria-sztucznej-inteligen\/\" aria-label=\"Read more about Wdra\u017canie inwestycji C2.2.1 Wyposa\u017cenie szk\u00f3\u0142\/instytucji w odpowiednie urz\u0105dzenia i infrastruktur\u0119 ICT w celu poprawy og\u00f3lnej wydajno\u015bci system\u00f3w edukacji, wska\u017anik C1L Laboratoria sztucznej inteligencji (AI) oraz laboratoria nauk przyrodniczych, technologii, in\u017cynierii i matematyki (STEM) utworzone w szko\u0142ach\" tabindex=\"-1\" >\n\t\t\tCzytaj wi\u0119cej\t\t<\/a>\n\n\t\t\t\t<\/div>\n\t\t\t\t<\/article>\n\t\t\t\t<article class=\"elementor-post elementor-grid-item post-6484 post type-post status-publish format-standard hentry category-aktualnosci category-projekty\" role=\"listitem\">\n\t\t\t\t<div class=\"elementor-post__text\">\n\t\t\t\t<h3 class=\"elementor-post__title\">\n\t\t\t<a href=\"https:\/\/www.moszczanica.pl\/index.php\/2026\/03\/13\/projekt-erasmus\/\" >\n\t\t\t\tProjekt Erasmus+\t\t\t<\/a>\n\t\t<\/h3>\n\t\t\t\t<div class=\"elementor-post__meta-data\">\n\t\t\t\t\t<span class=\"elementor-post-date\">\n\t\t\t2026-03-13\t\t<\/span>\n\t\t\t\t<\/div>\n\t\t\t\t<div class=\"elementor-post__excerpt\">\n\t\t\t<p>\u00a0 Circular Practices for Education in the Digital Universe (CircEdu) Nasza szko\u0142a bierze udzia\u0142 w mi\u0119dzynarodowym projekcie Erasmus+, kt\u00f3rego celem jest rozwijanie cyrkularnych praktyk edukacyjnych<\/p>\n\t\t<\/div>\n\t\t\n\t\t<a class=\"elementor-post__read-more\" href=\"https:\/\/www.moszczanica.pl\/index.php\/2026\/03\/13\/projekt-erasmus\/\" aria-label=\"Read more about Projekt Erasmus+\" tabindex=\"-1\" >\n\t\t\tCzytaj wi\u0119cej\t\t<\/a>\n\n\t\t\t\t<\/div>\n\t\t\t\t<\/article>\n\t\t\t\t<article class=\"elementor-post elementor-grid-item post-6456 post type-post status-publish format-standard hentry category-aktualnosci category-projekty\" role=\"listitem\">\n\t\t\t\t<div class=\"elementor-post__text\">\n\t\t\t\t<h3 class=\"elementor-post__title\">\n\t\t\t<a href=\"https:\/\/www.moszczanica.pl\/index.php\/2026\/02\/10\/oddzialy-przygotowania-wojskowego-2\/\" >\n\t\t\t\tProjekt akredytacyjny Erasmus+ dla nauczycieli\t\t\t<\/a>\n\t\t<\/h3>\n\t\t\t\t<div class=\"elementor-post__meta-data\">\n\t\t\t\t\t<span class=\"elementor-post-date\">\n\t\t\t2026-02-10\t\t<\/span>\n\t\t\t\t<\/div>\n\t\t\t\t<div class=\"elementor-post__excerpt\">\n\t\t\t<p>\u00a0 \u00a0 Dyrekcja Zespo\u0142u Szk\u00f3\u0142 Agrotechnicznych i Og\u00f3lnokszta\u0142c\u0105cych oraz Zesp\u00f3\u0142 ds. Erasmusa+ \u00a0serdecznie zapraszaj\u0105 nauczycieli do udzia\u0142u w projekcie akredytacyjnym Erasmus+ Zaproszenie dla nauczycieli Zaproszenie<\/p>\n\t\t<\/div>\n\t\t\n\t\t<a class=\"elementor-post__read-more\" href=\"https:\/\/www.moszczanica.pl\/index.php\/2026\/02\/10\/oddzialy-przygotowania-wojskowego-2\/\" aria-label=\"Read more about Projekt akredytacyjny Erasmus+ dla nauczycieli\" tabindex=\"-1\" >\n\t\t\tCzytaj wi\u0119cej\t\t<\/a>\n\n\t\t\t\t<\/div>\n\t\t\t\t<\/article>\n\t\t\t\t<article class=\"elementor-post elementor-grid-item post-6366 post type-post status-publish format-standard hentry category-aktualnosci category-projekty\" role=\"listitem\">\n\t\t\t\t<div class=\"elementor-post__text\">\n\t\t\t\t<h3 class=\"elementor-post__title\">\n\t\t\t<a href=\"https:\/\/www.moszczanica.pl\/index.php\/2025\/12\/01\/oddzialy-przygotowania-wojskowego\/\" >\n\t\t\t\tOddzia\u0142y Przygotowania Wojskowego\t\t\t<\/a>\n\t\t<\/h3>\n\t\t\t\t<div class=\"elementor-post__meta-data\">\n\t\t\t\t\t<span class=\"elementor-post-date\">\n\t\t\t2025-12-01\t\t<\/span>\n\t\t\t\t<\/div>\n\t\t\t\t<div class=\"elementor-post__excerpt\">\n\t\t\t<p>\u00a0 Oddzia\u0142y Przygotowania Wojskowego<\/p>\n\t\t<\/div>\n\t\t\n\t\t<a class=\"elementor-post__read-more\" href=\"https:\/\/www.moszczanica.pl\/index.php\/2025\/12\/01\/oddzialy-przygotowania-wojskowego\/\" aria-label=\"Read more about Oddzia\u0142y Przygotowania Wojskowego\" tabindex=\"-1\" >\n\t\t\tCzytaj wi\u0119cej\t\t<\/a>\n\n\t\t\t\t<\/div>\n\t\t\t\t<\/article>\n\t\t\t\t<article class=\"elementor-post elementor-grid-item post-6356 post type-post status-publish format-standard hentry category-aktualnosci category-projekty\" role=\"listitem\">\n\t\t\t\t<div class=\"elementor-post__text\">\n\t\t\t\t<h3 class=\"elementor-post__title\">\n\t\t\t<a href=\"https:\/\/www.moszczanica.pl\/index.php\/2025\/12\/01\/branzowe-oddzialy-wojskowe\/\" >\n\t\t\t\tBran\u017cowe Oddzia\u0142y Wojskowe\t\t\t<\/a>\n\t\t<\/h3>\n\t\t\t\t<div class=\"elementor-post__meta-data\">\n\t\t\t\t\t<span class=\"elementor-post-date\">\n\t\t\t2025-12-01\t\t<\/span>\n\t\t\t\t<\/div>\n\t\t\t\t<div class=\"elementor-post__excerpt\">\n\t\t\t<p>\u00a0 Bran\u017cowe Oddzia\u0142y Wojskowe<\/p>\n\t\t<\/div>\n\t\t\n\t\t<a class=\"elementor-post__read-more\" href=\"https:\/\/www.moszczanica.pl\/index.php\/2025\/12\/01\/branzowe-oddzialy-wojskowe\/\" aria-label=\"Read more about Bran\u017cowe Oddzia\u0142y Wojskowe\" tabindex=\"-1\" >\n\t\t\tCzytaj wi\u0119cej\t\t<\/a>\n\n\t\t\t\t<\/div>\n\t\t\t\t<\/article>\n\t\t\t\t<article class=\"elementor-post elementor-grid-item post-6230 post type-post status-publish format-standard hentry category-aktualnosci category-projekty\" role=\"listitem\">\n\t\t\t\t<div class=\"elementor-post__text\">\n\t\t\t\t<h3 class=\"elementor-post__title\">\n\t\t\t<a href=\"https:\/\/www.moszczanica.pl\/index.php\/2025\/11\/14\/rzadowy-program-wyrownywania-szans-edukacyjnych-dzieci-i-mlodziezy-przyjazna-szkola-w-latach-2025-2027\/\" >\n\t\t\t\tRz\u0105dowy program wyr\u00f3wnywania szans edukacyjnych dzieci i m\u0142odzie\u017cy \u201ePrzyjazna szko\u0142a\u201d w latach 2025-2027\t\t\t<\/a>\n\t\t<\/h3>\n\t\t\t\t<div class=\"elementor-post__meta-data\">\n\t\t\t\t\t<span class=\"elementor-post-date\">\n\t\t\t2025-11-14\t\t<\/span>\n\t\t\t\t<\/div>\n\t\t\t\t<div class=\"elementor-post__excerpt\">\n\t\t\t<p>Rz\u0105dowy program wyr\u00f3wnywania szans edukacyjnych dzieci i m\u0142odzie\u017cy \u201ePrzyjazna szko\u0142a\u201d w latach 2025-2027 Czytaj wi\u0119cej<\/p>\n\t\t<\/div>\n\t\t\n\t\t<a class=\"elementor-post__read-more\" href=\"https:\/\/www.moszczanica.pl\/index.php\/2025\/11\/14\/rzadowy-program-wyrownywania-szans-edukacyjnych-dzieci-i-mlodziezy-przyjazna-szkola-w-latach-2025-2027\/\" aria-label=\"Read more about Rz\u0105dowy program wyr\u00f3wnywania szans edukacyjnych dzieci i m\u0142odzie\u017cy \u201ePrzyjazna szko\u0142a\u201d w latach 2025-2027\" tabindex=\"-1\" >\n\t\t\tCzytaj wi\u0119cej\t\t<\/a>\n\n\t\t\t\t<\/div>\n\t\t\t\t<\/article>\n\t\t\t\t<article class=\"elementor-post elementor-grid-item post-6181 post type-post status-publish format-standard hentry category-aktualnosci category-projekty\" role=\"listitem\">\n\t\t\t\t<div class=\"elementor-post__text\">\n\t\t\t\t<h3 class=\"elementor-post__title\">\n\t\t\t<a href=\"https:\/\/www.moszczanica.pl\/index.php\/2025\/10\/15\/ochrona-i-regeneracja-obszarow-cennych-przyrodniczo-wraz-z-dzialaniami-edukacyjnymi-na-obszarze-aglomeracji-beskidzkiej-etap-i\/\" >\n\t\t\t\tOchrona i regeneracja obszar\u00f3w cennych przyrodniczo wraz z dzia\u0142aniami edukacyjnymi na obszarze Aglomeracji Beskidzkiej- ETAP I\t\t\t<\/a>\n\t\t<\/h3>\n\t\t\t\t<div class=\"elementor-post__meta-data\">\n\t\t\t\t\t<span class=\"elementor-post-date\">\n\t\t\t2025-10-15\t\t<\/span>\n\t\t\t\t<\/div>\n\t\t\t\t<div class=\"elementor-post__excerpt\">\n\t\t\t<p>\u00a0 Ochrona i regeneracja obszar\u00f3w cennych przyrodniczo wraz z dzia\u0142aniami edukacyjnymi na obszarze Aglomeracji Beskidzkiej- ETAP I\u00a0 Zesp\u00f3\u0142 Szk\u00f3\u0142 Agrotechnicznych i Og\u00f3lnokszta\u0142c\u0105cych im. Pi\u0142sudskiego w<\/p>\n\t\t<\/div>\n\t\t\n\t\t<a class=\"elementor-post__read-more\" href=\"https:\/\/www.moszczanica.pl\/index.php\/2025\/10\/15\/ochrona-i-regeneracja-obszarow-cennych-przyrodniczo-wraz-z-dzialaniami-edukacyjnymi-na-obszarze-aglomeracji-beskidzkiej-etap-i\/\" aria-label=\"Read more about Ochrona i regeneracja obszar\u00f3w cennych przyrodniczo wraz z dzia\u0142aniami edukacyjnymi na obszarze Aglomeracji Beskidzkiej- ETAP I\" tabindex=\"-1\" >\n\t\t\tCzytaj wi\u0119cej\t\t<\/a>\n\n\t\t\t\t<\/div>\n\t\t\t\t<\/article>\n\t\t\t\t<article class=\"elementor-post elementor-grid-item post-6100 post type-post status-publish format-standard hentry category-aktualnosci category-projekty\" role=\"listitem\">\n\t\t\t\t<div class=\"elementor-post__text\">\n\t\t\t\t<h3 class=\"elementor-post__title\">\n\t\t\t<a href=\"https:\/\/www.moszczanica.pl\/index.php\/2025\/10\/09\/szlakiem-kultury-zywiecczyzny\/\" >\n\t\t\t\tSzlakiem Kultury \u017bywiecczyzny\t\t\t<\/a>\n\t\t<\/h3>\n\t\t\t\t<div class=\"elementor-post__meta-data\">\n\t\t\t\t\t<span class=\"elementor-post-date\">\n\t\t\t2025-10-09\t\t<\/span>\n\t\t\t\t<\/div>\n\t\t\t\t<div class=\"elementor-post__excerpt\">\n\t\t\t<p>Szlakiem Kultury \u017bywiecczyzny Stowarzyszenie Aglomeracja Beskidzka pozyska\u0142o dofinansowanie na realizacj\u0119 projektu \u201eSzlakiem kultury \u017bywiecczyzny\u201d. Zawarta w\u0142a\u015bnie umowa przewiduje dla projektu dofinansowanie o\u00a0warto\u015bci 9\u00a0874\u00a0036,14\u00a0PLN ze \u015brodk\u00f3w<\/p>\n\t\t<\/div>\n\t\t\n\t\t<a class=\"elementor-post__read-more\" href=\"https:\/\/www.moszczanica.pl\/index.php\/2025\/10\/09\/szlakiem-kultury-zywiecczyzny\/\" aria-label=\"Read more about Szlakiem Kultury \u017bywiecczyzny\" tabindex=\"-1\" >\n\t\t\tCzytaj wi\u0119cej\t\t<\/a>\n\n\t\t\t\t<\/div>\n\t\t\t\t<\/article>\n\t\t\t\t<article class=\"elementor-post elementor-grid-item post-6070 post type-post status-publish format-standard hentry category-aktualnosci category-projekty\" role=\"listitem\">\n\t\t\t\t<div class=\"elementor-post__text\">\n\t\t\t\t<h3 class=\"elementor-post__title\">\n\t\t\t<a href=\"https:\/\/www.moszczanica.pl\/index.php\/2025\/10\/07\/sprzet-komputerowy-dla-zsaio-w-ramach-srodkow-z-kpo-fundusze-europejskie\/\" >\n\t\t\t\tSprz\u0119t komputerowy dla ZSAiO w ramach \u015brodk\u00f3w z KPO. Fundusze europejskie.\t\t\t<\/a>\n\t\t<\/h3>\n\t\t\t\t<div class=\"elementor-post__meta-data\">\n\t\t\t\t\t<span class=\"elementor-post-date\">\n\t\t\t2025-10-07\t\t<\/span>\n\t\t\t\t<\/div>\n\t\t\t\t<div class=\"elementor-post__excerpt\">\n\t\t\t<p>\u00a0 Informujemy, \u017ce szko\u0142a przyst\u0105pi\u0142a do realizacji projektu nieodp\u0142atnego przekazania sprz\u0119tu w ramach \u015brodk\u00f3w z KPO Elementy projektu Wdra\u017canie inwestycji C2.1.2 Wyr\u00f3wnanie poziomu wyposa\u017cenia szk\u00f3\u0142<\/p>\n\t\t<\/div>\n\t\t\n\t\t<a class=\"elementor-post__read-more\" href=\"https:\/\/www.moszczanica.pl\/index.php\/2025\/10\/07\/sprzet-komputerowy-dla-zsaio-w-ramach-srodkow-z-kpo-fundusze-europejskie\/\" aria-label=\"Read more about Sprz\u0119t komputerowy dla ZSAiO w ramach \u015brodk\u00f3w z KPO. Fundusze europejskie.\" tabindex=\"-1\" >\n\t\t\tCzytaj wi\u0119cej\t\t<\/a>\n\n\t\t\t\t<\/div>\n\t\t\t\t<\/article>\n\t\t\t\t<\/div>\n\t\t\n\t\t\t\t<div class=\"e-load-more-anchor\" data-page=\"1\" data-max-page=\"2\" data-next-page=\"https:\/\/www.moszczanica.pl\/index.php\/wp-json\/wp\/v2\/pages\/1705\/page\/2\/\"><\/div>\n\t\t\t\t<nav class=\"elementor-pagination\" aria-label=\"Pagination\">\n\t\t\t<span aria-current=\"page\" class=\"page-numbers current\"><span class=\"elementor-screen-only\">Page<\/span>1<\/span>\n<a class=\"page-numbers\" href=\"https:\/\/www.moszczanica.pl\/index.php\/wp-json\/wp\/v2\/pages\/1705\/page\/2\/\"><span class=\"elementor-screen-only\">Page<\/span>2<\/a>\t\t<\/nav>\n\t\t\t\t\t\t<\/div>\n\t\t\t\t<\/div>\n\t\t\t\t\t<\/div>\n\t\t\t\t<\/div>\n\t\t\t\t<\/div>\n\t\t","protected":false},"excerpt":{"rendered":"<p>Projekty<\/p>\n","protected":false},"author":1,"featured_media":0,"parent":0,"menu_order":0,"comment_status":"closed","ping_status":"closed","template":"","meta":{"footnotes":""},"class_list":["post-1705","page","type-page","status-publish","hentry"],"_links":{"self":[{"href":"https:\/\/www.moszczanica.pl\/index.php\/wp-json\/wp\/v2\/pages\/1705","targetHints":{"allow":["GET"]}}],"collection":[{"href":"https:\/\/www.moszczanica.pl\/index.php\/wp-json\/wp\/v2\/pages"}],"about":[{"href":"https:\/\/www.moszczanica.pl\/index.php\/wp-json\/wp\/v2\/types\/page"}],"author":[{"embeddable":true,"href":"https:\/\/www.moszczanica.pl\/index.php\/wp-json\/wp\/v2\/users\/1"}],"replies":[{"embeddable":true,"href":"https:\/\/www.moszczanica.pl\/index.php\/wp-json\/wp\/v2\/comments?post=1705"}],"version-history":[{"count":41,"href":"https:\/\/www.moszczanica.pl\/index.php\/wp-json\/wp\/v2\/pages\/1705\/revisions"}],"predecessor-version":[{"id":6483,"href":"https:\/\/www.moszczanica.pl\/index.php\/wp-json\/wp\/v2\/pages\/1705\/revisions\/6483"}],"wp:attachment":[{"href":"https:\/\/www.moszczanica.pl\/index.php\/wp-json\/wp\/v2\/media?parent=1705"}],"curies":[{"name":"wp","href":"https:\/\/api.w.org\/{rel}","templated":true}]}}