{"id":1699,"date":"2025-06-04T12:24:50","date_gmt":"2025-06-04T10:24:50","guid":{"rendered":"https:\/\/www.moszczanica.pl\/?page_id=1699"},"modified":"2025-08-28T09:25:06","modified_gmt":"2025-08-28T07:25:06","slug":"aktualnosci","status":"publish","type":"page","link":"https:\/\/www.moszczanica.pl\/index.php\/aktualnosci\/","title":{"rendered":"Aktualno\u015bci"},"content":{"rendered":"\t\t<div data-elementor-type=\"wp-page\" data-elementor-id=\"1699\" class=\"elementor elementor-1699\" data-elementor-post-type=\"page\">\n\t\t\t\t<div class=\"elementor-element elementor-element-0575bd6 e-con-full e-flex e-con e-parent\" data-id=\"0575bd6\" data-element_type=\"container\">\n\t\t\t\t<div class=\"elementor-element elementor-element-47e730b elementor-widget elementor-widget-heading\" data-id=\"47e730b\" data-element_type=\"widget\" data-widget_type=\"heading.default\">\n\t\t\t\t<div class=\"elementor-widget-container\">\n\t\t\t\t\t<h3 class=\"elementor-heading-title elementor-size-default\">Aktualno\u015bci<\/h3>\t\t\t\t<\/div>\n\t\t\t\t<\/div>\n\t\t\t\t<\/div>\n\t\t<div class=\"elementor-element elementor-element-6d25b76 e-flex e-con-boxed e-con e-parent\" data-id=\"6d25b76\" data-element_type=\"container\">\n\t\t\t\t\t<div class=\"e-con-inner\">\n\t\t\t\t<div class=\"elementor-element elementor-element-53e6714 elementor-widget elementor-widget-text-editor\" data-id=\"53e6714\" data-element_type=\"widget\" data-widget_type=\"text-editor.default\">\n\t\t\t\t<div class=\"elementor-widget-container\">\n\t\t\t\t\t\t\t\t\t<p><span style=\"color: #000000;\">Strona jest w trakcie aktualizacji, dost\u0119p do starej znajdziesz pod tym adresem:<\/span><br \/><a href=\"https:\/\/moszczanica.pl\/old\">https:\/\/moszczanica.pl\/old<\/a><\/p>\t\t\t\t\t\t\t\t<\/div>\n\t\t\t\t<\/div>\n\t\t\t\t\t<\/div>\n\t\t\t\t<\/div>\n\t\t<div class=\"elementor-element elementor-element-d35d33e elementor-hidden-tablet elementor-hidden-mobile_extra elementor-hidden-mobile e-flex e-con-boxed e-con e-parent\" data-id=\"d35d33e\" data-element_type=\"container\" data-settings=\"{&quot;background_background&quot;:&quot;classic&quot;}\">\n\t\t\t\t\t<div class=\"e-con-inner\">\n\t\t\t\t<div class=\"elementor-element elementor-element-9e84a43 elementor-grid-1 elementor-posts--thumbnail-left elementor-grid-tablet-2 elementor-grid-mobile-1 elementor-widget elementor-widget-posts\" data-id=\"9e84a43\" data-element_type=\"widget\" data-settings=\"{&quot;classic_columns&quot;:&quot;1&quot;,&quot;classic_row_gap&quot;:{&quot;unit&quot;:&quot;px&quot;,&quot;size&quot;:25,&quot;sizes&quot;:[]},&quot;pagination_type&quot;:&quot;numbers&quot;,&quot;classic_columns_tablet&quot;:&quot;2&quot;,&quot;classic_columns_mobile&quot;:&quot;1&quot;,&quot;classic_row_gap_widescreen&quot;:{&quot;unit&quot;:&quot;px&quot;,&quot;size&quot;:&quot;&quot;,&quot;sizes&quot;:[]},&quot;classic_row_gap_laptop&quot;:{&quot;unit&quot;:&quot;px&quot;,&quot;size&quot;:&quot;&quot;,&quot;sizes&quot;:[]},&quot;classic_row_gap_tablet_extra&quot;:{&quot;unit&quot;:&quot;px&quot;,&quot;size&quot;:&quot;&quot;,&quot;sizes&quot;:[]},&quot;classic_row_gap_tablet&quot;:{&quot;unit&quot;:&quot;px&quot;,&quot;size&quot;:&quot;&quot;,&quot;sizes&quot;:[]},&quot;classic_row_gap_mobile_extra&quot;:{&quot;unit&quot;:&quot;px&quot;,&quot;size&quot;:&quot;&quot;,&quot;sizes&quot;:[]},&quot;classic_row_gap_mobile&quot;:{&quot;unit&quot;:&quot;px&quot;,&quot;size&quot;:&quot;&quot;,&quot;sizes&quot;:[]}}\" data-widget_type=\"posts.classic\">\n\t\t\t\t<div class=\"elementor-widget-container\">\n\t\t\t\t\t\t\t<div class=\"elementor-posts-container elementor-posts elementor-posts--skin-classic elementor-grid\" role=\"list\">\n\t\t\t\t<article class=\"elementor-post elementor-grid-item post-6506 post type-post status-publish format-standard hentry category-aktualnosci\" role=\"listitem\">\n\t\t\t\t<div class=\"elementor-post__text\">\n\t\t\t\t<h3 class=\"elementor-post__title\">\n\t\t\t<a href=\"https:\/\/www.moszczanica.pl\/index.php\/2026\/04\/28\/informacja-o-stypendium-socjalnym-na-2026r\/\" >\n\t\t\t\tInformacja o stypendium socjalnym na 2026r.\t\t\t<\/a>\n\t\t<\/h3>\n\t\t\t\t<div class=\"elementor-post__meta-data\">\n\t\t\t\t\t<span class=\"elementor-post-date\">\n\t\t\t2026-04-28\t\t<\/span>\n\t\t\t\t<\/div>\n\t\t\t\t<div class=\"elementor-post__excerpt\">\n\t\t\t<p>\u00a0 WARUNKI OTRZYMANIA STYPENDIUM Stypendium na wyr\u00f3wnanie szans edukacyjnych mo\u017ce by\u0107 przyznane uczniowi, kt\u00f3ry w p\u00f3\u0142roczu poprzedzaj\u0105cym jego przyznanie: a) Uzyska\u0142 \u015bredni\u0105 ocen co najmniej<\/p>\n\t\t<\/div>\n\t\t\n\t\t<a class=\"elementor-post__read-more\" href=\"https:\/\/www.moszczanica.pl\/index.php\/2026\/04\/28\/informacja-o-stypendium-socjalnym-na-2026r\/\" aria-label=\"Read more about Informacja o stypendium socjalnym na 2026r.\" tabindex=\"-1\" >\n\t\t\tCzytaj wi\u0119cej\t\t<\/a>\n\n\t\t\t\t<\/div>\n\t\t\t\t<\/article>\n\t\t\t\t<article class=\"elementor-post elementor-grid-item post-6484 post type-post status-publish format-standard hentry category-aktualnosci category-projekty\" role=\"listitem\">\n\t\t\t\t<div class=\"elementor-post__text\">\n\t\t\t\t<h3 class=\"elementor-post__title\">\n\t\t\t<a href=\"https:\/\/www.moszczanica.pl\/index.php\/2026\/03\/13\/projekt-erasmus\/\" >\n\t\t\t\tProjekt Erasmus+\t\t\t<\/a>\n\t\t<\/h3>\n\t\t\t\t<div class=\"elementor-post__meta-data\">\n\t\t\t\t\t<span class=\"elementor-post-date\">\n\t\t\t2026-03-13\t\t<\/span>\n\t\t\t\t<\/div>\n\t\t\t\t<div class=\"elementor-post__excerpt\">\n\t\t\t<p>\u00a0 Circular Practices for Education in the Digital Universe (CircEdu) Nasza szko\u0142a bierze udzia\u0142 w mi\u0119dzynarodowym projekcie Erasmus+, kt\u00f3rego celem jest rozwijanie cyrkularnych praktyk edukacyjnych<\/p>\n\t\t<\/div>\n\t\t\n\t\t<a class=\"elementor-post__read-more\" href=\"https:\/\/www.moszczanica.pl\/index.php\/2026\/03\/13\/projekt-erasmus\/\" aria-label=\"Read more about Projekt Erasmus+\" tabindex=\"-1\" >\n\t\t\tCzytaj wi\u0119cej\t\t<\/a>\n\n\t\t\t\t<\/div>\n\t\t\t\t<\/article>\n\t\t\t\t<article class=\"elementor-post elementor-grid-item post-6456 post type-post status-publish format-standard hentry category-aktualnosci category-projekty\" role=\"listitem\">\n\t\t\t\t<div class=\"elementor-post__text\">\n\t\t\t\t<h3 class=\"elementor-post__title\">\n\t\t\t<a href=\"https:\/\/www.moszczanica.pl\/index.php\/2026\/02\/10\/oddzialy-przygotowania-wojskowego-2\/\" >\n\t\t\t\tProjekt akredytacyjny Erasmus+ dla nauczycieli\t\t\t<\/a>\n\t\t<\/h3>\n\t\t\t\t<div class=\"elementor-post__meta-data\">\n\t\t\t\t\t<span class=\"elementor-post-date\">\n\t\t\t2026-02-10\t\t<\/span>\n\t\t\t\t<\/div>\n\t\t\t\t<div class=\"elementor-post__excerpt\">\n\t\t\t<p>\u00a0 \u00a0 Dyrekcja Zespo\u0142u Szk\u00f3\u0142 Agrotechnicznych i Og\u00f3lnokszta\u0142c\u0105cych oraz Zesp\u00f3\u0142 ds. Erasmusa+ \u00a0serdecznie zapraszaj\u0105 nauczycieli do udzia\u0142u w projekcie akredytacyjnym Erasmus+ Zaproszenie dla nauczycieli Zaproszenie<\/p>\n\t\t<\/div>\n\t\t\n\t\t<a class=\"elementor-post__read-more\" href=\"https:\/\/www.moszczanica.pl\/index.php\/2026\/02\/10\/oddzialy-przygotowania-wojskowego-2\/\" aria-label=\"Read more about Projekt akredytacyjny Erasmus+ dla nauczycieli\" tabindex=\"-1\" >\n\t\t\tCzytaj wi\u0119cej\t\t<\/a>\n\n\t\t\t\t<\/div>\n\t\t\t\t<\/article>\n\t\t\t\t<article class=\"elementor-post elementor-grid-item post-6397 post type-post status-publish format-standard hentry category-aktualnosci category-bez-kategorii\" role=\"listitem\">\n\t\t\t\t<div class=\"elementor-post__text\">\n\t\t\t\t<h3 class=\"elementor-post__title\">\n\t\t\t<a href=\"https:\/\/www.moszczanica.pl\/index.php\/2025\/12\/09\/konsultacje-dla-rodzicow\/\" >\n\t\t\t\tKonsultacje dla rodzic\u00f3w\t\t\t<\/a>\n\t\t<\/h3>\n\t\t\t\t<div class=\"elementor-post__meta-data\">\n\t\t\t\t\t<span class=\"elementor-post-date\">\n\t\t\t2025-12-09\t\t<\/span>\n\t\t\t\t<\/div>\n\t\t\t\t<div class=\"elementor-post__excerpt\">\n\t\t\t<p>Konsultacje dla rodzic\u00f3w Drodzy Rodzice!\u00a0Serdecznie zapraszamy na konsultacje.\u00a0 Data: 12.12.2025 r.\u00a0Godzina: od 15:15 do 17:00\u00a0 Miejsca spotka\u0144:\u00a0Z wychowawcami -wed\u0142ug przydzia\u0142u sal.\u00a0Pozostali nauczyciele b\u0119d\u0105 do Pa\u0144stwa<\/p>\n\t\t<\/div>\n\t\t\n\t\t<a class=\"elementor-post__read-more\" href=\"https:\/\/www.moszczanica.pl\/index.php\/2025\/12\/09\/konsultacje-dla-rodzicow\/\" aria-label=\"Read more about Konsultacje dla rodzic\u00f3w\" tabindex=\"-1\" >\n\t\t\tCzytaj wi\u0119cej\t\t<\/a>\n\n\t\t\t\t<\/div>\n\t\t\t\t<\/article>\n\t\t\t\t<\/div>\n\t\t\n\t\t\t\t<div class=\"e-load-more-anchor\" data-page=\"1\" data-max-page=\"7\" data-next-page=\"https:\/\/www.moszczanica.pl\/index.php\/wp-json\/wp\/v2\/pages\/1699\/page\/2\/\"><\/div>\n\t\t\t\t<nav class=\"elementor-pagination\" aria-label=\"Pagination\">\n\t\t\t<span aria-current=\"page\" class=\"page-numbers current\"><span class=\"elementor-screen-only\">Page<\/span>1<\/span>\n<a class=\"page-numbers\" href=\"https:\/\/www.moszczanica.pl\/index.php\/wp-json\/wp\/v2\/pages\/1699\/page\/2\/\"><span class=\"elementor-screen-only\">Page<\/span>2<\/a>\n<a class=\"page-numbers\" href=\"https:\/\/www.moszczanica.pl\/index.php\/wp-json\/wp\/v2\/pages\/1699\/page\/3\/\"><span class=\"elementor-screen-only\">Page<\/span>3<\/a>\n<a class=\"page-numbers\" href=\"https:\/\/www.moszczanica.pl\/index.php\/wp-json\/wp\/v2\/pages\/1699\/page\/4\/\"><span class=\"elementor-screen-only\">Page<\/span>4<\/a>\n<a class=\"page-numbers\" href=\"https:\/\/www.moszczanica.pl\/index.php\/wp-json\/wp\/v2\/pages\/1699\/page\/5\/\"><span class=\"elementor-screen-only\">Page<\/span>5<\/a>\t\t<\/nav>\n\t\t\t\t\t\t<\/div>\n\t\t\t\t<\/div>\n\t\t\t\t\t<\/div>\n\t\t\t\t<\/div>\n\t\t<div class=\"elementor-element elementor-element-fcbcd89 elementor-hidden-widescreen elementor-hidden-desktop elementor-hidden-laptop elementor-hidden-tablet_extra e-con-full e-flex e-con e-parent\" data-id=\"fcbcd89\" data-element_type=\"container\" data-settings=\"{&quot;background_background&quot;:&quot;classic&quot;}\">\n\t\t\t\t<div class=\"elementor-element elementor-element-4d91cc0 elementor-grid-1 elementor-grid-tablet-1 elementor-widget-mobile_extra__width-initial elementor-posts--thumbnail-none elementor-widget-tablet__width-initial elementor-grid-mobile-1 elementor-widget elementor-widget-posts\" data-id=\"4d91cc0\" data-element_type=\"widget\" data-settings=\"{&quot;classic_columns&quot;:&quot;1&quot;,&quot;classic_row_gap&quot;:{&quot;unit&quot;:&quot;px&quot;,&quot;size&quot;:25,&quot;sizes&quot;:[]},&quot;pagination_type&quot;:&quot;numbers&quot;,&quot;classic_columns_tablet&quot;:&quot;1&quot;,&quot;classic_row_gap_tablet&quot;:{&quot;unit&quot;:&quot;px&quot;,&quot;size&quot;:26,&quot;sizes&quot;:[]},&quot;classic_columns_mobile&quot;:&quot;1&quot;,&quot;classic_row_gap_widescreen&quot;:{&quot;unit&quot;:&quot;px&quot;,&quot;size&quot;:&quot;&quot;,&quot;sizes&quot;:[]},&quot;classic_row_gap_laptop&quot;:{&quot;unit&quot;:&quot;px&quot;,&quot;size&quot;:&quot;&quot;,&quot;sizes&quot;:[]},&quot;classic_row_gap_tablet_extra&quot;:{&quot;unit&quot;:&quot;px&quot;,&quot;size&quot;:&quot;&quot;,&quot;sizes&quot;:[]},&quot;classic_row_gap_mobile_extra&quot;:{&quot;unit&quot;:&quot;px&quot;,&quot;size&quot;:&quot;&quot;,&quot;sizes&quot;:[]},&quot;classic_row_gap_mobile&quot;:{&quot;unit&quot;:&quot;px&quot;,&quot;size&quot;:&quot;&quot;,&quot;sizes&quot;:[]}}\" data-widget_type=\"posts.classic\">\n\t\t\t\t<div class=\"elementor-widget-container\">\n\t\t\t\t\t\t\t<div class=\"elementor-posts-container elementor-posts elementor-posts--skin-classic elementor-grid\" role=\"list\">\n\t\t\t\t<article class=\"elementor-post elementor-grid-item post-6506 post type-post status-publish format-standard hentry category-aktualnosci\" role=\"listitem\">\n\t\t\t\t<div class=\"elementor-post__text\">\n\t\t\t\t<h3 class=\"elementor-post__title\">\n\t\t\t<a href=\"https:\/\/www.moszczanica.pl\/index.php\/2026\/04\/28\/informacja-o-stypendium-socjalnym-na-2026r\/\" >\n\t\t\t\tInformacja o stypendium socjalnym na 2026r.\t\t\t<\/a>\n\t\t<\/h3>\n\t\t\t\t<div class=\"elementor-post__meta-data\">\n\t\t\t\t\t<span class=\"elementor-post-date\">\n\t\t\t2026-04-28\t\t<\/span>\n\t\t\t\t<\/div>\n\t\t\t\t<div class=\"elementor-post__excerpt\">\n\t\t\t<p>\u00a0 WARUNKI OTRZYMANIA STYPENDIUM Stypendium na wyr\u00f3wnanie szans edukacyjnych mo\u017ce by\u0107 przyznane uczniowi, kt\u00f3ry w p\u00f3\u0142roczu poprzedzaj\u0105cym jego przyznanie: a)<\/p>\n\t\t<\/div>\n\t\t\n\t\t<a class=\"elementor-post__read-more\" href=\"https:\/\/www.moszczanica.pl\/index.php\/2026\/04\/28\/informacja-o-stypendium-socjalnym-na-2026r\/\" aria-label=\"Read more about Informacja o stypendium socjalnym na 2026r.\" tabindex=\"-1\" >\n\t\t\tCzytaj wi\u0119cej\t\t<\/a>\n\n\t\t\t\t<\/div>\n\t\t\t\t<\/article>\n\t\t\t\t<article class=\"elementor-post elementor-grid-item post-6484 post type-post status-publish format-standard hentry category-aktualnosci category-projekty\" role=\"listitem\">\n\t\t\t\t<div class=\"elementor-post__text\">\n\t\t\t\t<h3 class=\"elementor-post__title\">\n\t\t\t<a href=\"https:\/\/www.moszczanica.pl\/index.php\/2026\/03\/13\/projekt-erasmus\/\" >\n\t\t\t\tProjekt Erasmus+\t\t\t<\/a>\n\t\t<\/h3>\n\t\t\t\t<div class=\"elementor-post__meta-data\">\n\t\t\t\t\t<span class=\"elementor-post-date\">\n\t\t\t2026-03-13\t\t<\/span>\n\t\t\t\t<\/div>\n\t\t\t\t<div class=\"elementor-post__excerpt\">\n\t\t\t<p>\u00a0 Circular Practices for Education in the Digital Universe (CircEdu) Nasza szko\u0142a bierze udzia\u0142 w mi\u0119dzynarodowym projekcie Erasmus+, kt\u00f3rego celem<\/p>\n\t\t<\/div>\n\t\t\n\t\t<a class=\"elementor-post__read-more\" href=\"https:\/\/www.moszczanica.pl\/index.php\/2026\/03\/13\/projekt-erasmus\/\" aria-label=\"Read more about Projekt Erasmus+\" tabindex=\"-1\" >\n\t\t\tCzytaj wi\u0119cej\t\t<\/a>\n\n\t\t\t\t<\/div>\n\t\t\t\t<\/article>\n\t\t\t\t<article class=\"elementor-post elementor-grid-item post-6456 post type-post status-publish format-standard hentry category-aktualnosci category-projekty\" role=\"listitem\">\n\t\t\t\t<div class=\"elementor-post__text\">\n\t\t\t\t<h3 class=\"elementor-post__title\">\n\t\t\t<a href=\"https:\/\/www.moszczanica.pl\/index.php\/2026\/02\/10\/oddzialy-przygotowania-wojskowego-2\/\" >\n\t\t\t\tProjekt akredytacyjny Erasmus+ dla nauczycieli\t\t\t<\/a>\n\t\t<\/h3>\n\t\t\t\t<div class=\"elementor-post__meta-data\">\n\t\t\t\t\t<span class=\"elementor-post-date\">\n\t\t\t2026-02-10\t\t<\/span>\n\t\t\t\t<\/div>\n\t\t\t\t<div class=\"elementor-post__excerpt\">\n\t\t\t<p>\u00a0 \u00a0 Dyrekcja Zespo\u0142u Szk\u00f3\u0142 Agrotechnicznych i Og\u00f3lnokszta\u0142c\u0105cych oraz Zesp\u00f3\u0142 ds. Erasmusa+ \u00a0serdecznie zapraszaj\u0105 nauczycieli do udzia\u0142u w projekcie akredytacyjnym<\/p>\n\t\t<\/div>\n\t\t\n\t\t<a class=\"elementor-post__read-more\" href=\"https:\/\/www.moszczanica.pl\/index.php\/2026\/02\/10\/oddzialy-przygotowania-wojskowego-2\/\" aria-label=\"Read more about Projekt akredytacyjny Erasmus+ dla nauczycieli\" tabindex=\"-1\" >\n\t\t\tCzytaj wi\u0119cej\t\t<\/a>\n\n\t\t\t\t<\/div>\n\t\t\t\t<\/article>\n\t\t\t\t<article class=\"elementor-post elementor-grid-item post-6397 post type-post status-publish format-standard hentry category-aktualnosci category-bez-kategorii\" role=\"listitem\">\n\t\t\t\t<div class=\"elementor-post__text\">\n\t\t\t\t<h3 class=\"elementor-post__title\">\n\t\t\t<a href=\"https:\/\/www.moszczanica.pl\/index.php\/2025\/12\/09\/konsultacje-dla-rodzicow\/\" >\n\t\t\t\tKonsultacje dla rodzic\u00f3w\t\t\t<\/a>\n\t\t<\/h3>\n\t\t\t\t<div class=\"elementor-post__meta-data\">\n\t\t\t\t\t<span class=\"elementor-post-date\">\n\t\t\t2025-12-09\t\t<\/span>\n\t\t\t\t<\/div>\n\t\t\t\t<div class=\"elementor-post__excerpt\">\n\t\t\t<p>Konsultacje dla rodzic\u00f3w Drodzy Rodzice!\u00a0Serdecznie zapraszamy na konsultacje.\u00a0 Data: 12.12.2025 r.\u00a0Godzina: od 15:15 do 17:00\u00a0 Miejsca spotka\u0144:\u00a0Z wychowawcami -wed\u0142ug przydzia\u0142u<\/p>\n\t\t<\/div>\n\t\t\n\t\t<a class=\"elementor-post__read-more\" href=\"https:\/\/www.moszczanica.pl\/index.php\/2025\/12\/09\/konsultacje-dla-rodzicow\/\" aria-label=\"Read more about Konsultacje dla rodzic\u00f3w\" tabindex=\"-1\" >\n\t\t\tCzytaj wi\u0119cej\t\t<\/a>\n\n\t\t\t\t<\/div>\n\t\t\t\t<\/article>\n\t\t\t\t<\/div>\n\t\t\n\t\t\t\t<div class=\"e-load-more-anchor\" data-page=\"1\" data-max-page=\"7\" data-next-page=\"https:\/\/www.moszczanica.pl\/index.php\/wp-json\/wp\/v2\/pages\/1699\/page\/2\/\"><\/div>\n\t\t\t\t<nav class=\"elementor-pagination\" aria-label=\"Pagination\">\n\t\t\t<span aria-current=\"page\" class=\"page-numbers current\"><span class=\"elementor-screen-only\">Page<\/span>1<\/span>\n<a class=\"page-numbers\" href=\"https:\/\/www.moszczanica.pl\/index.php\/wp-json\/wp\/v2\/pages\/1699\/page\/2\/\"><span class=\"elementor-screen-only\">Page<\/span>2<\/a>\n<a class=\"page-numbers\" href=\"https:\/\/www.moszczanica.pl\/index.php\/wp-json\/wp\/v2\/pages\/1699\/page\/3\/\"><span class=\"elementor-screen-only\">Page<\/span>3<\/a>\n<a class=\"page-numbers\" href=\"https:\/\/www.moszczanica.pl\/index.php\/wp-json\/wp\/v2\/pages\/1699\/page\/4\/\"><span class=\"elementor-screen-only\">Page<\/span>4<\/a>\n<a class=\"page-numbers\" href=\"https:\/\/www.moszczanica.pl\/index.php\/wp-json\/wp\/v2\/pages\/1699\/page\/5\/\"><span class=\"elementor-screen-only\">Page<\/span>5<\/a>\t\t<\/nav>\n\t\t\t\t\t\t<\/div>\n\t\t\t\t<\/div>\n\t\t\t\t<\/div>\n\t\t<div class=\"elementor-element elementor-element-86c7758 e-flex e-con-boxed e-con e-parent\" data-id=\"86c7758\" data-element_type=\"container\">\n\t\t\t\t\t<div class=\"e-con-inner\">\n\t\t\t\t\t<\/div>\n\t\t\t\t<\/div>\n\t\t<div class=\"elementor-element elementor-element-238a7ab e-flex e-con-boxed e-con e-parent\" data-id=\"238a7ab\" data-element_type=\"container\">\n\t\t\t\t\t<div class=\"e-con-inner\">\n\t\t\t\t\t<\/div>\n\t\t\t\t<\/div>\n\t\t\t\t<\/div>\n\t\t","protected":false},"excerpt":{"rendered":"<p>Aktualno\u015bci Strona jest w trakcie aktualizacji, dost\u0119p do starej znajdziesz pod tym adresem:https:\/\/moszczanica.pl\/old<\/p>\n","protected":false},"author":1,"featured_media":0,"parent":0,"menu_order":0,"comment_status":"closed","ping_status":"closed","template":"","meta":{"footnotes":""},"class_list":["post-1699","page","type-page","status-publish","hentry"],"_links":{"self":[{"href":"https:\/\/www.moszczanica.pl\/index.php\/wp-json\/wp\/v2\/pages\/1699","targetHints":{"allow":["GET"]}}],"collection":[{"href":"https:\/\/www.moszczanica.pl\/index.php\/wp-json\/wp\/v2\/pages"}],"about":[{"href":"https:\/\/www.moszczanica.pl\/index.php\/wp-json\/wp\/v2\/types\/page"}],"author":[{"embeddable":true,"href":"https:\/\/www.moszczanica.pl\/index.php\/wp-json\/wp\/v2\/users\/1"}],"replies":[{"embeddable":true,"href":"https:\/\/www.moszczanica.pl\/index.php\/wp-json\/wp\/v2\/comments?post=1699"}],"version-history":[{"count":190,"href":"https:\/\/www.moszczanica.pl\/index.php\/wp-json\/wp\/v2\/pages\/1699\/revisions"}],"predecessor-version":[{"id":5640,"href":"https:\/\/www.moszczanica.pl\/index.php\/wp-json\/wp\/v2\/pages\/1699\/revisions\/5640"}],"wp:attachment":[{"href":"https:\/\/www.moszczanica.pl\/index.php\/wp-json\/wp\/v2\/media?parent=1699"}],"curies":[{"name":"wp","href":"https:\/\/api.w.org\/{rel}","templated":true}]}}